{"id":1003,"date":"2019-09-24T14:16:02","date_gmt":"2019-09-24T12:16:02","guid":{"rendered":"http:\/\/www.trikomaseeds.com\/semillas\/boca-negra\/"},"modified":"2019-12-04T09:21:19","modified_gmt":"2019-12-04T08:21:19","slug":"boca-negra","status":"publish","type":"product","link":"https:\/\/www.trikomaseeds.com\/fr\/graines\/boca-negra\/","title":{"rendered":"Boca Negra"},"content":{"rendered":"<h3 class=\"dotted_title uppercase\">CARACT\u00c9RISTIQUES<\/h3>\n<ul class=\"check\">\n<li>G\u00e9n\u00e9tique: Yumbolt x Amnesia Haze<\/li>\n<li>G\u00e9notype: Sativa 75% -\/\/- Indica 25%<\/li>\n<li>Production int\u00e9rieure: 550 gr.\/m<sup>2<\/sup>\u00a0(Avec 600W de lumi\u00e8re)<\/li>\n<li>Production ext\u00e9rieure: 1 &#8211; 1,5 Kg.\/plante<\/li>\n<li>Floraison int\u00e9rieure: 85 jours<\/li>\n<li>Floraison ext\u00e9rieure: 4\/4 Octobre<\/li>\n<li>Floraison Am\u00e9rique latine: 4\/4 Avril<\/li>\n<\/ul>\n","protected":false},"excerpt":{"rendered":"<p align=\"justify\">Au d\u00e9but de l&rsquo;ann\u00e9e 2000 une vari\u00e9t\u00e9 \u00e9clata avec force : la Yumbolt, maintenant presque oubli\u00e9e ; Beaucoup la consid\u00e8rent Indica, mais pour nous c&rsquo;est Sativa. Une plante forte \u00e0 croissance rapide, une floraison de 85 jours et un go\u00fbt d&rsquo;agrumes. Elle atteint une grande taille et produit des bourgeons fins et longs. C&rsquo;est une vari\u00e9t\u00e9 qui apporte un air frais diff\u00e9rent du march\u00e9 actuel.<\/p>\n<p><strong>THC:\u00a0<span class=\"destacado\">20%<\/span><\/strong><\/p>\n","protected":false},"featured_media":593,"comment_status":"open","ping_status":"closed","template":"","meta":[],"product_cat":[94],"product_tag":[358],"class_list":{"0":"post-1003","1":"product","2":"type-product","3":"status-publish","4":"has-post-thumbnail","6":"product_cat-feminisee","7":"product_tag-feminisee-fr","9":"first","10":"instock","11":"shipping-taxable","12":"purchasable","13":"product-type-variable","14":"has-default-attributes"},"yoast_head":"<!-- This site is optimized with the Yoast SEO plugin v25.6 - https:\/\/yoast.com\/wordpress\/plugins\/seo\/ -->\n<title>Boca Negra: graines de marijuana de Trikoma Seeds<\/title>\n<meta name=\"description\" content=\"Boca Negra: graines de marijuana de Trikoma Seeds. Cultivez vos graines de cannabis f\u00e9minis\u00e9es, autofleurissantes ou CBD au meilleur prix. Livraison discr\u00e8te et s\u00e9curis\u00e9e \u00e0 votre pays.\" \/>\n<meta name=\"robots\" content=\"index, follow, max-snippet:-1, max-image-preview:large, max-video-preview:-1\" \/>\n<link rel=\"canonical\" href=\"https:\/\/www.trikomaseeds.com\/fr\/graines\/boca-negra\/\" \/>\n<meta property=\"og:locale\" content=\"fr_FR\" \/>\n<meta property=\"og:type\" content=\"article\" \/>\n<meta property=\"og:title\" content=\"Boca Negra: graines de marijuana de Trikoma Seeds\" \/>\n<meta property=\"og:description\" content=\"Boca Negra: graines de marijuana de Trikoma Seeds. Cultivez vos graines de cannabis f\u00e9minis\u00e9es, autofleurissantes ou CBD au meilleur prix. Livraison discr\u00e8te et s\u00e9curis\u00e9e \u00e0 votre pays.\" \/>\n<meta property=\"og:url\" content=\"https:\/\/www.trikomaseeds.com\/fr\/graines\/boca-negra\/\" \/>\n<meta property=\"og:site_name\" content=\"Trikoma Seeds\" \/>\n<meta property=\"article:modified_time\" content=\"2019-12-04T08:21:19+00:00\" \/>\n<meta property=\"og:image\" content=\"https:\/\/www.trikomaseeds.com\/wp-content\/uploads\/2019\/09\/bocanegra_-800x800-1.jpg\" \/>\n\t<meta property=\"og:image:width\" content=\"800\" \/>\n\t<meta property=\"og:image:height\" content=\"800\" \/>\n\t<meta property=\"og:image:type\" content=\"image\/jpeg\" \/>\n<meta name=\"twitter:card\" content=\"summary_large_image\" \/>\n<script type=\"application\/ld+json\" class=\"yoast-schema-graph\">{\"@context\":\"https:\/\/schema.org\",\"@graph\":[{\"@type\":\"WebPage\",\"@id\":\"https:\/\/www.trikomaseeds.com\/fr\/graines\/boca-negra\/\",\"url\":\"https:\/\/www.trikomaseeds.com\/fr\/graines\/boca-negra\/\",\"name\":\"Boca Negra: graines de marijuana de Trikoma Seeds\",\"isPartOf\":{\"@id\":\"https:\/\/www.trikomaseeds.com\/fr\/#website\"},\"primaryImageOfPage\":{\"@id\":\"https:\/\/www.trikomaseeds.com\/fr\/graines\/boca-negra\/#primaryimage\"},\"image\":{\"@id\":\"https:\/\/www.trikomaseeds.com\/fr\/graines\/boca-negra\/#primaryimage\"},\"thumbnailUrl\":\"https:\/\/www.trikomaseeds.com\/wp-content\/uploads\/2019\/09\/bocanegra_-800x800-1.jpg\",\"datePublished\":\"2019-09-24T12:16:02+00:00\",\"dateModified\":\"2019-12-04T08:21:19+00:00\",\"description\":\"Boca Negra: graines de marijuana de Trikoma Seeds. Cultivez vos graines de cannabis f\u00e9minis\u00e9es, autofleurissantes ou CBD au meilleur prix. Livraison discr\u00e8te et s\u00e9curis\u00e9e \u00e0 votre pays.\",\"breadcrumb\":{\"@id\":\"https:\/\/www.trikomaseeds.com\/fr\/graines\/boca-negra\/#breadcrumb\"},\"inLanguage\":\"fr-FR\",\"potentialAction\":[{\"@type\":\"ReadAction\",\"target\":[\"https:\/\/www.trikomaseeds.com\/fr\/graines\/boca-negra\/\"]}]},{\"@type\":\"ImageObject\",\"inLanguage\":\"fr-FR\",\"@id\":\"https:\/\/www.trikomaseeds.com\/fr\/graines\/boca-negra\/#primaryimage\",\"url\":\"https:\/\/www.trikomaseeds.com\/wp-content\/uploads\/2019\/09\/bocanegra_-800x800-1.jpg\",\"contentUrl\":\"https:\/\/www.trikomaseeds.com\/wp-content\/uploads\/2019\/09\/bocanegra_-800x800-1.jpg\",\"width\":800,\"height\":800},{\"@type\":\"BreadcrumbList\",\"@id\":\"https:\/\/www.trikomaseeds.com\/fr\/graines\/boca-negra\/#breadcrumb\",\"itemListElement\":[{\"@type\":\"ListItem\",\"position\":1,\"name\":\"Portada\",\"item\":\"https:\/\/www.trikomaseeds.com\/fr\/\"},{\"@type\":\"ListItem\",\"position\":2,\"name\":\"Shop\",\"item\":\"https:\/\/www.trikomaseeds.com\/fr\/shop\/\"},{\"@type\":\"ListItem\",\"position\":3,\"name\":\"Boca Negra\"}]},{\"@type\":\"WebSite\",\"@id\":\"https:\/\/www.trikomaseeds.com\/fr\/#website\",\"url\":\"https:\/\/www.trikomaseeds.com\/fr\/\",\"name\":\"Trikoma Seeds\",\"description\":\"Semillas de Marihuana Auto, Feminizadas y medicinales\",\"potentialAction\":[{\"@type\":\"SearchAction\",\"target\":{\"@type\":\"EntryPoint\",\"urlTemplate\":\"https:\/\/www.trikomaseeds.com\/fr\/?s={search_term_string}\"},\"query-input\":{\"@type\":\"PropertyValueSpecification\",\"valueRequired\":true,\"valueName\":\"search_term_string\"}}],\"inLanguage\":\"fr-FR\"}]}<\/script>\n<!-- \/ Yoast SEO plugin. -->","yoast_head_json":{"title":"Boca Negra: graines de marijuana de Trikoma Seeds","description":"Boca Negra: graines de marijuana de Trikoma Seeds. Cultivez vos graines de cannabis f\u00e9minis\u00e9es, autofleurissantes ou CBD au meilleur prix. Livraison discr\u00e8te et s\u00e9curis\u00e9e \u00e0 votre pays.","robots":{"index":"index","follow":"follow","max-snippet":"max-snippet:-1","max-image-preview":"max-image-preview:large","max-video-preview":"max-video-preview:-1"},"canonical":"https:\/\/www.trikomaseeds.com\/fr\/graines\/boca-negra\/","og_locale":"fr_FR","og_type":"article","og_title":"Boca Negra: graines de marijuana de Trikoma Seeds","og_description":"Boca Negra: graines de marijuana de Trikoma Seeds. Cultivez vos graines de cannabis f\u00e9minis\u00e9es, autofleurissantes ou CBD au meilleur prix. Livraison discr\u00e8te et s\u00e9curis\u00e9e \u00e0 votre pays.","og_url":"https:\/\/www.trikomaseeds.com\/fr\/graines\/boca-negra\/","og_site_name":"Trikoma Seeds","article_modified_time":"2019-12-04T08:21:19+00:00","og_image":[{"width":800,"height":800,"url":"https:\/\/www.trikomaseeds.com\/wp-content\/uploads\/2019\/09\/bocanegra_-800x800-1.jpg","type":"image\/jpeg"}],"twitter_card":"summary_large_image","schema":{"@context":"https:\/\/schema.org","@graph":[{"@type":"WebPage","@id":"https:\/\/www.trikomaseeds.com\/fr\/graines\/boca-negra\/","url":"https:\/\/www.trikomaseeds.com\/fr\/graines\/boca-negra\/","name":"Boca Negra: graines de marijuana de Trikoma Seeds","isPartOf":{"@id":"https:\/\/www.trikomaseeds.com\/fr\/#website"},"primaryImageOfPage":{"@id":"https:\/\/www.trikomaseeds.com\/fr\/graines\/boca-negra\/#primaryimage"},"image":{"@id":"https:\/\/www.trikomaseeds.com\/fr\/graines\/boca-negra\/#primaryimage"},"thumbnailUrl":"https:\/\/www.trikomaseeds.com\/wp-content\/uploads\/2019\/09\/bocanegra_-800x800-1.jpg","datePublished":"2019-09-24T12:16:02+00:00","dateModified":"2019-12-04T08:21:19+00:00","description":"Boca Negra: graines de marijuana de Trikoma Seeds. Cultivez vos graines de cannabis f\u00e9minis\u00e9es, autofleurissantes ou CBD au meilleur prix. Livraison discr\u00e8te et s\u00e9curis\u00e9e \u00e0 votre pays.","breadcrumb":{"@id":"https:\/\/www.trikomaseeds.com\/fr\/graines\/boca-negra\/#breadcrumb"},"inLanguage":"fr-FR","potentialAction":[{"@type":"ReadAction","target":["https:\/\/www.trikomaseeds.com\/fr\/graines\/boca-negra\/"]}]},{"@type":"ImageObject","inLanguage":"fr-FR","@id":"https:\/\/www.trikomaseeds.com\/fr\/graines\/boca-negra\/#primaryimage","url":"https:\/\/www.trikomaseeds.com\/wp-content\/uploads\/2019\/09\/bocanegra_-800x800-1.jpg","contentUrl":"https:\/\/www.trikomaseeds.com\/wp-content\/uploads\/2019\/09\/bocanegra_-800x800-1.jpg","width":800,"height":800},{"@type":"BreadcrumbList","@id":"https:\/\/www.trikomaseeds.com\/fr\/graines\/boca-negra\/#breadcrumb","itemListElement":[{"@type":"ListItem","position":1,"name":"Portada","item":"https:\/\/www.trikomaseeds.com\/fr\/"},{"@type":"ListItem","position":2,"name":"Shop","item":"https:\/\/www.trikomaseeds.com\/fr\/shop\/"},{"@type":"ListItem","position":3,"name":"Boca Negra"}]},{"@type":"WebSite","@id":"https:\/\/www.trikomaseeds.com\/fr\/#website","url":"https:\/\/www.trikomaseeds.com\/fr\/","name":"Trikoma Seeds","description":"Semillas de Marihuana Auto, Feminizadas y medicinales","potentialAction":[{"@type":"SearchAction","target":{"@type":"EntryPoint","urlTemplate":"https:\/\/www.trikomaseeds.com\/fr\/?s={search_term_string}"},"query-input":{"@type":"PropertyValueSpecification","valueRequired":true,"valueName":"search_term_string"}}],"inLanguage":"fr-FR"}]}},"_links":{"self":[{"href":"https:\/\/www.trikomaseeds.com\/fr\/wp-json\/wp\/v2\/product\/1003","targetHints":{"allow":["GET"]}}],"collection":[{"href":"https:\/\/www.trikomaseeds.com\/fr\/wp-json\/wp\/v2\/product"}],"about":[{"href":"https:\/\/www.trikomaseeds.com\/fr\/wp-json\/wp\/v2\/types\/product"}],"replies":[{"embeddable":true,"href":"https:\/\/www.trikomaseeds.com\/fr\/wp-json\/wp\/v2\/comments?post=1003"}],"wp:featuredmedia":[{"embeddable":true,"href":"https:\/\/www.trikomaseeds.com\/fr\/wp-json\/wp\/v2\/media\/593"}],"wp:attachment":[{"href":"https:\/\/www.trikomaseeds.com\/fr\/wp-json\/wp\/v2\/media?parent=1003"}],"wp:term":[{"taxonomy":"product_cat","embeddable":true,"href":"https:\/\/www.trikomaseeds.com\/fr\/wp-json\/wp\/v2\/product_cat?post=1003"},{"taxonomy":"product_tag","embeddable":true,"href":"https:\/\/www.trikomaseeds.com\/fr\/wp-json\/wp\/v2\/product_tag?post=1003"}],"curies":[{"name":"wp","href":"https:\/\/api.w.org\/{rel}","templated":true}]}}