{"id":2375,"date":"2019-11-14T11:31:31","date_gmt":"2019-11-14T10:31:31","guid":{"rendered":"http:\/\/www.trikomaseeds.com\/?page_id=2375"},"modified":"2021-05-27T16:53:32","modified_gmt":"2021-05-27T14:53:32","slug":"boutique-2","status":"publish","type":"page","link":"https:\/\/www.trikomaseeds.com\/fr\/boutique-2\/","title":{"rendered":"Catalogue"},"content":{"rendered":"<p>Catalogue<\/p>\n<p><a class=\"btn btn-catalog\" href=\"https:\/\/www.trikomaseeds.com\/wp-content\/uploads\/2020\/09\/catalogotrikoma_italiano_frances_2020_web_compressed.pdf\" target=\"blank\" rel=\"noopener noreferrer\">T\u00e9l\u00e9chargez notre catalogue ici!<\/a><\/p>\n<p><a class=\"btn btn-catalog\" href=\"https:\/\/www.trikomaseeds.com\/wp-content\/uploads\/2021\/05\/trikoma_usastrains_frances_web_compressed.pdf\" target=\"blank\" rel=\"noopener noreferrer\">T\u00c9L\u00c9CHARGER LE CATALOGUE AMERICAN STRAIN<\/a><\/p>\n<p><a href=\"https:\/\/www.trikomaseeds.com\/wp-content\/uploads\/2020\/09\/catalogotrikoma_italiano_frances_2020_web_compressed.pdf\" target=\"blank\" rel=\"noopener noreferrer\"><br \/>\n<img decoding=\"async\" class=\"lazyload size-800 wp-image-122 aligncenter\" src=\"data:image\/svg+xml,%3Csvg%20xmlns%3D%27http%3A%2F%2Fwww.w3.org%2F2000%2Fsvg%27%20width%3D%27800%27%20height%3D%27927%27%20viewBox%3D%270%200%20800%20927%27%3E%3Crect%20width%3D%27800%27%20height%3D%27927%27%20fill-opacity%3D%220%22%2F%3E%3C%2Fsvg%3E\" data-orig-src=\"https:\/\/www.trikomaseeds.com\/wp-content\/uploads\/2020\/09\/catalogo_trikoma_2020_3it_fr.jpg\" alt=\"catalogue de Trikoma Seed\" width=\"800\" height=\"927\" \/><\/a><\/p>\n","protected":false},"excerpt":{"rendered":"<p>Catalogue T\u00e9l\u00e9chargez notre catalogue ici! T\u00c9L\u00c9CHARGER LE CATALOGUE AMERICAN STRAIN<\/p>\n","protected":false},"author":1,"featured_media":0,"parent":0,"menu_order":0,"comment_status":"closed","ping_status":"closed","template":"","meta":{"footnotes":""},"class_list":["post-2375","page","type-page","status-publish","hentry"],"yoast_head":"<!-- This site is optimized with the Yoast SEO plugin v25.6 - https:\/\/yoast.com\/wordpress\/plugins\/seo\/ -->\n<title>Catalogue - Trikoma Seeds<\/title>\n<meta name=\"description\" content=\"Catalogue de la banque de graines de Trikoma Seeds, toutes sortes de graines de marijuana: f\u00e9minis\u00e9es, autofloraison et m\u00e9dicinales. Envois rapides et discrets.\" \/>\n<meta name=\"robots\" content=\"noindex, follow\" \/>\n<meta property=\"og:locale\" content=\"fr_FR\" \/>\n<meta property=\"og:type\" content=\"article\" \/>\n<meta property=\"og:title\" content=\"Catalogue - Trikoma Seeds\" \/>\n<meta property=\"og:description\" content=\"Catalogue de la banque de graines de Trikoma Seeds, toutes sortes de graines de marijuana: f\u00e9minis\u00e9es, autofloraison et m\u00e9dicinales. Envois rapides et discrets.\" \/>\n<meta property=\"og:url\" content=\"https:\/\/www.trikomaseeds.com\/fr\/boutique-2\/\" \/>\n<meta property=\"og:site_name\" content=\"Trikoma Seeds\" \/>\n<meta property=\"article:modified_time\" content=\"2021-05-27T14:53:32+00:00\" \/>\n<meta property=\"og:image\" content=\"https:\/\/www.trikomaseeds.com\/wp-content\/uploads\/2020\/09\/catalogo_trikoma_2020_3it_fr.jpg\" \/>\n<meta name=\"twitter:card\" content=\"summary_large_image\" \/>\n<script type=\"application\/ld+json\" class=\"yoast-schema-graph\">{\"@context\":\"https:\/\/schema.org\",\"@graph\":[{\"@type\":\"WebPage\",\"@id\":\"https:\/\/www.trikomaseeds.com\/fr\/boutique-2\/\",\"url\":\"https:\/\/www.trikomaseeds.com\/fr\/boutique-2\/\",\"name\":\"Catalogue - Trikoma Seeds\",\"isPartOf\":{\"@id\":\"https:\/\/www.trikomaseeds.com\/fr\/#website\"},\"primaryImageOfPage\":{\"@id\":\"https:\/\/www.trikomaseeds.com\/fr\/boutique-2\/#primaryimage\"},\"image\":{\"@id\":\"https:\/\/www.trikomaseeds.com\/fr\/boutique-2\/#primaryimage\"},\"thumbnailUrl\":\"https:\/\/www.trikomaseeds.com\/wp-content\/uploads\/2020\/09\/catalogo_trikoma_2020_3it_fr.jpg\",\"datePublished\":\"2019-11-14T10:31:31+00:00\",\"dateModified\":\"2021-05-27T14:53:32+00:00\",\"description\":\"Catalogue de la banque de graines de Trikoma Seeds, toutes sortes de graines de marijuana: f\u00e9minis\u00e9es, autofloraison et m\u00e9dicinales. Envois rapides et discrets.\",\"breadcrumb\":{\"@id\":\"https:\/\/www.trikomaseeds.com\/fr\/boutique-2\/#breadcrumb\"},\"inLanguage\":\"fr-FR\",\"potentialAction\":[{\"@type\":\"ReadAction\",\"target\":[\"https:\/\/www.trikomaseeds.com\/fr\/boutique-2\/\"]}]},{\"@type\":\"ImageObject\",\"inLanguage\":\"fr-FR\",\"@id\":\"https:\/\/www.trikomaseeds.com\/fr\/boutique-2\/#primaryimage\",\"url\":\"https:\/\/www.trikomaseeds.com\/wp-content\/uploads\/2020\/09\/catalogo_trikoma_2020_3it_fr.jpg\",\"contentUrl\":\"https:\/\/www.trikomaseeds.com\/wp-content\/uploads\/2020\/09\/catalogo_trikoma_2020_3it_fr.jpg\"},{\"@type\":\"BreadcrumbList\",\"@id\":\"https:\/\/www.trikomaseeds.com\/fr\/boutique-2\/#breadcrumb\",\"itemListElement\":[{\"@type\":\"ListItem\",\"position\":1,\"name\":\"Portada\",\"item\":\"https:\/\/www.trikomaseeds.com\/fr\/\"},{\"@type\":\"ListItem\",\"position\":2,\"name\":\"Catalogue\"}]},{\"@type\":\"WebSite\",\"@id\":\"https:\/\/www.trikomaseeds.com\/fr\/#website\",\"url\":\"https:\/\/www.trikomaseeds.com\/fr\/\",\"name\":\"Trikoma Seeds\",\"description\":\"Semillas de Marihuana Auto, Feminizadas y medicinales\",\"potentialAction\":[{\"@type\":\"SearchAction\",\"target\":{\"@type\":\"EntryPoint\",\"urlTemplate\":\"https:\/\/www.trikomaseeds.com\/fr\/?s={search_term_string}\"},\"query-input\":{\"@type\":\"PropertyValueSpecification\",\"valueRequired\":true,\"valueName\":\"search_term_string\"}}],\"inLanguage\":\"fr-FR\"}]}<\/script>\n<!-- \/ Yoast SEO plugin. -->","yoast_head_json":{"title":"Catalogue - Trikoma Seeds","description":"Catalogue de la banque de graines de Trikoma Seeds, toutes sortes de graines de marijuana: f\u00e9minis\u00e9es, autofloraison et m\u00e9dicinales. Envois rapides et discrets.","robots":{"index":"noindex","follow":"follow"},"og_locale":"fr_FR","og_type":"article","og_title":"Catalogue - Trikoma Seeds","og_description":"Catalogue de la banque de graines de Trikoma Seeds, toutes sortes de graines de marijuana: f\u00e9minis\u00e9es, autofloraison et m\u00e9dicinales. Envois rapides et discrets.","og_url":"https:\/\/www.trikomaseeds.com\/fr\/boutique-2\/","og_site_name":"Trikoma Seeds","article_modified_time":"2021-05-27T14:53:32+00:00","og_image":[{"url":"https:\/\/www.trikomaseeds.com\/wp-content\/uploads\/2020\/09\/catalogo_trikoma_2020_3it_fr.jpg","type":"","width":"","height":""}],"twitter_card":"summary_large_image","schema":{"@context":"https:\/\/schema.org","@graph":[{"@type":"WebPage","@id":"https:\/\/www.trikomaseeds.com\/fr\/boutique-2\/","url":"https:\/\/www.trikomaseeds.com\/fr\/boutique-2\/","name":"Catalogue - Trikoma Seeds","isPartOf":{"@id":"https:\/\/www.trikomaseeds.com\/fr\/#website"},"primaryImageOfPage":{"@id":"https:\/\/www.trikomaseeds.com\/fr\/boutique-2\/#primaryimage"},"image":{"@id":"https:\/\/www.trikomaseeds.com\/fr\/boutique-2\/#primaryimage"},"thumbnailUrl":"https:\/\/www.trikomaseeds.com\/wp-content\/uploads\/2020\/09\/catalogo_trikoma_2020_3it_fr.jpg","datePublished":"2019-11-14T10:31:31+00:00","dateModified":"2021-05-27T14:53:32+00:00","description":"Catalogue de la banque de graines de Trikoma Seeds, toutes sortes de graines de marijuana: f\u00e9minis\u00e9es, autofloraison et m\u00e9dicinales. Envois rapides et discrets.","breadcrumb":{"@id":"https:\/\/www.trikomaseeds.com\/fr\/boutique-2\/#breadcrumb"},"inLanguage":"fr-FR","potentialAction":[{"@type":"ReadAction","target":["https:\/\/www.trikomaseeds.com\/fr\/boutique-2\/"]}]},{"@type":"ImageObject","inLanguage":"fr-FR","@id":"https:\/\/www.trikomaseeds.com\/fr\/boutique-2\/#primaryimage","url":"https:\/\/www.trikomaseeds.com\/wp-content\/uploads\/2020\/09\/catalogo_trikoma_2020_3it_fr.jpg","contentUrl":"https:\/\/www.trikomaseeds.com\/wp-content\/uploads\/2020\/09\/catalogo_trikoma_2020_3it_fr.jpg"},{"@type":"BreadcrumbList","@id":"https:\/\/www.trikomaseeds.com\/fr\/boutique-2\/#breadcrumb","itemListElement":[{"@type":"ListItem","position":1,"name":"Portada","item":"https:\/\/www.trikomaseeds.com\/fr\/"},{"@type":"ListItem","position":2,"name":"Catalogue"}]},{"@type":"WebSite","@id":"https:\/\/www.trikomaseeds.com\/fr\/#website","url":"https:\/\/www.trikomaseeds.com\/fr\/","name":"Trikoma Seeds","description":"Semillas de Marihuana Auto, Feminizadas y medicinales","potentialAction":[{"@type":"SearchAction","target":{"@type":"EntryPoint","urlTemplate":"https:\/\/www.trikomaseeds.com\/fr\/?s={search_term_string}"},"query-input":{"@type":"PropertyValueSpecification","valueRequired":true,"valueName":"search_term_string"}}],"inLanguage":"fr-FR"}]}},"_links":{"self":[{"href":"https:\/\/www.trikomaseeds.com\/fr\/wp-json\/wp\/v2\/pages\/2375","targetHints":{"allow":["GET"]}}],"collection":[{"href":"https:\/\/www.trikomaseeds.com\/fr\/wp-json\/wp\/v2\/pages"}],"about":[{"href":"https:\/\/www.trikomaseeds.com\/fr\/wp-json\/wp\/v2\/types\/page"}],"author":[{"embeddable":true,"href":"https:\/\/www.trikomaseeds.com\/fr\/wp-json\/wp\/v2\/users\/1"}],"replies":[{"embeddable":true,"href":"https:\/\/www.trikomaseeds.com\/fr\/wp-json\/wp\/v2\/comments?post=2375"}],"version-history":[{"count":0,"href":"https:\/\/www.trikomaseeds.com\/fr\/wp-json\/wp\/v2\/pages\/2375\/revisions"}],"wp:attachment":[{"href":"https:\/\/www.trikomaseeds.com\/fr\/wp-json\/wp\/v2\/media?parent=2375"}],"curies":[{"name":"wp","href":"https:\/\/api.w.org\/{rel}","templated":true}]}}