{"id":1805,"date":"2019-09-24T15:38:04","date_gmt":"2019-09-24T13:38:04","guid":{"rendered":"http:\/\/www.trikomaseeds.com\/devolucion-de-productos\/"},"modified":"2020-01-07T13:31:41","modified_gmt":"2020-01-07T12:31:41","slug":"retours","status":"publish","type":"page","link":"https:\/\/www.trikomaseeds.com\/fr\/retours\/","title":{"rendered":"Retours"},"content":{"rendered":"<div class=\"fusion-fullwidth fullwidth-box fusion-builder-row-1 fusion-flex-container nonhundred-percent-fullwidth non-hundred-percent-height-scrolling\" style=\"--awb-border-radius-top-left:0px;--awb-border-radius-top-right:0px;--awb-border-radius-bottom-right:0px;--awb-border-radius-bottom-left:0px;--awb-flex-wrap:wrap;\" ><div class=\"fusion-builder-row fusion-row fusion-flex-align-items-flex-start fusion-flex-content-wrap\" style=\"max-width:calc( 1300px + 0px );margin-left: calc(-0px \/ 2 );margin-right: calc(-0px \/ 2 );\"><div class=\"fusion-layout-column fusion_builder_column fusion-builder-column-0 fusion_builder_column_1_1 1_1 fusion-flex-column\" style=\"--awb-bg-size:cover;--awb-width-large:100%;--awb-margin-top-large:0px;--awb-spacing-right-large:0px;--awb-margin-bottom-large:20px;--awb-spacing-left-large:0px;--awb-width-medium:100%;--awb-spacing-right-medium:0px;--awb-spacing-left-medium:0px;--awb-width-small:100%;--awb-spacing-right-small:0px;--awb-spacing-left-small:0px;\"><div class=\"fusion-column-wrapper fusion-column-has-shadow fusion-flex-justify-content-flex-start fusion-content-layout-column\"><div class=\"fusion-text fusion-text-1\"><p>Si vouz avez un probl\u00e8me avec un article qui n\u2019as pas \u00e9t\u00e9 r\u00e9solu par notre support technique ou l\u2019\u00e9quipe de ventes vouz pouvez le retourner dans un d\u00e9lai de 14 jours.<\/p>\n<p>Vous devez contacter l\u2019\u00e9quipe de Trikoma Seeds \u00e0 <a href=\"mailto:info@trikomaseeds.com\" data-mce-href=\"mailto:info@trikomaseeds.com\">info@trikomaseeds.com<\/a> en indiquant le produit \u00e0 retouner et le motif du retour. Nous vous r\u00e9pondrons dans un d\u00e9lai de 3 jours ouvrables en vous fournissant les instructions du retour. Le&nbsp;frais d\u2019envoi sont \u00e0 notre charge si le retour est \u00e0 cause d\u2019un erreur ou d\u00e9faut de l\u2019article, sinon le client&nbsp;prendra les frais \u00e0 sa charge.<\/p>\n<p>Les produits doivent \u00eatre retourn\u00e9s dans leur emballage d&rsquo;origine ou similaire. Les demandes de produits qui arrivent endommag\u00e9s en raison d&rsquo;un emballage insuffisant ne seront pas satisfaites.<\/p>\n<\/div><\/div><\/div><\/div><\/div>\n","protected":false},"excerpt":{"rendered":"","protected":false},"author":1,"featured_media":0,"parent":0,"menu_order":0,"comment_status":"closed","ping_status":"closed","template":"","meta":{"footnotes":""},"class_list":["post-1805","page","type-page","status-publish","hentry"],"yoast_head":"<!-- This site is optimized with the Yoast SEO plugin v25.6 - https:\/\/yoast.com\/wordpress\/plugins\/seo\/ -->\n<title>Retours - Trikoma Seeds<\/title>\n<meta name=\"description\" content=\"Politique de retour des produits de la banque de semences Trikoma Seeds. Tout ce que vous devez savoir pour effectuer votre retour facilement.\" \/>\n<meta name=\"robots\" content=\"noindex, follow\" \/>\n<meta property=\"og:locale\" content=\"fr_FR\" \/>\n<meta property=\"og:type\" content=\"article\" \/>\n<meta property=\"og:title\" content=\"Retours - Trikoma Seeds\" \/>\n<meta property=\"og:description\" content=\"Politique de retour des produits de la banque de semences Trikoma Seeds. Tout ce que vous devez savoir pour effectuer votre retour facilement.\" \/>\n<meta property=\"og:url\" content=\"https:\/\/www.trikomaseeds.com\/fr\/retours\/\" \/>\n<meta property=\"og:site_name\" content=\"Trikoma Seeds\" \/>\n<meta property=\"article:modified_time\" content=\"2020-01-07T12:31:41+00:00\" \/>\n<meta name=\"twitter:card\" content=\"summary_large_image\" \/>\n<meta name=\"twitter:label1\" content=\"Dur\u00e9e de lecture estim\u00e9e\" \/>\n\t<meta name=\"twitter:data1\" content=\"2 minutes\" \/>\n<script type=\"application\/ld+json\" class=\"yoast-schema-graph\">{\"@context\":\"https:\/\/schema.org\",\"@graph\":[{\"@type\":\"WebPage\",\"@id\":\"https:\/\/www.trikomaseeds.com\/fr\/retours\/\",\"url\":\"https:\/\/www.trikomaseeds.com\/fr\/retours\/\",\"name\":\"Retours - Trikoma Seeds\",\"isPartOf\":{\"@id\":\"https:\/\/www.trikomaseeds.com\/fr\/#website\"},\"datePublished\":\"2019-09-24T13:38:04+00:00\",\"dateModified\":\"2020-01-07T12:31:41+00:00\",\"description\":\"Politique de retour des produits de la banque de semences Trikoma Seeds. Tout ce que vous devez savoir pour effectuer votre retour facilement.\",\"breadcrumb\":{\"@id\":\"https:\/\/www.trikomaseeds.com\/fr\/retours\/#breadcrumb\"},\"inLanguage\":\"fr-FR\",\"potentialAction\":[{\"@type\":\"ReadAction\",\"target\":[\"https:\/\/www.trikomaseeds.com\/fr\/retours\/\"]}]},{\"@type\":\"BreadcrumbList\",\"@id\":\"https:\/\/www.trikomaseeds.com\/fr\/retours\/#breadcrumb\",\"itemListElement\":[{\"@type\":\"ListItem\",\"position\":1,\"name\":\"Portada\",\"item\":\"https:\/\/www.trikomaseeds.com\/fr\/\"},{\"@type\":\"ListItem\",\"position\":2,\"name\":\"Retours\"}]},{\"@type\":\"WebSite\",\"@id\":\"https:\/\/www.trikomaseeds.com\/fr\/#website\",\"url\":\"https:\/\/www.trikomaseeds.com\/fr\/\",\"name\":\"Trikoma Seeds\",\"description\":\"Semillas de Marihuana Auto, Feminizadas y medicinales\",\"potentialAction\":[{\"@type\":\"SearchAction\",\"target\":{\"@type\":\"EntryPoint\",\"urlTemplate\":\"https:\/\/www.trikomaseeds.com\/fr\/?s={search_term_string}\"},\"query-input\":{\"@type\":\"PropertyValueSpecification\",\"valueRequired\":true,\"valueName\":\"search_term_string\"}}],\"inLanguage\":\"fr-FR\"}]}<\/script>\n<!-- \/ Yoast SEO plugin. -->","yoast_head_json":{"title":"Retours - Trikoma Seeds","description":"Politique de retour des produits de la banque de semences Trikoma Seeds. Tout ce que vous devez savoir pour effectuer votre retour facilement.","robots":{"index":"noindex","follow":"follow"},"og_locale":"fr_FR","og_type":"article","og_title":"Retours - Trikoma Seeds","og_description":"Politique de retour des produits de la banque de semences Trikoma Seeds. Tout ce que vous devez savoir pour effectuer votre retour facilement.","og_url":"https:\/\/www.trikomaseeds.com\/fr\/retours\/","og_site_name":"Trikoma Seeds","article_modified_time":"2020-01-07T12:31:41+00:00","twitter_card":"summary_large_image","twitter_misc":{"Dur\u00e9e de lecture estim\u00e9e":"2 minutes"},"schema":{"@context":"https:\/\/schema.org","@graph":[{"@type":"WebPage","@id":"https:\/\/www.trikomaseeds.com\/fr\/retours\/","url":"https:\/\/www.trikomaseeds.com\/fr\/retours\/","name":"Retours - Trikoma Seeds","isPartOf":{"@id":"https:\/\/www.trikomaseeds.com\/fr\/#website"},"datePublished":"2019-09-24T13:38:04+00:00","dateModified":"2020-01-07T12:31:41+00:00","description":"Politique de retour des produits de la banque de semences Trikoma Seeds. Tout ce que vous devez savoir pour effectuer votre retour facilement.","breadcrumb":{"@id":"https:\/\/www.trikomaseeds.com\/fr\/retours\/#breadcrumb"},"inLanguage":"fr-FR","potentialAction":[{"@type":"ReadAction","target":["https:\/\/www.trikomaseeds.com\/fr\/retours\/"]}]},{"@type":"BreadcrumbList","@id":"https:\/\/www.trikomaseeds.com\/fr\/retours\/#breadcrumb","itemListElement":[{"@type":"ListItem","position":1,"name":"Portada","item":"https:\/\/www.trikomaseeds.com\/fr\/"},{"@type":"ListItem","position":2,"name":"Retours"}]},{"@type":"WebSite","@id":"https:\/\/www.trikomaseeds.com\/fr\/#website","url":"https:\/\/www.trikomaseeds.com\/fr\/","name":"Trikoma Seeds","description":"Semillas de Marihuana Auto, Feminizadas y medicinales","potentialAction":[{"@type":"SearchAction","target":{"@type":"EntryPoint","urlTemplate":"https:\/\/www.trikomaseeds.com\/fr\/?s={search_term_string}"},"query-input":{"@type":"PropertyValueSpecification","valueRequired":true,"valueName":"search_term_string"}}],"inLanguage":"fr-FR"}]}},"_links":{"self":[{"href":"https:\/\/www.trikomaseeds.com\/fr\/wp-json\/wp\/v2\/pages\/1805","targetHints":{"allow":["GET"]}}],"collection":[{"href":"https:\/\/www.trikomaseeds.com\/fr\/wp-json\/wp\/v2\/pages"}],"about":[{"href":"https:\/\/www.trikomaseeds.com\/fr\/wp-json\/wp\/v2\/types\/page"}],"author":[{"embeddable":true,"href":"https:\/\/www.trikomaseeds.com\/fr\/wp-json\/wp\/v2\/users\/1"}],"replies":[{"embeddable":true,"href":"https:\/\/www.trikomaseeds.com\/fr\/wp-json\/wp\/v2\/comments?post=1805"}],"version-history":[{"count":0,"href":"https:\/\/www.trikomaseeds.com\/fr\/wp-json\/wp\/v2\/pages\/1805\/revisions"}],"wp:attachment":[{"href":"https:\/\/www.trikomaseeds.com\/fr\/wp-json\/wp\/v2\/media?parent=1805"}],"curies":[{"name":"wp","href":"https:\/\/api.w.org\/{rel}","templated":true}]}}