{"id":1740,"date":"2019-09-24T16:03:31","date_gmt":"2019-09-24T14:03:31","guid":{"rendered":"http:\/\/www.trikomaseeds.com\/trikoma-seeds\/"},"modified":"2025-01-27T14:27:43","modified_gmt":"2025-01-27T13:27:43","slug":"qui-nous-sommes","status":"publish","type":"page","link":"https:\/\/www.trikomaseeds.com\/fr\/qui-nous-sommes\/","title":{"rendered":"Qui nous sommes"},"content":{"rendered":"<div class=\"fusion-fullwidth fullwidth-box fusion-builder-row-1 fusion-flex-container nonhundred-percent-fullwidth non-hundred-percent-height-scrolling\" style=\"--awb-border-radius-top-left:0px;--awb-border-radius-top-right:0px;--awb-border-radius-bottom-right:0px;--awb-border-radius-bottom-left:0px;--awb-flex-wrap:wrap;\" ><div class=\"fusion-builder-row fusion-row fusion-flex-align-items-flex-start fusion-flex-content-wrap\" style=\"max-width:1352px;margin-left: calc(-4% \/ 2 );margin-right: calc(-4% \/ 2 );\"><div class=\"fusion-layout-column fusion_builder_column fusion-builder-column-0 fusion_builder_column_1_1 1_1 fusion-flex-column\" style=\"--awb-bg-size:cover;--awb-width-large:100%;--awb-margin-top-large:0px;--awb-spacing-right-large:1.92%;--awb-margin-bottom-large:20px;--awb-spacing-left-large:1.92%;--awb-width-medium:100%;--awb-spacing-right-medium:1.92%;--awb-spacing-left-medium:1.92%;--awb-width-small:100%;--awb-spacing-right-small:1.92%;--awb-spacing-left-small:1.92%;\"><div class=\"fusion-column-wrapper fusion-column-has-shadow fusion-flex-justify-content-flex-start fusion-content-layout-column\"><div class=\"fusion-text fusion-text-1\"><div class=\"container\">\n<div class=\"row\">\n<div id=\"content\" class=\"col-sm-9\">\n<h2>\u00c0 propos de nous<\/h2>\n<h3><strong>Notre mission<\/strong><\/h3>\n<p>Nous sommes une banque de semences situ\u00e9e \u00e0 Barcelone dont l&rsquo;int\u00e9r\u00eat principal est de proposer des semences de haute qualit\u00e9 \u00e0 des prix tr\u00e8s abordables. Nous mettons \u00e0 votre disposition une excellente g\u00e9n\u00e9tique, des vari\u00e9t\u00e9s qui sont sur le march\u00e9 \u00e0 des prix bien plus \u00e9lev\u00e9s.<br \/>\nToutes nos graines sont f\u00e9minis\u00e9es \u00e0 99,9%. Nous travaillons chaque ann\u00e9e \u00e0 am\u00e9liorer la g\u00e9n\u00e9tique en cr\u00e9ant des vari\u00e9t\u00e9s de plus en plus productives aux saveurs d\u00e9licieuses. Chez Trikoma Seeds, nous nous soucions d&rsquo;\u00e9voluer de mani\u00e8re \u00e9cologique et durable, en d\u00e9veloppant des vari\u00e9t\u00e9s qui s&rsquo;adaptent aux processus de culture des professionnels et des amateurs.<\/p>\n<h3><strong>Nos semences<\/strong><\/h3>\n<p>Toutes les plantes que nous proposons dans le catalogue ont \u00e9t\u00e9 cultiv\u00e9es par nos soins auparavant, en observant leur d\u00e9veloppement et leur croissance pour vous offrir une graine de haute qualit\u00e9 dans chaque g\u00e9n\u00e9tique. Les donn\u00e9es propos\u00e9es en termes de temps et de productions de chaque vari\u00e9t\u00e9 sont v\u00e9rifi\u00e9es dans des conditions de culture optimales.<br \/>\nChez Trikoma Seeds, nous ne sommes pas responsables de la mauvaise utilisation des semences. Nous faisons toujours confiance aux bonnes intentions des clients.<\/p>\n<p>Ce produit est r\u00e9serv\u00e9 aux moins de 18 ans.<\/p>\n<h3><strong> Nos tarifs<\/strong><\/h3>\n<p>Chez Trikoma Seeds nous vous proposons toutes nos vari\u00e9t\u00e9s avec un prix unique de 18 \u20ac pour 5 unit\u00e9s. Qualit\u00e9 maximale en termes de g\u00e9n\u00e9tique et de saveur \u00e0 un prix minimum. Une fois que vous aurez cultiv\u00e9 l&rsquo;une de nos graines, vous serez satisfait \u00e0 la fois de la qualit\u00e9 et de la quantit\u00e9 de la production.<br \/>\nVari\u00e9t\u00e9s classiques et identiques d&rsquo;autres banques \u00e0 des prix bien inf\u00e9rieurs avec la m\u00eame qualit\u00e9.<\/p>\n<p>Sinc\u00e8rement, l&rsquo;\u00e9quipe Trikoma Seeds.<\/p>\n<\/div>\n<\/div>\n<\/div>\n<\/div><\/div><\/div><\/div><\/div>\n","protected":false},"excerpt":{"rendered":"","protected":false},"author":1,"featured_media":0,"parent":0,"menu_order":0,"comment_status":"closed","ping_status":"closed","template":"","meta":{"footnotes":""},"class_list":["post-1740","page","type-page","status-publish","hentry"],"yoast_head":"<!-- This site is optimized with the Yoast SEO plugin v25.6 - https:\/\/yoast.com\/wordpress\/plugins\/seo\/ -->\n<title>Qui nous sommes - Trikoma Seeds<\/title>\n<meta name=\"robots\" content=\"noindex, follow\" \/>\n<meta property=\"og:locale\" content=\"fr_FR\" \/>\n<meta property=\"og:type\" content=\"article\" \/>\n<meta property=\"og:title\" content=\"Qui nous sommes - Trikoma Seeds\" \/>\n<meta property=\"og:url\" content=\"https:\/\/www.trikomaseeds.com\/fr\/qui-nous-sommes\/\" \/>\n<meta property=\"og:site_name\" content=\"Trikoma Seeds\" \/>\n<meta property=\"article:modified_time\" content=\"2025-01-27T13:27:43+00:00\" \/>\n<meta name=\"twitter:card\" content=\"summary_large_image\" \/>\n<meta name=\"twitter:label1\" content=\"Dur\u00e9e de lecture estim\u00e9e\" \/>\n\t<meta name=\"twitter:data1\" content=\"2 minutes\" \/>\n<script type=\"application\/ld+json\" class=\"yoast-schema-graph\">{\"@context\":\"https:\/\/schema.org\",\"@graph\":[{\"@type\":\"WebPage\",\"@id\":\"https:\/\/www.trikomaseeds.com\/fr\/qui-nous-sommes\/\",\"url\":\"https:\/\/www.trikomaseeds.com\/fr\/qui-nous-sommes\/\",\"name\":\"Qui nous sommes - Trikoma Seeds\",\"isPartOf\":{\"@id\":\"https:\/\/www.trikomaseeds.com\/fr\/#website\"},\"datePublished\":\"2019-09-24T14:03:31+00:00\",\"dateModified\":\"2025-01-27T13:27:43+00:00\",\"breadcrumb\":{\"@id\":\"https:\/\/www.trikomaseeds.com\/fr\/qui-nous-sommes\/#breadcrumb\"},\"inLanguage\":\"fr-FR\",\"potentialAction\":[{\"@type\":\"ReadAction\",\"target\":[\"https:\/\/www.trikomaseeds.com\/fr\/qui-nous-sommes\/\"]}]},{\"@type\":\"BreadcrumbList\",\"@id\":\"https:\/\/www.trikomaseeds.com\/fr\/qui-nous-sommes\/#breadcrumb\",\"itemListElement\":[{\"@type\":\"ListItem\",\"position\":1,\"name\":\"Portada\",\"item\":\"https:\/\/www.trikomaseeds.com\/fr\/\"},{\"@type\":\"ListItem\",\"position\":2,\"name\":\"Qui nous sommes\"}]},{\"@type\":\"WebSite\",\"@id\":\"https:\/\/www.trikomaseeds.com\/fr\/#website\",\"url\":\"https:\/\/www.trikomaseeds.com\/fr\/\",\"name\":\"Trikoma Seeds\",\"description\":\"Semillas de Marihuana Auto, Feminizadas y medicinales\",\"potentialAction\":[{\"@type\":\"SearchAction\",\"target\":{\"@type\":\"EntryPoint\",\"urlTemplate\":\"https:\/\/www.trikomaseeds.com\/fr\/?s={search_term_string}\"},\"query-input\":{\"@type\":\"PropertyValueSpecification\",\"valueRequired\":true,\"valueName\":\"search_term_string\"}}],\"inLanguage\":\"fr-FR\"}]}<\/script>\n<!-- \/ Yoast SEO plugin. -->","yoast_head_json":{"title":"Qui nous sommes - Trikoma Seeds","robots":{"index":"noindex","follow":"follow"},"og_locale":"fr_FR","og_type":"article","og_title":"Qui nous sommes - Trikoma Seeds","og_url":"https:\/\/www.trikomaseeds.com\/fr\/qui-nous-sommes\/","og_site_name":"Trikoma Seeds","article_modified_time":"2025-01-27T13:27:43+00:00","twitter_card":"summary_large_image","twitter_misc":{"Dur\u00e9e de lecture estim\u00e9e":"2 minutes"},"schema":{"@context":"https:\/\/schema.org","@graph":[{"@type":"WebPage","@id":"https:\/\/www.trikomaseeds.com\/fr\/qui-nous-sommes\/","url":"https:\/\/www.trikomaseeds.com\/fr\/qui-nous-sommes\/","name":"Qui nous sommes - Trikoma Seeds","isPartOf":{"@id":"https:\/\/www.trikomaseeds.com\/fr\/#website"},"datePublished":"2019-09-24T14:03:31+00:00","dateModified":"2025-01-27T13:27:43+00:00","breadcrumb":{"@id":"https:\/\/www.trikomaseeds.com\/fr\/qui-nous-sommes\/#breadcrumb"},"inLanguage":"fr-FR","potentialAction":[{"@type":"ReadAction","target":["https:\/\/www.trikomaseeds.com\/fr\/qui-nous-sommes\/"]}]},{"@type":"BreadcrumbList","@id":"https:\/\/www.trikomaseeds.com\/fr\/qui-nous-sommes\/#breadcrumb","itemListElement":[{"@type":"ListItem","position":1,"name":"Portada","item":"https:\/\/www.trikomaseeds.com\/fr\/"},{"@type":"ListItem","position":2,"name":"Qui nous sommes"}]},{"@type":"WebSite","@id":"https:\/\/www.trikomaseeds.com\/fr\/#website","url":"https:\/\/www.trikomaseeds.com\/fr\/","name":"Trikoma Seeds","description":"Semillas de Marihuana Auto, Feminizadas y medicinales","potentialAction":[{"@type":"SearchAction","target":{"@type":"EntryPoint","urlTemplate":"https:\/\/www.trikomaseeds.com\/fr\/?s={search_term_string}"},"query-input":{"@type":"PropertyValueSpecification","valueRequired":true,"valueName":"search_term_string"}}],"inLanguage":"fr-FR"}]}},"_links":{"self":[{"href":"https:\/\/www.trikomaseeds.com\/fr\/wp-json\/wp\/v2\/pages\/1740","targetHints":{"allow":["GET"]}}],"collection":[{"href":"https:\/\/www.trikomaseeds.com\/fr\/wp-json\/wp\/v2\/pages"}],"about":[{"href":"https:\/\/www.trikomaseeds.com\/fr\/wp-json\/wp\/v2\/types\/page"}],"author":[{"embeddable":true,"href":"https:\/\/www.trikomaseeds.com\/fr\/wp-json\/wp\/v2\/users\/1"}],"replies":[{"embeddable":true,"href":"https:\/\/www.trikomaseeds.com\/fr\/wp-json\/wp\/v2\/comments?post=1740"}],"version-history":[{"count":1,"href":"https:\/\/www.trikomaseeds.com\/fr\/wp-json\/wp\/v2\/pages\/1740\/revisions"}],"predecessor-version":[{"id":12194,"href":"https:\/\/www.trikomaseeds.com\/fr\/wp-json\/wp\/v2\/pages\/1740\/revisions\/12194"}],"wp:attachment":[{"href":"https:\/\/www.trikomaseeds.com\/fr\/wp-json\/wp\/v2\/media?parent=1740"}],"curies":[{"name":"wp","href":"https:\/\/api.w.org\/{rel}","templated":true}]}}