{"id":1654,"date":"2019-09-24T15:51:20","date_gmt":"2019-09-24T13:51:20","guid":{"rendered":"http:\/\/www.trikomaseeds.com\/condiciones-generales\/"},"modified":"2025-02-18T11:09:36","modified_gmt":"2025-02-18T10:09:36","slug":"conditions-generales","status":"publish","type":"page","link":"https:\/\/www.trikomaseeds.com\/fr\/conditions-generales\/","title":{"rendered":"Conditions g\u00e9n\u00e9rales"},"content":{"rendered":"<div class=\"fusion-fullwidth fullwidth-box fusion-builder-row-1 fusion-flex-container nonhundred-percent-fullwidth non-hundred-percent-height-scrolling\" style=\"--awb-border-radius-top-left:0px;--awb-border-radius-top-right:0px;--awb-border-radius-bottom-right:0px;--awb-border-radius-bottom-left:0px;--awb-flex-wrap:wrap;\" ><div class=\"fusion-builder-row fusion-row fusion-flex-align-items-flex-start fusion-flex-content-wrap\" style=\"max-width:1352px;margin-left: calc(-4% \/ 2 );margin-right: calc(-4% \/ 2 );\"><div class=\"fusion-layout-column fusion_builder_column fusion-builder-column-0 fusion_builder_column_1_1 1_1 fusion-flex-column\" style=\"--awb-bg-size:cover;--awb-width-large:100%;--awb-margin-top-large:0px;--awb-spacing-right-large:1.92%;--awb-margin-bottom-large:20px;--awb-spacing-left-large:1.92%;--awb-width-medium:100%;--awb-spacing-right-medium:1.92%;--awb-spacing-left-medium:1.92%;--awb-width-small:100%;--awb-spacing-right-small:1.92%;--awb-spacing-left-small:1.92%;\"><div class=\"fusion-column-wrapper fusion-column-has-shadow fusion-flex-justify-content-flex-start fusion-content-layout-column\"><div class=\"fusion-text fusion-text-1\"><ol>\n<li><strong><strong>Propri\u00e9t\u00e9 Intellectuelle du contenu<\/strong><\/strong>\n<ul style=\"margin: 1rem 0rem; padding: 0rem 1rem;\">\n<li><strong>Entreprise :<\/strong> Travel Nostrum SL<\/li>\n<li><strong>Adresse :<\/strong> C\/Roca Umbert, 15 bajos 08907-L\u2019Hospitalet de Llobregat Barcelone Catalogne<\/li>\n<\/ul>\n<p>Le contenu affich\u00e9 est la propri\u00e9t\u00e9 de TRIKOMA SEEDS, on ne permet pas \u00e0 des tiers sa utilisation gratuite, la modification, l&rsquo;exploitation, la reproduction, la distribution ou communication publique, le mat\u00e9riel graphique et l\u00b4 information, telles que des logos et d\u00b4information extraite de la banque de donn\u00e9es.\u00c0 moins que la d\u00e9claration expresse et pr\u00e9alable, l&rsquo;utilisateur ne doit pas obtenir ou t\u00e9l\u00e9charger tout le contenu existant dans ce web, ayant seulement le permis de le visualiser et la possibilit\u00e9 de faire des copies pour un usage personnel.<\/li>\n<li><strong><strong>Exclusion de responsabilit\u00e9 pour l&rsquo;information contenue dans les bases de donn\u00e9es.<\/strong><\/strong>La documentation contenue dans les bases de donn\u00e9es est toujours soumise aux caract\u00e9ristiques des produits et elle peut varier en termes de contenu ou d&rsquo;expression graphique.TRIKOMA SEEDS n&rsquo;est pas responsable des modifications ou des variations susceptibles d&rsquo;affecter les descriptions \/ propri\u00e9t\u00e9s des produits.<\/li>\n<li><strong><strong>L\u00e9gislation et juridiction<\/strong><\/strong>Les pr\u00e9sentes conditions g\u00e9n\u00e9rales seront interpr\u00e9t\u00e9es conform\u00e9ment \u00e0 la l\u00e9gislation en vigueur en Espagne \u00e0 ce sujet, qui sera appliqu\u00e9e subsidiairement dans tout ce qui n&rsquo;a pas \u00e9t\u00e9 pr\u00e9vu dans la m\u00eame. (Fondamentalement la loi 34\/2002 du 11 juillet sur les services d&rsquo;information et le commerce \u00e9lectronique).Le contenu est uniquement pour les utilisateurs de plus de 18 ans, l&rsquo;entr\u00e9e \u00e0 la page de TRIKOMA Seeds est r\u00e9serv\u00e9 aux adultes. En Espagne et une grande partie de l&rsquo;UE l&rsquo;\u00e2ge de la majorit\u00e9 est fix\u00e9 \u00e0 18 ans, s&rsquo;il vous pla\u00eet consultez votre l\u00e9gislation locale sur cette question et respectez-la.TRIKOMA Seeds n&rsquo;est pas responsable de l&rsquo;utilisation incorrecte ou des lacunes de la loi de chaque pays en ce qui concerne les produits qu&rsquo;on commercialise. Notre boutique en ligne est conforme \u00e0 la loi espagnole.Conseils juridiques g\u00e9n\u00e9raux: consulter la l\u00e9gislation de votre pays concernant les semences, les accessoires ou les produits li\u00e9s \u00e0 la culture du cannabis.\n<p>L&rsquo;importation, la possession et le trafic de graines de chanvre sont exempt\u00e9s de la r\u00e9glementation de la Convention unique sur les stup\u00e9fiants tenue \u00e0 Vienne en 1961, qui exclut les graines de cannabis de la liste des substances narcotiques sous contr\u00f4le international.<\/p>\n<p>Les r\u00e8glements et la l\u00e9gislation concernant les semences sont tr\u00e8s diff\u00e9rentes de pays \u00e0 pays. C\u00b4est pourquoi on vous demande de nous informer sur la r\u00e9glementation en vigueur \u00e0 l&rsquo;\u00e9gard . Dans de nombreux pays, comme l&rsquo;Espagne, l&rsquo;Italie, Hollande, Angleterre, Irlande, Autriche, Pologne, Canada, Japon ou Suisse, le commerce des graines de chanvre ne n\u00e9cessite pas d&rsquo;autorisation.<\/p>\n<p>Comme clients de TRIKOMA Seeds, on vous demande d&rsquo;accepter les conditions suivantes: TRIKOMA Seeds vend des graines de chanvre, ainsi que d&rsquo;autres articles de commerce tout \u00e0 fait l\u00e9gal en Espagne, mais toujours \u00e0 condition que ses clients ne les utilise \u00e0 d&rsquo;autres fins que la loi autorise. TRIKOMA Seeds n&rsquo;a pas l&rsquo;intention d\u00b4 inciter quiconque \u00e0 agir contre la loi. Nous pr\u00e9cisons express\u00e9ment que toute personne qui ach\u00e8te des graines \u00e0 trikomaseeds.com est responsable de ses propres actions futures. Nous d\u00e9clinons toute responsabilit\u00e9 en ce qui concerne cet aspect.<\/p>\n<p>TRIKOMA Seeds n&rsquo;a jamais autoris\u00e9 ni autorisera des tiers \u00e0 distribuer des semences en provenance d&rsquo;Asie ou dans les pays o\u00f9 le commerce des graines de chanvre \/ cannabis est ill\u00e9gal, donc nous d\u00e9clinons toute responsabilit\u00e9.<\/p>\n<p>Pour toute question juridique, veuillez noter que nos op\u00e9rations rel\u00e8vent de la juridiction du Tribunal de Barcelone et sont r\u00e9glement\u00e9es conform\u00e9ment au droit espagnol, dans le cadre du droit de l&rsquo;Union europ\u00e9enne.<\/p>\n<p><strong>Avis de non-responsabilit\u00e9 concernant les souvenirs :<\/strong> toutes les graines de cannabis vendues par Trikoma Seeds sont uniquement destin\u00e9es \u00e0 des fins de collection ou de souvenir. Il est ill\u00e9gal et interdit de faire germer des graines de cannabis dans la plupart des pays.<\/li>\n<\/ol>\n<\/div><\/div><\/div><\/div><\/div>\n","protected":false},"excerpt":{"rendered":"","protected":false},"author":1,"featured_media":0,"parent":0,"menu_order":0,"comment_status":"closed","ping_status":"closed","template":"","meta":{"footnotes":""},"class_list":["post-1654","page","type-page","status-publish","hentry"],"yoast_head":"<!-- This site is optimized with the Yoast SEO plugin v25.6 - https:\/\/yoast.com\/wordpress\/plugins\/seo\/ -->\n<title>Conditions g\u00e9n\u00e9rales - Trikoma Seeds<\/title>\n<meta name=\"description\" content=\"Conditions g\u00e9n\u00e9rales de Trikoma Seeds\" \/>\n<meta name=\"robots\" content=\"noindex, follow\" \/>\n<meta property=\"og:locale\" content=\"fr_FR\" \/>\n<meta property=\"og:type\" content=\"article\" \/>\n<meta property=\"og:title\" content=\"Conditions g\u00e9n\u00e9rales - Trikoma Seeds\" \/>\n<meta property=\"og:description\" content=\"Conditions g\u00e9n\u00e9rales de Trikoma Seeds\" \/>\n<meta property=\"og:url\" content=\"https:\/\/www.trikomaseeds.com\/fr\/conditions-generales\/\" \/>\n<meta property=\"og:site_name\" content=\"Trikoma Seeds\" \/>\n<meta property=\"article:modified_time\" content=\"2025-02-18T10:09:36+00:00\" \/>\n<meta name=\"twitter:card\" content=\"summary_large_image\" \/>\n<meta name=\"twitter:label1\" content=\"Dur\u00e9e de lecture estim\u00e9e\" \/>\n\t<meta name=\"twitter:data1\" content=\"3 minutes\" \/>\n<script type=\"application\/ld+json\" class=\"yoast-schema-graph\">{\"@context\":\"https:\/\/schema.org\",\"@graph\":[{\"@type\":\"WebPage\",\"@id\":\"https:\/\/www.trikomaseeds.com\/fr\/conditions-generales\/\",\"url\":\"https:\/\/www.trikomaseeds.com\/fr\/conditions-generales\/\",\"name\":\"Conditions g\u00e9n\u00e9rales - Trikoma Seeds\",\"isPartOf\":{\"@id\":\"https:\/\/www.trikomaseeds.com\/fr\/#website\"},\"datePublished\":\"2019-09-24T13:51:20+00:00\",\"dateModified\":\"2025-02-18T10:09:36+00:00\",\"description\":\"Conditions g\u00e9n\u00e9rales de Trikoma Seeds\",\"breadcrumb\":{\"@id\":\"https:\/\/www.trikomaseeds.com\/fr\/conditions-generales\/#breadcrumb\"},\"inLanguage\":\"fr-FR\",\"potentialAction\":[{\"@type\":\"ReadAction\",\"target\":[\"https:\/\/www.trikomaseeds.com\/fr\/conditions-generales\/\"]}]},{\"@type\":\"BreadcrumbList\",\"@id\":\"https:\/\/www.trikomaseeds.com\/fr\/conditions-generales\/#breadcrumb\",\"itemListElement\":[{\"@type\":\"ListItem\",\"position\":1,\"name\":\"Portada\",\"item\":\"https:\/\/www.trikomaseeds.com\/fr\/\"},{\"@type\":\"ListItem\",\"position\":2,\"name\":\"Conditions g\u00e9n\u00e9rales\"}]},{\"@type\":\"WebSite\",\"@id\":\"https:\/\/www.trikomaseeds.com\/fr\/#website\",\"url\":\"https:\/\/www.trikomaseeds.com\/fr\/\",\"name\":\"Trikoma Seeds\",\"description\":\"Semillas de Marihuana Auto, Feminizadas y medicinales\",\"potentialAction\":[{\"@type\":\"SearchAction\",\"target\":{\"@type\":\"EntryPoint\",\"urlTemplate\":\"https:\/\/www.trikomaseeds.com\/fr\/?s={search_term_string}\"},\"query-input\":{\"@type\":\"PropertyValueSpecification\",\"valueRequired\":true,\"valueName\":\"search_term_string\"}}],\"inLanguage\":\"fr-FR\"}]}<\/script>\n<!-- \/ Yoast SEO plugin. -->","yoast_head_json":{"title":"Conditions g\u00e9n\u00e9rales - Trikoma Seeds","description":"Conditions g\u00e9n\u00e9rales de Trikoma Seeds","robots":{"index":"noindex","follow":"follow"},"og_locale":"fr_FR","og_type":"article","og_title":"Conditions g\u00e9n\u00e9rales - Trikoma Seeds","og_description":"Conditions g\u00e9n\u00e9rales de Trikoma Seeds","og_url":"https:\/\/www.trikomaseeds.com\/fr\/conditions-generales\/","og_site_name":"Trikoma Seeds","article_modified_time":"2025-02-18T10:09:36+00:00","twitter_card":"summary_large_image","twitter_misc":{"Dur\u00e9e de lecture estim\u00e9e":"3 minutes"},"schema":{"@context":"https:\/\/schema.org","@graph":[{"@type":"WebPage","@id":"https:\/\/www.trikomaseeds.com\/fr\/conditions-generales\/","url":"https:\/\/www.trikomaseeds.com\/fr\/conditions-generales\/","name":"Conditions g\u00e9n\u00e9rales - Trikoma Seeds","isPartOf":{"@id":"https:\/\/www.trikomaseeds.com\/fr\/#website"},"datePublished":"2019-09-24T13:51:20+00:00","dateModified":"2025-02-18T10:09:36+00:00","description":"Conditions g\u00e9n\u00e9rales de Trikoma Seeds","breadcrumb":{"@id":"https:\/\/www.trikomaseeds.com\/fr\/conditions-generales\/#breadcrumb"},"inLanguage":"fr-FR","potentialAction":[{"@type":"ReadAction","target":["https:\/\/www.trikomaseeds.com\/fr\/conditions-generales\/"]}]},{"@type":"BreadcrumbList","@id":"https:\/\/www.trikomaseeds.com\/fr\/conditions-generales\/#breadcrumb","itemListElement":[{"@type":"ListItem","position":1,"name":"Portada","item":"https:\/\/www.trikomaseeds.com\/fr\/"},{"@type":"ListItem","position":2,"name":"Conditions g\u00e9n\u00e9rales"}]},{"@type":"WebSite","@id":"https:\/\/www.trikomaseeds.com\/fr\/#website","url":"https:\/\/www.trikomaseeds.com\/fr\/","name":"Trikoma Seeds","description":"Semillas de Marihuana Auto, Feminizadas y medicinales","potentialAction":[{"@type":"SearchAction","target":{"@type":"EntryPoint","urlTemplate":"https:\/\/www.trikomaseeds.com\/fr\/?s={search_term_string}"},"query-input":{"@type":"PropertyValueSpecification","valueRequired":true,"valueName":"search_term_string"}}],"inLanguage":"fr-FR"}]}},"_links":{"self":[{"href":"https:\/\/www.trikomaseeds.com\/fr\/wp-json\/wp\/v2\/pages\/1654","targetHints":{"allow":["GET"]}}],"collection":[{"href":"https:\/\/www.trikomaseeds.com\/fr\/wp-json\/wp\/v2\/pages"}],"about":[{"href":"https:\/\/www.trikomaseeds.com\/fr\/wp-json\/wp\/v2\/types\/page"}],"author":[{"embeddable":true,"href":"https:\/\/www.trikomaseeds.com\/fr\/wp-json\/wp\/v2\/users\/1"}],"replies":[{"embeddable":true,"href":"https:\/\/www.trikomaseeds.com\/fr\/wp-json\/wp\/v2\/comments?post=1654"}],"version-history":[{"count":3,"href":"https:\/\/www.trikomaseeds.com\/fr\/wp-json\/wp\/v2\/pages\/1654\/revisions"}],"predecessor-version":[{"id":12220,"href":"https:\/\/www.trikomaseeds.com\/fr\/wp-json\/wp\/v2\/pages\/1654\/revisions\/12220"}],"wp:attachment":[{"href":"https:\/\/www.trikomaseeds.com\/fr\/wp-json\/wp\/v2\/media?parent=1654"}],"curies":[{"name":"wp","href":"https:\/\/api.w.org\/{rel}","templated":true}]}}