{"id":1639,"date":"2019-09-24T15:56:20","date_gmt":"2019-09-24T13:56:20","guid":{"rendered":"http:\/\/www.trikomaseeds.com\/politica-de-privaciadad\/"},"modified":"2022-10-05T16:26:32","modified_gmt":"2022-10-05T14:26:32","slug":"politique-de-confidentialite","status":"publish","type":"page","link":"https:\/\/www.trikomaseeds.com\/fr\/politique-de-confidentialite\/","title":{"rendered":"Politique de confidentialit\u00e9"},"content":{"rendered":"<div class=\"fusion-fullwidth fullwidth-box fusion-builder-row-1 fusion-flex-container nonhundred-percent-fullwidth non-hundred-percent-height-scrolling\" style=\"--awb-border-radius-top-left:0px;--awb-border-radius-top-right:0px;--awb-border-radius-bottom-right:0px;--awb-border-radius-bottom-left:0px;--awb-flex-wrap:wrap;\" ><div class=\"fusion-builder-row fusion-row fusion-flex-align-items-flex-start fusion-flex-content-wrap\" style=\"max-width:calc( 1300px + 0px );margin-left: calc(-0px \/ 2 );margin-right: calc(-0px \/ 2 );\"><div class=\"fusion-layout-column fusion_builder_column fusion-builder-column-0 fusion_builder_column_1_1 1_1 fusion-flex-column\" style=\"--awb-bg-size:cover;--awb-width-large:100%;--awb-margin-top-large:0px;--awb-spacing-right-large:0px;--awb-margin-bottom-large:20px;--awb-spacing-left-large:0px;--awb-width-medium:100%;--awb-spacing-right-medium:0px;--awb-spacing-left-medium:0px;--awb-width-small:100%;--awb-spacing-right-small:0px;--awb-spacing-left-small:0px;\"><div class=\"fusion-column-wrapper fusion-column-has-shadow fusion-flex-justify-content-flex-start fusion-content-layout-column\"><div class=\"fusion-text fusion-text-1\"><h2>Politique de confidentialit\u00e9 de Trikoma Seeds 4<\/h2>\n<p>Conform\u00e9ment aux dispositions de la loi organique 15\/1999 du 13 d\u00e9cembre sur la protection des donn\u00e9es personnelles, Trikoma Seeds informe ses clients que la quantit\u00e9 de donn\u00e9es personnelles qu&rsquo;ils fournissent sera incluse dans un fichier automatis\u00e9 de donn\u00e9es personnelles. , cr\u00e9\u00e9 et maintenu par Trikoma Seeds.<br \/>\nVos donn\u00e9es personnelles ne seront utilis\u00e9es par TRIKOMA SEEDS que pour la gestion, l&rsquo;administration et la maintenance des services contractuels et si vous le souhaitez express\u00e9ment pour envoyer des informations sur les services de Trikoma Seeds.<\/p>\n<p>Le but de ce fichier est de faciliter le traitement des commandes et, uniquement si le client le demande express\u00e9ment, d&rsquo;envoyer de futures offres commerciales sur des produits et services susceptibles d&rsquo;int\u00e9resser nos clients.<br \/>\nTRIKOMA SEEDS garantit la s\u00e9curit\u00e9 et la confidentialit\u00e9 des donn\u00e9es fournies. De cette mani\u00e8re, vous acceptez de remplir votre obligation de confidentialit\u00e9 des donn\u00e9es personnelles et votre devoir de les conserver et de prendre toutes les mesures n\u00e9cessaires pour emp\u00eacher leur alt\u00e9ration, perte, traitement ou utilisation non autoris\u00e9e.<\/p>\n<p>Par cons\u00e9quent, toutes les informations sur nos clients ne seront pas utilis\u00e9es \u00e0 des fins commerciales et ne seront ni transf\u00e9r\u00e9es ni vendues \u00e0 des tiers.<br \/>\nL&rsquo;Utilisateur garantit que les Donn\u00e9es Personnelles fournies \u00e0 TRIKOMA SEEDS sont v\u00e9ridiques et est responsable de la communication de tout changement. L&rsquo;utilisateur sera seul responsable de tout dommage ou perte, direct ou indirect, qui pourrait \u00eatre caus\u00e9 \u00e0 Trikoma Seeds ou \u00e0 tout tiers en raison du remplissage des formulaires avec des donn\u00e9es fausses, inexactes, incompl\u00e8tes ou p\u00e9rim\u00e9es.<br \/>\nLes clients de TRIKOMA SEEDS peuvent \u00e0 tout moment exercer leurs droits d&rsquo;acc\u00e8s, de rectification, d&rsquo;annulation et d&rsquo;opposition en les communiquant par \u00e9crit \u00e0:<br \/>\nPar mail:<\/p>\n<h3>Graines de trikoma<\/h3>\n<ul style=\"margin: 1rem 0rem; padding: 0rem 1rem;\">\n<li><strong>Entreprise :<\/strong> Travel Nostrum SL<\/li>\n<li><strong>Adresse :<\/strong> C\/Roca Umbert, 9 bajos 08907-L\u2019Hospitalet de Llobregat Barcelone Catalogne<\/li>\n<li><strong>T\u00e9l\u00e9phone :<\/strong> +34 674 012 943<\/li>\n<li><strong>E-mail :<\/strong> info@trikomaseeds.com<\/li>\n<\/ul>\n<p>A tout moment, l&rsquo;Utilisateur peut acc\u00e9der \u00e0 ses donn\u00e9es, les consulter ou les modifier en ligne. Le remplissage des formulaires inclus sur le site Web implique le consentement expr\u00e8s de l&rsquo;utilisateur \u00e0 l&rsquo;inclusion de ses donn\u00e9es personnelles dans le fichier automatis\u00e9 Trikoma Seeds susmentionn\u00e9.<br \/>\nTrikoma Seeds, a adopt\u00e9 les mesures n\u00e9cessaires pour emp\u00eacher l&rsquo;alt\u00e9ration, la perte, le traitement ou l&rsquo;acc\u00e8s non autoris\u00e9 des donn\u00e9es personnelles, en tenant compte \u00e0 tout moment de l&rsquo;\u00e9tat de la technologie, cependant, l&rsquo;utilisateur doit \u00eatre conscient que les mesures de s\u00e9curit\u00e9 sur Internet, ils ne sont pas imprenables.<\/p>\n<p>Google privacy and terms site<br \/>\nHOW GOOGLE USES INFORMATION FROM WEBSITES OR APPLICATIONS THAT USE OUR SERVICES. You can consult all the information at the link <a href=\"https:\/\/policies.google.com\/technologies\/partner-sites\"><strong>GOOGLE PRIVACY AND TERMS SITE<\/strong><\/a><\/p>\n<\/div><\/div><\/div><\/div><\/div>\n","protected":false},"excerpt":{"rendered":"","protected":false},"author":1,"featured_media":0,"parent":0,"menu_order":0,"comment_status":"closed","ping_status":"closed","template":"","meta":{"footnotes":""},"class_list":["post-1639","page","type-page","status-publish","hentry"],"yoast_head":"<!-- This site is optimized with the Yoast SEO plugin v25.6 - https:\/\/yoast.com\/wordpress\/plugins\/seo\/ -->\n<title>Politique de confidentialit\u00e9 - Trikoma Seeds<\/title>\n<meta name=\"robots\" content=\"noindex, follow\" \/>\n<meta property=\"og:locale\" content=\"fr_FR\" \/>\n<meta property=\"og:type\" content=\"article\" \/>\n<meta property=\"og:title\" content=\"Politique de confidentialit\u00e9 - Trikoma Seeds\" \/>\n<meta property=\"og:url\" content=\"https:\/\/www.trikomaseeds.com\/fr\/politique-de-confidentialite\/\" \/>\n<meta property=\"og:site_name\" content=\"Trikoma Seeds\" \/>\n<meta property=\"article:modified_time\" content=\"2022-10-05T14:26:32+00:00\" \/>\n<meta name=\"twitter:card\" content=\"summary_large_image\" \/>\n<meta name=\"twitter:label1\" content=\"Dur\u00e9e de lecture estim\u00e9e\" \/>\n\t<meta name=\"twitter:data1\" content=\"4 minutes\" \/>\n<script type=\"application\/ld+json\" class=\"yoast-schema-graph\">{\"@context\":\"https:\/\/schema.org\",\"@graph\":[{\"@type\":\"WebPage\",\"@id\":\"https:\/\/www.trikomaseeds.com\/fr\/politique-de-confidentialite\/\",\"url\":\"https:\/\/www.trikomaseeds.com\/fr\/politique-de-confidentialite\/\",\"name\":\"Politique de confidentialit\u00e9 - Trikoma Seeds\",\"isPartOf\":{\"@id\":\"https:\/\/www.trikomaseeds.com\/fr\/#website\"},\"datePublished\":\"2019-09-24T13:56:20+00:00\",\"dateModified\":\"2022-10-05T14:26:32+00:00\",\"breadcrumb\":{\"@id\":\"https:\/\/www.trikomaseeds.com\/fr\/politique-de-confidentialite\/#breadcrumb\"},\"inLanguage\":\"fr-FR\",\"potentialAction\":[{\"@type\":\"ReadAction\",\"target\":[\"https:\/\/www.trikomaseeds.com\/fr\/politique-de-confidentialite\/\"]}]},{\"@type\":\"BreadcrumbList\",\"@id\":\"https:\/\/www.trikomaseeds.com\/fr\/politique-de-confidentialite\/#breadcrumb\",\"itemListElement\":[{\"@type\":\"ListItem\",\"position\":1,\"name\":\"Portada\",\"item\":\"https:\/\/www.trikomaseeds.com\/fr\/\"},{\"@type\":\"ListItem\",\"position\":2,\"name\":\"Politique de confidentialit\u00e9\"}]},{\"@type\":\"WebSite\",\"@id\":\"https:\/\/www.trikomaseeds.com\/fr\/#website\",\"url\":\"https:\/\/www.trikomaseeds.com\/fr\/\",\"name\":\"Trikoma Seeds\",\"description\":\"Semillas de Marihuana Auto, Feminizadas y medicinales\",\"potentialAction\":[{\"@type\":\"SearchAction\",\"target\":{\"@type\":\"EntryPoint\",\"urlTemplate\":\"https:\/\/www.trikomaseeds.com\/fr\/?s={search_term_string}\"},\"query-input\":{\"@type\":\"PropertyValueSpecification\",\"valueRequired\":true,\"valueName\":\"search_term_string\"}}],\"inLanguage\":\"fr-FR\"}]}<\/script>\n<!-- \/ Yoast SEO plugin. -->","yoast_head_json":{"title":"Politique de confidentialit\u00e9 - Trikoma Seeds","robots":{"index":"noindex","follow":"follow"},"og_locale":"fr_FR","og_type":"article","og_title":"Politique de confidentialit\u00e9 - Trikoma Seeds","og_url":"https:\/\/www.trikomaseeds.com\/fr\/politique-de-confidentialite\/","og_site_name":"Trikoma Seeds","article_modified_time":"2022-10-05T14:26:32+00:00","twitter_card":"summary_large_image","twitter_misc":{"Dur\u00e9e de lecture estim\u00e9e":"4 minutes"},"schema":{"@context":"https:\/\/schema.org","@graph":[{"@type":"WebPage","@id":"https:\/\/www.trikomaseeds.com\/fr\/politique-de-confidentialite\/","url":"https:\/\/www.trikomaseeds.com\/fr\/politique-de-confidentialite\/","name":"Politique de confidentialit\u00e9 - Trikoma Seeds","isPartOf":{"@id":"https:\/\/www.trikomaseeds.com\/fr\/#website"},"datePublished":"2019-09-24T13:56:20+00:00","dateModified":"2022-10-05T14:26:32+00:00","breadcrumb":{"@id":"https:\/\/www.trikomaseeds.com\/fr\/politique-de-confidentialite\/#breadcrumb"},"inLanguage":"fr-FR","potentialAction":[{"@type":"ReadAction","target":["https:\/\/www.trikomaseeds.com\/fr\/politique-de-confidentialite\/"]}]},{"@type":"BreadcrumbList","@id":"https:\/\/www.trikomaseeds.com\/fr\/politique-de-confidentialite\/#breadcrumb","itemListElement":[{"@type":"ListItem","position":1,"name":"Portada","item":"https:\/\/www.trikomaseeds.com\/fr\/"},{"@type":"ListItem","position":2,"name":"Politique de confidentialit\u00e9"}]},{"@type":"WebSite","@id":"https:\/\/www.trikomaseeds.com\/fr\/#website","url":"https:\/\/www.trikomaseeds.com\/fr\/","name":"Trikoma Seeds","description":"Semillas de Marihuana Auto, Feminizadas y medicinales","potentialAction":[{"@type":"SearchAction","target":{"@type":"EntryPoint","urlTemplate":"https:\/\/www.trikomaseeds.com\/fr\/?s={search_term_string}"},"query-input":{"@type":"PropertyValueSpecification","valueRequired":true,"valueName":"search_term_string"}}],"inLanguage":"fr-FR"}]}},"_links":{"self":[{"href":"https:\/\/www.trikomaseeds.com\/fr\/wp-json\/wp\/v2\/pages\/1639","targetHints":{"allow":["GET"]}}],"collection":[{"href":"https:\/\/www.trikomaseeds.com\/fr\/wp-json\/wp\/v2\/pages"}],"about":[{"href":"https:\/\/www.trikomaseeds.com\/fr\/wp-json\/wp\/v2\/types\/page"}],"author":[{"embeddable":true,"href":"https:\/\/www.trikomaseeds.com\/fr\/wp-json\/wp\/v2\/users\/1"}],"replies":[{"embeddable":true,"href":"https:\/\/www.trikomaseeds.com\/fr\/wp-json\/wp\/v2\/comments?post=1639"}],"version-history":[{"count":0,"href":"https:\/\/www.trikomaseeds.com\/fr\/wp-json\/wp\/v2\/pages\/1639\/revisions"}],"wp:attachment":[{"href":"https:\/\/www.trikomaseeds.com\/fr\/wp-json\/wp\/v2\/media?parent=1639"}],"curies":[{"name":"wp","href":"https:\/\/api.w.org\/{rel}","templated":true}]}}