{"id":11675,"date":"2024-12-27T10:47:47","date_gmt":"2024-12-27T09:47:47","guid":{"rendered":"https:\/\/www.trikomaseeds.com\/?post_type=product&#038;p=11675"},"modified":"2025-04-10T13:57:29","modified_gmt":"2025-04-10T11:57:29","slug":"black-domina-fast","status":"publish","type":"product","link":"https:\/\/www.trikomaseeds.com\/en\/semillas\/black-domina-fast\/","title":{"rendered":"Black Domina Fast"},"content":{"rendered":"<p><strong>Black Domina Fast \u2013 Fast Version con Potencia y R\u00e1pida Floraci\u00f3n<\/strong><\/p>\n<p><strong>Black Domina Fast<\/strong>\u00a0es una\u00a0<strong>fast version<\/strong>\u00a0de la legendaria\u00a0<strong>Black Domina<\/strong>, una de las\u00a0<strong>variedades de cannabis<\/strong>\u00a0m\u00e1s potentes con\u00a0<strong>semillas fotodependientes<\/strong>. Este h\u00edbrido compacto y resistente es el\u00a0<strong>resultado del cruce<\/strong>\u00a0de cuatro cepas \u00edndicas de \u00e9lite, <strong>ofreciendo<\/strong> una\u00a0<strong>r\u00e1pida floraci\u00f3n<\/strong>\u00a0y un\u00a0<strong>efecto relajante<\/strong>.<\/p>\n<p>\ud83d\udd25\u00a0<strong>Periodo de floraci\u00f3n<\/strong>\u00a0corto: lista en solo 49-56 d\u00edas<\/p>\n<p>\ud83c\udf31\u00a0<strong>Semillas de marijuana<\/strong>\u00a0de alta calidad, ideales para\u00a0<strong>cultivos en interior<\/strong>\u00a0y<strong> en exterior<\/strong><\/p>\n<p><strong>\ud83d\udcaa<\/strong><strong>\u00a0Alta producci\u00f3n<\/strong>\u00a0en cualquier clima.<\/p>\n<p><strong>\ud83d\ude0c<\/strong><strong>\u00a0Efecto relajante<\/strong>\u00a0y f\u00edsico, ideal para la noche<\/p>\n<p>\ud83c\udf3f\u00a0<strong>Aroma fuerte<\/strong>\u00a0con toques terrosos, especiados y de hach\u00eds<\/p>\n<p>Con una\u00a0<strong>fase de floraci\u00f3n<\/strong>\u00a0reducida,\u00a0<strong>Black Domina Fast<\/strong>\u00a0se adapta a cualquier etapa de los\u00a0<strong>cultivos de interior<\/strong>\u00a0y\u00a0<strong>cultivos de exterior<\/strong>. Su estructura densa y fuerte la hace perfecta para quienes buscan\u00a0<strong>semillas de marijuana <\/strong>productivas y f\u00e1ciles de manejar.<\/p>\n<p>Si buscas una\u00a0<strong>variedad de semillas<\/strong>\u00a0potente con\u00a0<strong>fases de crecimiento<\/strong>\u00a0r\u00e1pidas, en Trikoma Seeds\u00a0<strong>podr\u00e1s encontrar <\/strong>opciones perfectas para cada tipo de cultivo.<\/p>\n<p><strong>Compra semillas de marihuana Black Domina Fast y consigue cogollos listos para cosechar en tiempo r\u00e9cord. <\/strong><strong>\u00a1M\u00e1xima potencia en menos tiempo!<\/strong><\/p>\n","protected":false},"excerpt":{"rendered":"<p><strong data-start=\"161\" data-end=\"182\">Black Domina Fast<\/strong> es una versi\u00f3n r\u00e1pida de la cl\u00e1sica Black Domina, con floraci\u00f3n de solo 49-56 d\u00edas. H\u00edbrido \u00edndico potente, compacto y resistente, ideal para interior y exterior. Produce grandes cosechas con efecto relajante y aroma intenso a tierra, especias y hach\u00eds. Perfecta para quienes buscan potencia y velocidad.<\/p>\n","protected":false},"featured_media":12262,"comment_status":"closed","ping_status":"closed","template":"","meta":[],"product_cat":[],"product_tag":[],"class_list":{"0":"post-11675","1":"product","2":"type-product","3":"status-publish","4":"has-post-thumbnail","7":"first","8":"instock","9":"shipping-taxable","10":"purchasable","11":"product-type-simple"},"yoast_head":"<!-- This site is optimized with the Yoast SEO plugin v25.6 - https:\/\/yoast.com\/wordpress\/plugins\/seo\/ -->\n<title>Black Domina Fast - Trikoma Seeds<\/title>\n<meta name=\"robots\" content=\"index, follow, max-snippet:-1, max-image-preview:large, max-video-preview:-1\" \/>\n<link rel=\"canonical\" href=\"https:\/\/www.trikomaseeds.com\/en\/semillas\/black-domina-fast\/\" \/>\n<meta property=\"og:locale\" content=\"en_US\" \/>\n<meta property=\"og:type\" content=\"article\" \/>\n<meta property=\"og:title\" content=\"Black Domina Fast - Trikoma Seeds\" \/>\n<meta property=\"og:description\" content=\"Black Domina Fast es una versi\u00f3n r\u00e1pida de la cl\u00e1sica Black Domina, con floraci\u00f3n de solo 49-56 d\u00edas. H\u00edbrido \u00edndico potente, compacto y resistente, ideal para interior y exterior. Produce grandes cosechas con efecto relajante y aroma intenso a tierra, especias y hach\u00eds. Perfecta para quienes buscan potencia y velocidad.\" \/>\n<meta property=\"og:url\" content=\"https:\/\/www.trikomaseeds.com\/en\/semillas\/black-domina-fast\/\" \/>\n<meta property=\"og:site_name\" content=\"Trikoma Seeds\" \/>\n<meta property=\"article:modified_time\" content=\"2025-04-10T11:57:29+00:00\" \/>\n<meta property=\"og:image\" content=\"https:\/\/www.trikomaseeds.com\/wp-content\/uploads\/2024\/12\/black-domina-fast.png\" \/>\n\t<meta property=\"og:image:width\" content=\"913\" \/>\n\t<meta property=\"og:image:height\" content=\"611\" \/>\n\t<meta property=\"og:image:type\" content=\"image\/png\" \/>\n<meta name=\"twitter:card\" content=\"summary_large_image\" \/>\n<meta name=\"twitter:label1\" content=\"Est. reading time\" \/>\n\t<meta name=\"twitter:data1\" content=\"2 minutes\" \/>\n<script type=\"application\/ld+json\" class=\"yoast-schema-graph\">{\"@context\":\"https:\/\/schema.org\",\"@graph\":[{\"@type\":\"WebPage\",\"@id\":\"https:\/\/www.trikomaseeds.com\/en\/semillas\/black-domina-fast\/\",\"url\":\"https:\/\/www.trikomaseeds.com\/en\/semillas\/black-domina-fast\/\",\"name\":\"Black Domina Fast - Trikoma Seeds\",\"isPartOf\":{\"@id\":\"https:\/\/www.trikomaseeds.com\/en\/#website\"},\"primaryImageOfPage\":{\"@id\":\"https:\/\/www.trikomaseeds.com\/en\/semillas\/black-domina-fast\/#primaryimage\"},\"image\":{\"@id\":\"https:\/\/www.trikomaseeds.com\/en\/semillas\/black-domina-fast\/#primaryimage\"},\"thumbnailUrl\":\"https:\/\/www.trikomaseeds.com\/wp-content\/uploads\/2024\/12\/black-domina-fast.png\",\"datePublished\":\"2024-12-27T09:47:47+00:00\",\"dateModified\":\"2025-04-10T11:57:29+00:00\",\"breadcrumb\":{\"@id\":\"https:\/\/www.trikomaseeds.com\/en\/semillas\/black-domina-fast\/#breadcrumb\"},\"inLanguage\":\"en-US\",\"potentialAction\":[{\"@type\":\"ReadAction\",\"target\":[\"https:\/\/www.trikomaseeds.com\/en\/semillas\/black-domina-fast\/\"]}]},{\"@type\":\"ImageObject\",\"inLanguage\":\"en-US\",\"@id\":\"https:\/\/www.trikomaseeds.com\/en\/semillas\/black-domina-fast\/#primaryimage\",\"url\":\"https:\/\/www.trikomaseeds.com\/wp-content\/uploads\/2024\/12\/black-domina-fast.png\",\"contentUrl\":\"https:\/\/www.trikomaseeds.com\/wp-content\/uploads\/2024\/12\/black-domina-fast.png\",\"width\":913,\"height\":611},{\"@type\":\"BreadcrumbList\",\"@id\":\"https:\/\/www.trikomaseeds.com\/en\/semillas\/black-domina-fast\/#breadcrumb\",\"itemListElement\":[{\"@type\":\"ListItem\",\"position\":1,\"name\":\"Portada\",\"item\":\"https:\/\/www.trikomaseeds.com\/en\/\"},{\"@type\":\"ListItem\",\"position\":2,\"name\":\"Shop\",\"item\":\"https:\/\/www.trikomaseeds.com\/en\/shop\/\"},{\"@type\":\"ListItem\",\"position\":3,\"name\":\"Black Domina Fast\"}]},{\"@type\":\"WebSite\",\"@id\":\"https:\/\/www.trikomaseeds.com\/en\/#website\",\"url\":\"https:\/\/www.trikomaseeds.com\/en\/\",\"name\":\"Trikoma Seeds\",\"description\":\"Semillas de Marihuana Auto, Feminizadas y medicinales\",\"potentialAction\":[{\"@type\":\"SearchAction\",\"target\":{\"@type\":\"EntryPoint\",\"urlTemplate\":\"https:\/\/www.trikomaseeds.com\/en\/?s={search_term_string}\"},\"query-input\":{\"@type\":\"PropertyValueSpecification\",\"valueRequired\":true,\"valueName\":\"search_term_string\"}}],\"inLanguage\":\"en-US\"}]}<\/script>\n<!-- \/ Yoast SEO plugin. -->","yoast_head_json":{"title":"Black Domina Fast - Trikoma Seeds","robots":{"index":"index","follow":"follow","max-snippet":"max-snippet:-1","max-image-preview":"max-image-preview:large","max-video-preview":"max-video-preview:-1"},"canonical":"https:\/\/www.trikomaseeds.com\/en\/semillas\/black-domina-fast\/","og_locale":"en_US","og_type":"article","og_title":"Black Domina Fast - Trikoma Seeds","og_description":"Black Domina Fast es una versi\u00f3n r\u00e1pida de la cl\u00e1sica Black Domina, con floraci\u00f3n de solo 49-56 d\u00edas. H\u00edbrido \u00edndico potente, compacto y resistente, ideal para interior y exterior. Produce grandes cosechas con efecto relajante y aroma intenso a tierra, especias y hach\u00eds. Perfecta para quienes buscan potencia y velocidad.","og_url":"https:\/\/www.trikomaseeds.com\/en\/semillas\/black-domina-fast\/","og_site_name":"Trikoma Seeds","article_modified_time":"2025-04-10T11:57:29+00:00","og_image":[{"width":913,"height":611,"url":"https:\/\/www.trikomaseeds.com\/wp-content\/uploads\/2024\/12\/black-domina-fast.png","type":"image\/png"}],"twitter_card":"summary_large_image","twitter_misc":{"Est. reading time":"2 minutes"},"schema":{"@context":"https:\/\/schema.org","@graph":[{"@type":"WebPage","@id":"https:\/\/www.trikomaseeds.com\/en\/semillas\/black-domina-fast\/","url":"https:\/\/www.trikomaseeds.com\/en\/semillas\/black-domina-fast\/","name":"Black Domina Fast - Trikoma Seeds","isPartOf":{"@id":"https:\/\/www.trikomaseeds.com\/en\/#website"},"primaryImageOfPage":{"@id":"https:\/\/www.trikomaseeds.com\/en\/semillas\/black-domina-fast\/#primaryimage"},"image":{"@id":"https:\/\/www.trikomaseeds.com\/en\/semillas\/black-domina-fast\/#primaryimage"},"thumbnailUrl":"https:\/\/www.trikomaseeds.com\/wp-content\/uploads\/2024\/12\/black-domina-fast.png","datePublished":"2024-12-27T09:47:47+00:00","dateModified":"2025-04-10T11:57:29+00:00","breadcrumb":{"@id":"https:\/\/www.trikomaseeds.com\/en\/semillas\/black-domina-fast\/#breadcrumb"},"inLanguage":"en-US","potentialAction":[{"@type":"ReadAction","target":["https:\/\/www.trikomaseeds.com\/en\/semillas\/black-domina-fast\/"]}]},{"@type":"ImageObject","inLanguage":"en-US","@id":"https:\/\/www.trikomaseeds.com\/en\/semillas\/black-domina-fast\/#primaryimage","url":"https:\/\/www.trikomaseeds.com\/wp-content\/uploads\/2024\/12\/black-domina-fast.png","contentUrl":"https:\/\/www.trikomaseeds.com\/wp-content\/uploads\/2024\/12\/black-domina-fast.png","width":913,"height":611},{"@type":"BreadcrumbList","@id":"https:\/\/www.trikomaseeds.com\/en\/semillas\/black-domina-fast\/#breadcrumb","itemListElement":[{"@type":"ListItem","position":1,"name":"Portada","item":"https:\/\/www.trikomaseeds.com\/en\/"},{"@type":"ListItem","position":2,"name":"Shop","item":"https:\/\/www.trikomaseeds.com\/en\/shop\/"},{"@type":"ListItem","position":3,"name":"Black Domina Fast"}]},{"@type":"WebSite","@id":"https:\/\/www.trikomaseeds.com\/en\/#website","url":"https:\/\/www.trikomaseeds.com\/en\/","name":"Trikoma Seeds","description":"Semillas de Marihuana Auto, Feminizadas y medicinales","potentialAction":[{"@type":"SearchAction","target":{"@type":"EntryPoint","urlTemplate":"https:\/\/www.trikomaseeds.com\/en\/?s={search_term_string}"},"query-input":{"@type":"PropertyValueSpecification","valueRequired":true,"valueName":"search_term_string"}}],"inLanguage":"en-US"}]}},"_links":{"self":[{"href":"https:\/\/www.trikomaseeds.com\/en\/wp-json\/wp\/v2\/product\/11675","targetHints":{"allow":["GET"]}}],"collection":[{"href":"https:\/\/www.trikomaseeds.com\/en\/wp-json\/wp\/v2\/product"}],"about":[{"href":"https:\/\/www.trikomaseeds.com\/en\/wp-json\/wp\/v2\/types\/product"}],"replies":[{"embeddable":true,"href":"https:\/\/www.trikomaseeds.com\/en\/wp-json\/wp\/v2\/comments?post=11675"}],"wp:featuredmedia":[{"embeddable":true,"href":"https:\/\/www.trikomaseeds.com\/en\/wp-json\/wp\/v2\/media\/12262"}],"wp:attachment":[{"href":"https:\/\/www.trikomaseeds.com\/en\/wp-json\/wp\/v2\/media?parent=11675"}],"wp:term":[{"taxonomy":"product_cat","embeddable":true,"href":"https:\/\/www.trikomaseeds.com\/en\/wp-json\/wp\/v2\/product_cat?post=11675"},{"taxonomy":"product_tag","embeddable":true,"href":"https:\/\/www.trikomaseeds.com\/en\/wp-json\/wp\/v2\/product_tag?post=11675"}],"curies":[{"name":"wp","href":"https:\/\/api.w.org\/{rel}","templated":true}]}}