{"id":11538,"date":"2024-09-12T08:58:51","date_gmt":"2024-09-12T06:58:51","guid":{"rendered":"https:\/\/www.trikomaseeds.com\/?post_type=product&#038;p=11538"},"modified":"2026-04-21T14:22:31","modified_gmt":"2026-04-21T12:22:31","slug":"69-g","status":"publish","type":"product","link":"https:\/\/www.trikomaseeds.com\/el\/semillas\/69-g\/","title":{"rendered":"69.G"},"content":{"rendered":"<p><strong>CARACTERISTICAS<\/strong><\/p>\n<ul>\n<li>Gen\u00e9tica: Amnesia x Jack Herer<\/li>\n<li>Tipo: Sativa 60% -\/\/- Indica 40%<\/li>\n<li>Producci\u00f3n en interior: 550 gr.\/m2 (con luz de 600W)<\/li>\n<li>Producci\u00f3n en exterior: 1 \u2013 1,5 Kg \/planta<\/li>\n<li>Floraci\u00f3n en interior: 70 d\u00edas<\/li>\n<li>Floraci\u00f3n en exterior: 2\/4 octubre<\/li>\n<li>Floraci\u00f3n en Sudam\u00e9rica: 2\/4 abril<\/li>\n<\/ul>\n","protected":false},"excerpt":{"rendered":"<p>\u00a1Alcanza un nuevo nivel de sensaciones!<br \/>\nEstamos orgullosos de haber creado un h\u00edbrido tentador con la fuerza de Jack Herer y<br \/>\nla euforia de Amnesia. Nuestra nueva variedad <strong>69G<\/strong> no solo aumentar\u00e1 tu energ\u00eda y<br \/>\nelevar\u00e1 tu estado de \u00e1nimo, sino que tambi\u00e9n estimular\u00e1 tu deseo sexual. Con un nivel<br \/>\nde THC del 22% y una gen\u00e9tica sativa del 60%, esta variedad trae sensaciones<br \/>\nvibrantes a momentos \u00edntimos, elevando el placer en tus relaciones sexuales a un<br \/>\nnuevo nivel.<br \/>\nLa combinaci\u00f3n de la alta producci\u00f3n de Amnesia y el alto nivel de THC de Jack Herer<br \/>\nno es solo una nueva variedad de Trikoma Seeds, sino tambi\u00e9n tu nueva fuente de<br \/>\ninspiraci\u00f3n sexual.<\/p>\n<p><strong>THC: 22%<\/strong><\/p>\n","protected":false},"featured_media":11562,"comment_status":"open","ping_status":"closed","template":"","meta":[],"product_cat":[20],"product_tag":[],"class_list":{"0":"post-11538","1":"product","2":"type-product","3":"status-publish","4":"has-post-thumbnail","6":"product_cat-feminizadas","8":"first","9":"instock","10":"shipping-taxable","11":"purchasable","12":"product-type-variable","13":"has-default-attributes"},"yoast_head":"<!-- This site is optimized with the Yoast SEO plugin v25.6 - https:\/\/yoast.com\/wordpress\/plugins\/seo\/ -->\n<title>69.G - Trikoma Seeds<\/title>\n<meta name=\"description\" content=\"La combinaci\u00f3n de la alta producci\u00f3n de Amnesia y el alto nivel de THC de Jack Herer es tambi\u00e9n tu nueva fuente deinspiraci\u00f3n sexual.\" \/>\n<meta name=\"robots\" content=\"index, follow, max-snippet:-1, max-image-preview:large, max-video-preview:-1\" \/>\n<link rel=\"canonical\" href=\"https:\/\/www.trikomaseeds.com\/el\/semillas\/69-g\/\" \/>\n<meta property=\"og:locale\" content=\"el_GR\" \/>\n<meta property=\"og:type\" content=\"article\" \/>\n<meta property=\"og:title\" content=\"69.G - Trikoma Seeds\" \/>\n<meta property=\"og:description\" content=\"La combinaci\u00f3n de la alta producci\u00f3n de Amnesia y el alto nivel de THC de Jack Herer es tambi\u00e9n tu nueva fuente deinspiraci\u00f3n sexual.\" \/>\n<meta property=\"og:url\" content=\"https:\/\/www.trikomaseeds.com\/el\/semillas\/69-g\/\" \/>\n<meta property=\"og:site_name\" content=\"Trikoma Seeds\" \/>\n<meta property=\"article:modified_time\" content=\"2026-04-21T12:22:31+00:00\" \/>\n<meta property=\"og:image\" content=\"https:\/\/www.trikomaseeds.com\/wp-content\/uploads\/2024\/09\/g96-1.jpg\" \/>\n\t<meta property=\"og:image:width\" content=\"512\" \/>\n\t<meta property=\"og:image:height\" content=\"512\" \/>\n\t<meta property=\"og:image:type\" content=\"image\/jpeg\" \/>\n<meta name=\"twitter:card\" content=\"summary_large_image\" \/>\n<meta name=\"twitter:label1\" content=\"\u0395\u03ba\u03c4\u03b9\u03bc\u03ce\u03bc\u03b5\u03bd\u03bf\u03c2 \u03c7\u03c1\u03cc\u03bd\u03bf\u03c2 \u03b1\u03bd\u03ac\u03b3\u03bd\u03c9\u03c3\u03b7\u03c2\" \/>\n\t<meta name=\"twitter:data1\" content=\"1 \u03bb\u03b5\u03c0\u03c4\u03cc\" \/>\n<script type=\"application\/ld+json\" class=\"yoast-schema-graph\">{\"@context\":\"https:\/\/schema.org\",\"@graph\":[{\"@type\":\"WebPage\",\"@id\":\"https:\/\/www.trikomaseeds.com\/el\/semillas\/69-g\/\",\"url\":\"https:\/\/www.trikomaseeds.com\/el\/semillas\/69-g\/\",\"name\":\"69.G - Trikoma Seeds\",\"isPartOf\":{\"@id\":\"https:\/\/www.trikomaseeds.com\/el\/#website\"},\"primaryImageOfPage\":{\"@id\":\"https:\/\/www.trikomaseeds.com\/el\/semillas\/69-g\/#primaryimage\"},\"image\":{\"@id\":\"https:\/\/www.trikomaseeds.com\/el\/semillas\/69-g\/#primaryimage\"},\"thumbnailUrl\":\"https:\/\/www.trikomaseeds.com\/wp-content\/uploads\/2024\/09\/g96-1.jpg\",\"datePublished\":\"2024-09-12T06:58:51+00:00\",\"dateModified\":\"2026-04-21T12:22:31+00:00\",\"description\":\"La combinaci\u00f3n de la alta producci\u00f3n de Amnesia y el alto nivel de THC de Jack Herer es tambi\u00e9n tu nueva fuente deinspiraci\u00f3n sexual.\",\"breadcrumb\":{\"@id\":\"https:\/\/www.trikomaseeds.com\/el\/semillas\/69-g\/#breadcrumb\"},\"inLanguage\":\"el\",\"potentialAction\":[{\"@type\":\"ReadAction\",\"target\":[\"https:\/\/www.trikomaseeds.com\/el\/semillas\/69-g\/\"]}]},{\"@type\":\"ImageObject\",\"inLanguage\":\"el\",\"@id\":\"https:\/\/www.trikomaseeds.com\/el\/semillas\/69-g\/#primaryimage\",\"url\":\"https:\/\/www.trikomaseeds.com\/wp-content\/uploads\/2024\/09\/g96-1.jpg\",\"contentUrl\":\"https:\/\/www.trikomaseeds.com\/wp-content\/uploads\/2024\/09\/g96-1.jpg\",\"width\":512,\"height\":512,\"caption\":\"g96\"},{\"@type\":\"BreadcrumbList\",\"@id\":\"https:\/\/www.trikomaseeds.com\/el\/semillas\/69-g\/#breadcrumb\",\"itemListElement\":[{\"@type\":\"ListItem\",\"position\":1,\"name\":\"Portada\",\"item\":\"https:\/\/www.trikomaseeds.com\/el\/\"},{\"@type\":\"ListItem\",\"position\":2,\"name\":\"Shop\",\"item\":\"https:\/\/www.trikomaseeds.com\/el\/shop\/\"},{\"@type\":\"ListItem\",\"position\":3,\"name\":\"69.G\"}]},{\"@type\":\"WebSite\",\"@id\":\"https:\/\/www.trikomaseeds.com\/el\/#website\",\"url\":\"https:\/\/www.trikomaseeds.com\/el\/\",\"name\":\"Trikoma Seeds\",\"description\":\"Semillas de Marihuana Auto, Feminizadas y medicinales\",\"potentialAction\":[{\"@type\":\"SearchAction\",\"target\":{\"@type\":\"EntryPoint\",\"urlTemplate\":\"https:\/\/www.trikomaseeds.com\/el\/?s={search_term_string}\"},\"query-input\":{\"@type\":\"PropertyValueSpecification\",\"valueRequired\":true,\"valueName\":\"search_term_string\"}}],\"inLanguage\":\"el\"}]}<\/script>\n<!-- \/ Yoast SEO plugin. -->","yoast_head_json":{"title":"69.G - Trikoma Seeds","description":"La combinaci\u00f3n de la alta producci\u00f3n de Amnesia y el alto nivel de THC de Jack Herer es tambi\u00e9n tu nueva fuente deinspiraci\u00f3n sexual.","robots":{"index":"index","follow":"follow","max-snippet":"max-snippet:-1","max-image-preview":"max-image-preview:large","max-video-preview":"max-video-preview:-1"},"canonical":"https:\/\/www.trikomaseeds.com\/el\/semillas\/69-g\/","og_locale":"el_GR","og_type":"article","og_title":"69.G - Trikoma Seeds","og_description":"La combinaci\u00f3n de la alta producci\u00f3n de Amnesia y el alto nivel de THC de Jack Herer es tambi\u00e9n tu nueva fuente deinspiraci\u00f3n sexual.","og_url":"https:\/\/www.trikomaseeds.com\/el\/semillas\/69-g\/","og_site_name":"Trikoma Seeds","article_modified_time":"2026-04-21T12:22:31+00:00","og_image":[{"width":512,"height":512,"url":"https:\/\/www.trikomaseeds.com\/wp-content\/uploads\/2024\/09\/g96-1.jpg","type":"image\/jpeg"}],"twitter_card":"summary_large_image","twitter_misc":{"\u0395\u03ba\u03c4\u03b9\u03bc\u03ce\u03bc\u03b5\u03bd\u03bf\u03c2 \u03c7\u03c1\u03cc\u03bd\u03bf\u03c2 \u03b1\u03bd\u03ac\u03b3\u03bd\u03c9\u03c3\u03b7\u03c2":"1 \u03bb\u03b5\u03c0\u03c4\u03cc"},"schema":{"@context":"https:\/\/schema.org","@graph":[{"@type":"WebPage","@id":"https:\/\/www.trikomaseeds.com\/el\/semillas\/69-g\/","url":"https:\/\/www.trikomaseeds.com\/el\/semillas\/69-g\/","name":"69.G - Trikoma Seeds","isPartOf":{"@id":"https:\/\/www.trikomaseeds.com\/el\/#website"},"primaryImageOfPage":{"@id":"https:\/\/www.trikomaseeds.com\/el\/semillas\/69-g\/#primaryimage"},"image":{"@id":"https:\/\/www.trikomaseeds.com\/el\/semillas\/69-g\/#primaryimage"},"thumbnailUrl":"https:\/\/www.trikomaseeds.com\/wp-content\/uploads\/2024\/09\/g96-1.jpg","datePublished":"2024-09-12T06:58:51+00:00","dateModified":"2026-04-21T12:22:31+00:00","description":"La combinaci\u00f3n de la alta producci\u00f3n de Amnesia y el alto nivel de THC de Jack Herer es tambi\u00e9n tu nueva fuente deinspiraci\u00f3n sexual.","breadcrumb":{"@id":"https:\/\/www.trikomaseeds.com\/el\/semillas\/69-g\/#breadcrumb"},"inLanguage":"el","potentialAction":[{"@type":"ReadAction","target":["https:\/\/www.trikomaseeds.com\/el\/semillas\/69-g\/"]}]},{"@type":"ImageObject","inLanguage":"el","@id":"https:\/\/www.trikomaseeds.com\/el\/semillas\/69-g\/#primaryimage","url":"https:\/\/www.trikomaseeds.com\/wp-content\/uploads\/2024\/09\/g96-1.jpg","contentUrl":"https:\/\/www.trikomaseeds.com\/wp-content\/uploads\/2024\/09\/g96-1.jpg","width":512,"height":512,"caption":"g96"},{"@type":"BreadcrumbList","@id":"https:\/\/www.trikomaseeds.com\/el\/semillas\/69-g\/#breadcrumb","itemListElement":[{"@type":"ListItem","position":1,"name":"Portada","item":"https:\/\/www.trikomaseeds.com\/el\/"},{"@type":"ListItem","position":2,"name":"Shop","item":"https:\/\/www.trikomaseeds.com\/el\/shop\/"},{"@type":"ListItem","position":3,"name":"69.G"}]},{"@type":"WebSite","@id":"https:\/\/www.trikomaseeds.com\/el\/#website","url":"https:\/\/www.trikomaseeds.com\/el\/","name":"Trikoma Seeds","description":"Semillas de Marihuana Auto, Feminizadas y medicinales","potentialAction":[{"@type":"SearchAction","target":{"@type":"EntryPoint","urlTemplate":"https:\/\/www.trikomaseeds.com\/el\/?s={search_term_string}"},"query-input":{"@type":"PropertyValueSpecification","valueRequired":true,"valueName":"search_term_string"}}],"inLanguage":"el"}]}},"_links":{"self":[{"href":"https:\/\/www.trikomaseeds.com\/el\/wp-json\/wp\/v2\/product\/11538","targetHints":{"allow":["GET"]}}],"collection":[{"href":"https:\/\/www.trikomaseeds.com\/el\/wp-json\/wp\/v2\/product"}],"about":[{"href":"https:\/\/www.trikomaseeds.com\/el\/wp-json\/wp\/v2\/types\/product"}],"replies":[{"embeddable":true,"href":"https:\/\/www.trikomaseeds.com\/el\/wp-json\/wp\/v2\/comments?post=11538"}],"wp:featuredmedia":[{"embeddable":true,"href":"https:\/\/www.trikomaseeds.com\/el\/wp-json\/wp\/v2\/media\/11562"}],"wp:attachment":[{"href":"https:\/\/www.trikomaseeds.com\/el\/wp-json\/wp\/v2\/media?parent=11538"}],"wp:term":[{"taxonomy":"product_cat","embeddable":true,"href":"https:\/\/www.trikomaseeds.com\/el\/wp-json\/wp\/v2\/product_cat?post=11538"},{"taxonomy":"product_tag","embeddable":true,"href":"https:\/\/www.trikomaseeds.com\/el\/wp-json\/wp\/v2\/product_tag?post=11538"}],"curies":[{"name":"wp","href":"https:\/\/api.w.org\/{rel}","templated":true}]}}