{"id":1114,"date":"2019-09-24T14:19:35","date_gmt":"2019-09-24T12:19:35","guid":{"rendered":"http:\/\/www.trikomaseeds.com\/semillas\/jack-herer\/"},"modified":"2019-12-04T10:18:53","modified_gmt":"2019-12-04T09:18:53","slug":"jack-herer","status":"publish","type":"product","link":"https:\/\/www.trikomaseeds.com\/el\/sporous\/jack-herer\/","title":{"rendered":"Jack Herer"},"content":{"rendered":"<h3 class=\"dotted_title uppercase\">EIGENSCHAFTEN<\/h3>\n<ul class=\"check\">\n<li>Genetisch: Jack Herer<\/li>\n<li>Genotype: Sativa 90% -\/\/- Indica 10%<\/li>\n<li>Ertrag Indoor: 550 g\/m<sup>2<\/sup>\u00a0(Mit 600W Licht)<\/li>\n<li>Ertrag Outdoor: 1 &#8211; 2 Kg.\/Pflanze<\/li>\n<li>Bl\u00fctezeit Indoor: 77 &#8211; 85 tage<\/li>\n<li>Bl\u00fctezeit Outdoor: 4\/4 Oktober<\/li>\n<li>Bl\u00fctezeit Lateinamerika: 4\/4 April<\/li>\n<\/ul>\n","protected":false},"excerpt":{"rendered":"<p align=\"justify\">Trotz ihres Sativa- Genotyps ist diese Sorte eine unserer produktivsten. Sie zeichnet sich durch die \u00fcblichen Eigenschaften von Haze-Sorten aus, wie einer psychoaktiven Wirkung und einer l\u00e4ngeren Bl\u00fctezeit. Im Geschmack hat sie eine leichte Limettennote, ein Aroma nach Weihrauch. Sie erreicht eine beeindruckende Gr\u00f6\u00dfe und H\u00f6he und entwickelt dicke, l\u00e4ngliche St\u00e4ngel.<\/p>\n<p><strong>THC:\u00a0<span class=\"destacado\">20%<\/span><\/strong><\/p>\n","protected":false},"featured_media":609,"comment_status":"open","ping_status":"closed","template":"","meta":[],"product_cat":[104],"product_tag":[370],"class_list":{"0":"post-1114","1":"product","2":"type-product","3":"status-publish","4":"has-post-thumbnail","6":"product_cat-feminismeno","7":"product_tag-feminismeno-gr","9":"first","10":"instock","11":"shipping-taxable","12":"purchasable","13":"product-type-variable","14":"has-default-attributes"},"yoast_head":"<!-- This site is optimized with the Yoast SEO plugin v25.6 - https:\/\/yoast.com\/wordpress\/plugins\/seo\/ -->\n<title>Jack Herer: \u03a3\u03c0\u03cc\u03c1\u03bf\u03b9 \u03bc\u03b1\u03c1\u03b9\u03c7\u03bf\u03c5\u03ac\u03bd\u03b1\u03c2 Trikoma Seeds<\/title>\n<meta name=\"description\" content=\"Jack Herer: \u03a3\u03c0\u03cc\u03c1\u03bf\u03b9 \u03bc\u03b1\u03c1\u03b9\u03c7\u03bf\u03c5\u03ac\u03bd\u03b1\u03c2 Trikoma Seeds. \u039a\u03b1\u03bb\u03bb\u03b9\u03ad\u03c1\u03b3\u03b7\u03c3\u03b5 \u03b8\u03b7\u03bb\u03c5\u03ba\u03ac, \u03b1\u03c5\u03c4\u03cc\u03bc\u03b1\u03c4\u03b1 \u03ae CBD \u03c6\u03c5\u03c4\u03ac \u03ba\u03ac\u03bd\u03bd\u03b1\u03b2\u03b7\u03c2 \u03c3\u03c4\u03b7\u03bd \u03ba\u03b1\u03bb\u03c5\u03c4\u03b5\u03c1\u03b7 \u03c4\u03b9\u03bc\u03ae. \u0391\u03c0\u03bf\u03c3\u03c4\u03bf\u03bb\u03ad\u03c2 \u03bc\u03b5 \u03b4\u03b9\u03b1\u03ba\u03c1\u03b9\u03c4\u03b9\u03ba\u03cc\u03c4\u03b7\u03c4\u03b1 \u03ba\u03b1\u03b9 \u03b1\u03c3\u03c6\u03ac\u03bb\u03b5\u03b9\u03b1 \u03c3\u03c4\u03b7 \u03c7\u03ce\u03c1\u03b1 \u03c3\u03bf\u03c5\" \/>\n<meta name=\"robots\" content=\"index, follow, max-snippet:-1, max-image-preview:large, max-video-preview:-1\" \/>\n<link rel=\"canonical\" href=\"https:\/\/www.trikomaseeds.com\/el\/sporous\/jack-herer\/\" \/>\n<meta property=\"og:locale\" content=\"el_GR\" \/>\n<meta property=\"og:type\" content=\"article\" \/>\n<meta property=\"og:title\" content=\"Jack Herer: \u03a3\u03c0\u03cc\u03c1\u03bf\u03b9 \u03bc\u03b1\u03c1\u03b9\u03c7\u03bf\u03c5\u03ac\u03bd\u03b1\u03c2 Trikoma Seeds\" \/>\n<meta property=\"og:description\" content=\"Jack Herer: \u03a3\u03c0\u03cc\u03c1\u03bf\u03b9 \u03bc\u03b1\u03c1\u03b9\u03c7\u03bf\u03c5\u03ac\u03bd\u03b1\u03c2 Trikoma Seeds. \u039a\u03b1\u03bb\u03bb\u03b9\u03ad\u03c1\u03b3\u03b7\u03c3\u03b5 \u03b8\u03b7\u03bb\u03c5\u03ba\u03ac, \u03b1\u03c5\u03c4\u03cc\u03bc\u03b1\u03c4\u03b1 \u03ae CBD \u03c6\u03c5\u03c4\u03ac \u03ba\u03ac\u03bd\u03bd\u03b1\u03b2\u03b7\u03c2 \u03c3\u03c4\u03b7\u03bd \u03ba\u03b1\u03bb\u03c5\u03c4\u03b5\u03c1\u03b7 \u03c4\u03b9\u03bc\u03ae. \u0391\u03c0\u03bf\u03c3\u03c4\u03bf\u03bb\u03ad\u03c2 \u03bc\u03b5 \u03b4\u03b9\u03b1\u03ba\u03c1\u03b9\u03c4\u03b9\u03ba\u03cc\u03c4\u03b7\u03c4\u03b1 \u03ba\u03b1\u03b9 \u03b1\u03c3\u03c6\u03ac\u03bb\u03b5\u03b9\u03b1 \u03c3\u03c4\u03b7 \u03c7\u03ce\u03c1\u03b1 \u03c3\u03bf\u03c5\" \/>\n<meta property=\"og:url\" content=\"https:\/\/www.trikomaseeds.com\/el\/sporous\/jack-herer\/\" \/>\n<meta property=\"og:site_name\" content=\"Trikoma Seeds\" \/>\n<meta property=\"article:modified_time\" content=\"2019-12-04T09:18:53+00:00\" \/>\n<meta property=\"og:image\" content=\"https:\/\/www.trikomaseeds.com\/wp-content\/uploads\/2019\/09\/JackHerer_Trikoma_seeds_72-800x800.jpg\" \/>\n\t<meta property=\"og:image:width\" content=\"800\" \/>\n\t<meta property=\"og:image:height\" content=\"800\" \/>\n\t<meta property=\"og:image:type\" content=\"image\/jpeg\" \/>\n<meta name=\"twitter:card\" content=\"summary_large_image\" \/>\n<script type=\"application\/ld+json\" class=\"yoast-schema-graph\">{\"@context\":\"https:\/\/schema.org\",\"@graph\":[{\"@type\":\"WebPage\",\"@id\":\"https:\/\/www.trikomaseeds.com\/el\/sporous\/jack-herer\/\",\"url\":\"https:\/\/www.trikomaseeds.com\/el\/sporous\/jack-herer\/\",\"name\":\"Jack Herer: \u03a3\u03c0\u03cc\u03c1\u03bf\u03b9 \u03bc\u03b1\u03c1\u03b9\u03c7\u03bf\u03c5\u03ac\u03bd\u03b1\u03c2 Trikoma Seeds\",\"isPartOf\":{\"@id\":\"https:\/\/www.trikomaseeds.com\/el\/#website\"},\"primaryImageOfPage\":{\"@id\":\"https:\/\/www.trikomaseeds.com\/el\/sporous\/jack-herer\/#primaryimage\"},\"image\":{\"@id\":\"https:\/\/www.trikomaseeds.com\/el\/sporous\/jack-herer\/#primaryimage\"},\"thumbnailUrl\":\"https:\/\/www.trikomaseeds.com\/wp-content\/uploads\/2019\/09\/JackHerer_Trikoma_seeds_72-800x800.jpg\",\"datePublished\":\"2019-09-24T12:19:35+00:00\",\"dateModified\":\"2019-12-04T09:18:53+00:00\",\"description\":\"Jack Herer: \u03a3\u03c0\u03cc\u03c1\u03bf\u03b9 \u03bc\u03b1\u03c1\u03b9\u03c7\u03bf\u03c5\u03ac\u03bd\u03b1\u03c2 Trikoma Seeds. \u039a\u03b1\u03bb\u03bb\u03b9\u03ad\u03c1\u03b3\u03b7\u03c3\u03b5 \u03b8\u03b7\u03bb\u03c5\u03ba\u03ac, \u03b1\u03c5\u03c4\u03cc\u03bc\u03b1\u03c4\u03b1 \u03ae CBD \u03c6\u03c5\u03c4\u03ac \u03ba\u03ac\u03bd\u03bd\u03b1\u03b2\u03b7\u03c2 \u03c3\u03c4\u03b7\u03bd \u03ba\u03b1\u03bb\u03c5\u03c4\u03b5\u03c1\u03b7 \u03c4\u03b9\u03bc\u03ae. \u0391\u03c0\u03bf\u03c3\u03c4\u03bf\u03bb\u03ad\u03c2 \u03bc\u03b5 \u03b4\u03b9\u03b1\u03ba\u03c1\u03b9\u03c4\u03b9\u03ba\u03cc\u03c4\u03b7\u03c4\u03b1 \u03ba\u03b1\u03b9 \u03b1\u03c3\u03c6\u03ac\u03bb\u03b5\u03b9\u03b1 \u03c3\u03c4\u03b7 \u03c7\u03ce\u03c1\u03b1 \u03c3\u03bf\u03c5\",\"breadcrumb\":{\"@id\":\"https:\/\/www.trikomaseeds.com\/el\/sporous\/jack-herer\/#breadcrumb\"},\"inLanguage\":\"el\",\"potentialAction\":[{\"@type\":\"ReadAction\",\"target\":[\"https:\/\/www.trikomaseeds.com\/el\/sporous\/jack-herer\/\"]}]},{\"@type\":\"ImageObject\",\"inLanguage\":\"el\",\"@id\":\"https:\/\/www.trikomaseeds.com\/el\/sporous\/jack-herer\/#primaryimage\",\"url\":\"https:\/\/www.trikomaseeds.com\/wp-content\/uploads\/2019\/09\/JackHerer_Trikoma_seeds_72-800x800.jpg\",\"contentUrl\":\"https:\/\/www.trikomaseeds.com\/wp-content\/uploads\/2019\/09\/JackHerer_Trikoma_seeds_72-800x800.jpg\",\"width\":800,\"height\":800},{\"@type\":\"BreadcrumbList\",\"@id\":\"https:\/\/www.trikomaseeds.com\/el\/sporous\/jack-herer\/#breadcrumb\",\"itemListElement\":[{\"@type\":\"ListItem\",\"position\":1,\"name\":\"Portada\",\"item\":\"https:\/\/www.trikomaseeds.com\/el\/\"},{\"@type\":\"ListItem\",\"position\":2,\"name\":\"Shop\",\"item\":\"https:\/\/www.trikomaseeds.com\/el\/shop\/\"},{\"@type\":\"ListItem\",\"position\":3,\"name\":\"Jack Herer\"}]},{\"@type\":\"WebSite\",\"@id\":\"https:\/\/www.trikomaseeds.com\/el\/#website\",\"url\":\"https:\/\/www.trikomaseeds.com\/el\/\",\"name\":\"Trikoma Seeds\",\"description\":\"Semillas de Marihuana Auto, Feminizadas y medicinales\",\"potentialAction\":[{\"@type\":\"SearchAction\",\"target\":{\"@type\":\"EntryPoint\",\"urlTemplate\":\"https:\/\/www.trikomaseeds.com\/el\/?s={search_term_string}\"},\"query-input\":{\"@type\":\"PropertyValueSpecification\",\"valueRequired\":true,\"valueName\":\"search_term_string\"}}],\"inLanguage\":\"el\"}]}<\/script>\n<!-- \/ Yoast SEO plugin. -->","yoast_head_json":{"title":"Jack Herer: \u03a3\u03c0\u03cc\u03c1\u03bf\u03b9 \u03bc\u03b1\u03c1\u03b9\u03c7\u03bf\u03c5\u03ac\u03bd\u03b1\u03c2 Trikoma Seeds","description":"Jack Herer: \u03a3\u03c0\u03cc\u03c1\u03bf\u03b9 \u03bc\u03b1\u03c1\u03b9\u03c7\u03bf\u03c5\u03ac\u03bd\u03b1\u03c2 Trikoma Seeds. \u039a\u03b1\u03bb\u03bb\u03b9\u03ad\u03c1\u03b3\u03b7\u03c3\u03b5 \u03b8\u03b7\u03bb\u03c5\u03ba\u03ac, \u03b1\u03c5\u03c4\u03cc\u03bc\u03b1\u03c4\u03b1 \u03ae CBD \u03c6\u03c5\u03c4\u03ac \u03ba\u03ac\u03bd\u03bd\u03b1\u03b2\u03b7\u03c2 \u03c3\u03c4\u03b7\u03bd \u03ba\u03b1\u03bb\u03c5\u03c4\u03b5\u03c1\u03b7 \u03c4\u03b9\u03bc\u03ae. \u0391\u03c0\u03bf\u03c3\u03c4\u03bf\u03bb\u03ad\u03c2 \u03bc\u03b5 \u03b4\u03b9\u03b1\u03ba\u03c1\u03b9\u03c4\u03b9\u03ba\u03cc\u03c4\u03b7\u03c4\u03b1 \u03ba\u03b1\u03b9 \u03b1\u03c3\u03c6\u03ac\u03bb\u03b5\u03b9\u03b1 \u03c3\u03c4\u03b7 \u03c7\u03ce\u03c1\u03b1 \u03c3\u03bf\u03c5","robots":{"index":"index","follow":"follow","max-snippet":"max-snippet:-1","max-image-preview":"max-image-preview:large","max-video-preview":"max-video-preview:-1"},"canonical":"https:\/\/www.trikomaseeds.com\/el\/sporous\/jack-herer\/","og_locale":"el_GR","og_type":"article","og_title":"Jack Herer: \u03a3\u03c0\u03cc\u03c1\u03bf\u03b9 \u03bc\u03b1\u03c1\u03b9\u03c7\u03bf\u03c5\u03ac\u03bd\u03b1\u03c2 Trikoma Seeds","og_description":"Jack Herer: \u03a3\u03c0\u03cc\u03c1\u03bf\u03b9 \u03bc\u03b1\u03c1\u03b9\u03c7\u03bf\u03c5\u03ac\u03bd\u03b1\u03c2 Trikoma Seeds. \u039a\u03b1\u03bb\u03bb\u03b9\u03ad\u03c1\u03b3\u03b7\u03c3\u03b5 \u03b8\u03b7\u03bb\u03c5\u03ba\u03ac, \u03b1\u03c5\u03c4\u03cc\u03bc\u03b1\u03c4\u03b1 \u03ae CBD \u03c6\u03c5\u03c4\u03ac \u03ba\u03ac\u03bd\u03bd\u03b1\u03b2\u03b7\u03c2 \u03c3\u03c4\u03b7\u03bd \u03ba\u03b1\u03bb\u03c5\u03c4\u03b5\u03c1\u03b7 \u03c4\u03b9\u03bc\u03ae. \u0391\u03c0\u03bf\u03c3\u03c4\u03bf\u03bb\u03ad\u03c2 \u03bc\u03b5 \u03b4\u03b9\u03b1\u03ba\u03c1\u03b9\u03c4\u03b9\u03ba\u03cc\u03c4\u03b7\u03c4\u03b1 \u03ba\u03b1\u03b9 \u03b1\u03c3\u03c6\u03ac\u03bb\u03b5\u03b9\u03b1 \u03c3\u03c4\u03b7 \u03c7\u03ce\u03c1\u03b1 \u03c3\u03bf\u03c5","og_url":"https:\/\/www.trikomaseeds.com\/el\/sporous\/jack-herer\/","og_site_name":"Trikoma Seeds","article_modified_time":"2019-12-04T09:18:53+00:00","og_image":[{"width":800,"height":800,"url":"https:\/\/www.trikomaseeds.com\/wp-content\/uploads\/2019\/09\/JackHerer_Trikoma_seeds_72-800x800.jpg","type":"image\/jpeg"}],"twitter_card":"summary_large_image","schema":{"@context":"https:\/\/schema.org","@graph":[{"@type":"WebPage","@id":"https:\/\/www.trikomaseeds.com\/el\/sporous\/jack-herer\/","url":"https:\/\/www.trikomaseeds.com\/el\/sporous\/jack-herer\/","name":"Jack Herer: \u03a3\u03c0\u03cc\u03c1\u03bf\u03b9 \u03bc\u03b1\u03c1\u03b9\u03c7\u03bf\u03c5\u03ac\u03bd\u03b1\u03c2 Trikoma Seeds","isPartOf":{"@id":"https:\/\/www.trikomaseeds.com\/el\/#website"},"primaryImageOfPage":{"@id":"https:\/\/www.trikomaseeds.com\/el\/sporous\/jack-herer\/#primaryimage"},"image":{"@id":"https:\/\/www.trikomaseeds.com\/el\/sporous\/jack-herer\/#primaryimage"},"thumbnailUrl":"https:\/\/www.trikomaseeds.com\/wp-content\/uploads\/2019\/09\/JackHerer_Trikoma_seeds_72-800x800.jpg","datePublished":"2019-09-24T12:19:35+00:00","dateModified":"2019-12-04T09:18:53+00:00","description":"Jack Herer: \u03a3\u03c0\u03cc\u03c1\u03bf\u03b9 \u03bc\u03b1\u03c1\u03b9\u03c7\u03bf\u03c5\u03ac\u03bd\u03b1\u03c2 Trikoma Seeds. \u039a\u03b1\u03bb\u03bb\u03b9\u03ad\u03c1\u03b3\u03b7\u03c3\u03b5 \u03b8\u03b7\u03bb\u03c5\u03ba\u03ac, \u03b1\u03c5\u03c4\u03cc\u03bc\u03b1\u03c4\u03b1 \u03ae CBD \u03c6\u03c5\u03c4\u03ac \u03ba\u03ac\u03bd\u03bd\u03b1\u03b2\u03b7\u03c2 \u03c3\u03c4\u03b7\u03bd \u03ba\u03b1\u03bb\u03c5\u03c4\u03b5\u03c1\u03b7 \u03c4\u03b9\u03bc\u03ae. \u0391\u03c0\u03bf\u03c3\u03c4\u03bf\u03bb\u03ad\u03c2 \u03bc\u03b5 \u03b4\u03b9\u03b1\u03ba\u03c1\u03b9\u03c4\u03b9\u03ba\u03cc\u03c4\u03b7\u03c4\u03b1 \u03ba\u03b1\u03b9 \u03b1\u03c3\u03c6\u03ac\u03bb\u03b5\u03b9\u03b1 \u03c3\u03c4\u03b7 \u03c7\u03ce\u03c1\u03b1 \u03c3\u03bf\u03c5","breadcrumb":{"@id":"https:\/\/www.trikomaseeds.com\/el\/sporous\/jack-herer\/#breadcrumb"},"inLanguage":"el","potentialAction":[{"@type":"ReadAction","target":["https:\/\/www.trikomaseeds.com\/el\/sporous\/jack-herer\/"]}]},{"@type":"ImageObject","inLanguage":"el","@id":"https:\/\/www.trikomaseeds.com\/el\/sporous\/jack-herer\/#primaryimage","url":"https:\/\/www.trikomaseeds.com\/wp-content\/uploads\/2019\/09\/JackHerer_Trikoma_seeds_72-800x800.jpg","contentUrl":"https:\/\/www.trikomaseeds.com\/wp-content\/uploads\/2019\/09\/JackHerer_Trikoma_seeds_72-800x800.jpg","width":800,"height":800},{"@type":"BreadcrumbList","@id":"https:\/\/www.trikomaseeds.com\/el\/sporous\/jack-herer\/#breadcrumb","itemListElement":[{"@type":"ListItem","position":1,"name":"Portada","item":"https:\/\/www.trikomaseeds.com\/el\/"},{"@type":"ListItem","position":2,"name":"Shop","item":"https:\/\/www.trikomaseeds.com\/el\/shop\/"},{"@type":"ListItem","position":3,"name":"Jack Herer"}]},{"@type":"WebSite","@id":"https:\/\/www.trikomaseeds.com\/el\/#website","url":"https:\/\/www.trikomaseeds.com\/el\/","name":"Trikoma Seeds","description":"Semillas de Marihuana Auto, Feminizadas y medicinales","potentialAction":[{"@type":"SearchAction","target":{"@type":"EntryPoint","urlTemplate":"https:\/\/www.trikomaseeds.com\/el\/?s={search_term_string}"},"query-input":{"@type":"PropertyValueSpecification","valueRequired":true,"valueName":"search_term_string"}}],"inLanguage":"el"}]}},"_links":{"self":[{"href":"https:\/\/www.trikomaseeds.com\/el\/wp-json\/wp\/v2\/product\/1114","targetHints":{"allow":["GET"]}}],"collection":[{"href":"https:\/\/www.trikomaseeds.com\/el\/wp-json\/wp\/v2\/product"}],"about":[{"href":"https:\/\/www.trikomaseeds.com\/el\/wp-json\/wp\/v2\/types\/product"}],"replies":[{"embeddable":true,"href":"https:\/\/www.trikomaseeds.com\/el\/wp-json\/wp\/v2\/comments?post=1114"}],"wp:featuredmedia":[{"embeddable":true,"href":"https:\/\/www.trikomaseeds.com\/el\/wp-json\/wp\/v2\/media\/609"}],"wp:attachment":[{"href":"https:\/\/www.trikomaseeds.com\/el\/wp-json\/wp\/v2\/media?parent=1114"}],"wp:term":[{"taxonomy":"product_cat","embeddable":true,"href":"https:\/\/www.trikomaseeds.com\/el\/wp-json\/wp\/v2\/product_cat?post=1114"},{"taxonomy":"product_tag","embeddable":true,"href":"https:\/\/www.trikomaseeds.com\/el\/wp-json\/wp\/v2\/product_tag?post=1114"}],"curies":[{"name":"wp","href":"https:\/\/api.w.org\/{rel}","templated":true}]}}