{"id":964,"date":"2019-09-24T14:14:43","date_gmt":"2019-09-24T12:14:43","guid":{"rendered":"http:\/\/www.trikomaseeds.com\/semillas\/blueberry\/"},"modified":"2019-12-04T09:16:44","modified_gmt":"2019-12-04T08:16:44","slug":"blueberry","status":"publish","type":"product","link":"https:\/\/www.trikomaseeds.com\/de\/samen\/blueberry\/","title":{"rendered":"Blueberry"},"content":{"rendered":"<h3 class=\"dotted_title uppercase\">EIGENSCHAFTEN<\/h3>\n<ul class=\"check\">\n<li>Genetisch: Blueberry<\/li>\n<li>Genotype: Sativa 20% -\/\/- Indica 80%<\/li>\n<li>Ertrag Indoor: 550 g\/m<sup>2<\/sup>\u00a0(Mit 600W Licht)<\/li>\n<li>Ertrag Outdoor: 0.5 &#8211; 1,5 Kg.\/Pflanze<\/li>\n<li>Bl\u00fctezeit Indoor: 60 tage<\/li>\n<li>Bl\u00fctezeit Outdoor: 4\/4 September<\/li>\n<li>Bl\u00fctezeit Lateinamerika: 4\/4 M\u00e4rz<\/li>\n<\/ul>\n","protected":false},"excerpt":{"rendered":"<p align=\"justify\">Nach einer langen Suche einer Blueberry f\u00fcr euch haben wir diese Indica-Pflanze von kompakter Gr\u00f6\u00dfe und sehr dicken, ziemlich harzigen Buds ausgesucht. Ihr s\u00fc\u00dflicher Geschmack hat eine leichte Heidelbeer-Note. Ihre Wirkung ist gleichzeitig euphorisch und entspannend. Bei niedrigen Temperaturen neigt sie zu bl\u00e4ulichen Farbt\u00f6nen.<\/p>\n<p><strong>THC:\u00a0<span class=\"destacado\">19%<\/span><\/strong><\/p>\n","protected":false},"featured_media":587,"comment_status":"open","ping_status":"closed","template":"","meta":[],"product_cat":[99],"product_tag":[362],"class_list":{"0":"post-964","1":"product","2":"type-product","3":"status-publish","4":"has-post-thumbnail","6":"product_cat-feminisiert","7":"product_tag-feminisiert-de","9":"first","10":"instock","11":"shipping-taxable","12":"purchasable","13":"product-type-variable","14":"has-default-attributes"},"yoast_head":"<!-- This site is optimized with the Yoast SEO plugin v25.6 - https:\/\/yoast.com\/wordpress\/plugins\/seo\/ -->\n<title>Blueberry: Trikoma Seeds Marihuana-Samen<\/title>\n<meta name=\"description\" content=\"Blueberry: Trikoma Seeds Marihuana-Samen. Kultiviere feminisierte, Autoflowering- oder CBD-Pflanzen zum besten Preis. Diskreter und sicherer Versand in Ihr Land.\" \/>\n<meta name=\"robots\" content=\"index, follow, max-snippet:-1, max-image-preview:large, max-video-preview:-1\" \/>\n<link rel=\"canonical\" href=\"https:\/\/www.trikomaseeds.com\/de\/samen\/blueberry\/\" \/>\n<meta property=\"og:locale\" content=\"de_DE\" \/>\n<meta property=\"og:type\" content=\"article\" \/>\n<meta property=\"og:title\" content=\"Blueberry: Trikoma Seeds Marihuana-Samen\" \/>\n<meta property=\"og:description\" content=\"Blueberry: Trikoma Seeds Marihuana-Samen. Kultiviere feminisierte, Autoflowering- oder CBD-Pflanzen zum besten Preis. Diskreter und sicherer Versand in Ihr Land.\" \/>\n<meta property=\"og:url\" content=\"https:\/\/www.trikomaseeds.com\/de\/samen\/blueberry\/\" \/>\n<meta property=\"og:site_name\" content=\"Trikoma Seeds\" \/>\n<meta property=\"article:modified_time\" content=\"2019-12-04T08:16:44+00:00\" \/>\n<meta property=\"og:image\" content=\"https:\/\/www.trikomaseeds.com\/wp-content\/uploads\/2019\/09\/BlueBerry_Trikoma_seeds_72-800x800.jpg\" \/>\n\t<meta property=\"og:image:width\" content=\"800\" \/>\n\t<meta property=\"og:image:height\" content=\"800\" \/>\n\t<meta property=\"og:image:type\" content=\"image\/jpeg\" \/>\n<meta name=\"twitter:card\" content=\"summary_large_image\" \/>\n<script type=\"application\/ld+json\" class=\"yoast-schema-graph\">{\"@context\":\"https:\/\/schema.org\",\"@graph\":[{\"@type\":\"WebPage\",\"@id\":\"https:\/\/www.trikomaseeds.com\/de\/samen\/blueberry\/\",\"url\":\"https:\/\/www.trikomaseeds.com\/de\/samen\/blueberry\/\",\"name\":\"Blueberry: Trikoma Seeds Marihuana-Samen\",\"isPartOf\":{\"@id\":\"https:\/\/www.trikomaseeds.com\/de\/#website\"},\"primaryImageOfPage\":{\"@id\":\"https:\/\/www.trikomaseeds.com\/de\/samen\/blueberry\/#primaryimage\"},\"image\":{\"@id\":\"https:\/\/www.trikomaseeds.com\/de\/samen\/blueberry\/#primaryimage\"},\"thumbnailUrl\":\"https:\/\/www.trikomaseeds.com\/wp-content\/uploads\/2019\/09\/BlueBerry_Trikoma_seeds_72-800x800.jpg\",\"datePublished\":\"2019-09-24T12:14:43+00:00\",\"dateModified\":\"2019-12-04T08:16:44+00:00\",\"description\":\"Blueberry: Trikoma Seeds Marihuana-Samen. Kultiviere feminisierte, Autoflowering- oder CBD-Pflanzen zum besten Preis. Diskreter und sicherer Versand in Ihr Land.\",\"breadcrumb\":{\"@id\":\"https:\/\/www.trikomaseeds.com\/de\/samen\/blueberry\/#breadcrumb\"},\"inLanguage\":\"de\",\"potentialAction\":[{\"@type\":\"ReadAction\",\"target\":[\"https:\/\/www.trikomaseeds.com\/de\/samen\/blueberry\/\"]}]},{\"@type\":\"ImageObject\",\"inLanguage\":\"de\",\"@id\":\"https:\/\/www.trikomaseeds.com\/de\/samen\/blueberry\/#primaryimage\",\"url\":\"https:\/\/www.trikomaseeds.com\/wp-content\/uploads\/2019\/09\/BlueBerry_Trikoma_seeds_72-800x800.jpg\",\"contentUrl\":\"https:\/\/www.trikomaseeds.com\/wp-content\/uploads\/2019\/09\/BlueBerry_Trikoma_seeds_72-800x800.jpg\",\"width\":800,\"height\":800},{\"@type\":\"BreadcrumbList\",\"@id\":\"https:\/\/www.trikomaseeds.com\/de\/samen\/blueberry\/#breadcrumb\",\"itemListElement\":[{\"@type\":\"ListItem\",\"position\":1,\"name\":\"Portada\",\"item\":\"https:\/\/www.trikomaseeds.com\/de\/\"},{\"@type\":\"ListItem\",\"position\":2,\"name\":\"Shop\",\"item\":\"https:\/\/www.trikomaseeds.com\/de\/shop-3\/\"},{\"@type\":\"ListItem\",\"position\":3,\"name\":\"Blueberry\"}]},{\"@type\":\"WebSite\",\"@id\":\"https:\/\/www.trikomaseeds.com\/de\/#website\",\"url\":\"https:\/\/www.trikomaseeds.com\/de\/\",\"name\":\"Trikoma Seeds\",\"description\":\"Semillas de Marihuana Auto, Feminizadas y medicinales\",\"potentialAction\":[{\"@type\":\"SearchAction\",\"target\":{\"@type\":\"EntryPoint\",\"urlTemplate\":\"https:\/\/www.trikomaseeds.com\/de\/?s={search_term_string}\"},\"query-input\":{\"@type\":\"PropertyValueSpecification\",\"valueRequired\":true,\"valueName\":\"search_term_string\"}}],\"inLanguage\":\"de\"}]}<\/script>\n<!-- \/ Yoast SEO plugin. -->","yoast_head_json":{"title":"Blueberry: Trikoma Seeds Marihuana-Samen","description":"Blueberry: Trikoma Seeds Marihuana-Samen. Kultiviere feminisierte, Autoflowering- oder CBD-Pflanzen zum besten Preis. Diskreter und sicherer Versand in Ihr Land.","robots":{"index":"index","follow":"follow","max-snippet":"max-snippet:-1","max-image-preview":"max-image-preview:large","max-video-preview":"max-video-preview:-1"},"canonical":"https:\/\/www.trikomaseeds.com\/de\/samen\/blueberry\/","og_locale":"de_DE","og_type":"article","og_title":"Blueberry: Trikoma Seeds Marihuana-Samen","og_description":"Blueberry: Trikoma Seeds Marihuana-Samen. Kultiviere feminisierte, Autoflowering- oder CBD-Pflanzen zum besten Preis. Diskreter und sicherer Versand in Ihr Land.","og_url":"https:\/\/www.trikomaseeds.com\/de\/samen\/blueberry\/","og_site_name":"Trikoma Seeds","article_modified_time":"2019-12-04T08:16:44+00:00","og_image":[{"width":800,"height":800,"url":"https:\/\/www.trikomaseeds.com\/wp-content\/uploads\/2019\/09\/BlueBerry_Trikoma_seeds_72-800x800.jpg","type":"image\/jpeg"}],"twitter_card":"summary_large_image","schema":{"@context":"https:\/\/schema.org","@graph":[{"@type":"WebPage","@id":"https:\/\/www.trikomaseeds.com\/de\/samen\/blueberry\/","url":"https:\/\/www.trikomaseeds.com\/de\/samen\/blueberry\/","name":"Blueberry: Trikoma Seeds Marihuana-Samen","isPartOf":{"@id":"https:\/\/www.trikomaseeds.com\/de\/#website"},"primaryImageOfPage":{"@id":"https:\/\/www.trikomaseeds.com\/de\/samen\/blueberry\/#primaryimage"},"image":{"@id":"https:\/\/www.trikomaseeds.com\/de\/samen\/blueberry\/#primaryimage"},"thumbnailUrl":"https:\/\/www.trikomaseeds.com\/wp-content\/uploads\/2019\/09\/BlueBerry_Trikoma_seeds_72-800x800.jpg","datePublished":"2019-09-24T12:14:43+00:00","dateModified":"2019-12-04T08:16:44+00:00","description":"Blueberry: Trikoma Seeds Marihuana-Samen. Kultiviere feminisierte, Autoflowering- oder CBD-Pflanzen zum besten Preis. Diskreter und sicherer Versand in Ihr Land.","breadcrumb":{"@id":"https:\/\/www.trikomaseeds.com\/de\/samen\/blueberry\/#breadcrumb"},"inLanguage":"de","potentialAction":[{"@type":"ReadAction","target":["https:\/\/www.trikomaseeds.com\/de\/samen\/blueberry\/"]}]},{"@type":"ImageObject","inLanguage":"de","@id":"https:\/\/www.trikomaseeds.com\/de\/samen\/blueberry\/#primaryimage","url":"https:\/\/www.trikomaseeds.com\/wp-content\/uploads\/2019\/09\/BlueBerry_Trikoma_seeds_72-800x800.jpg","contentUrl":"https:\/\/www.trikomaseeds.com\/wp-content\/uploads\/2019\/09\/BlueBerry_Trikoma_seeds_72-800x800.jpg","width":800,"height":800},{"@type":"BreadcrumbList","@id":"https:\/\/www.trikomaseeds.com\/de\/samen\/blueberry\/#breadcrumb","itemListElement":[{"@type":"ListItem","position":1,"name":"Portada","item":"https:\/\/www.trikomaseeds.com\/de\/"},{"@type":"ListItem","position":2,"name":"Shop","item":"https:\/\/www.trikomaseeds.com\/de\/shop-3\/"},{"@type":"ListItem","position":3,"name":"Blueberry"}]},{"@type":"WebSite","@id":"https:\/\/www.trikomaseeds.com\/de\/#website","url":"https:\/\/www.trikomaseeds.com\/de\/","name":"Trikoma Seeds","description":"Semillas de Marihuana Auto, Feminizadas y medicinales","potentialAction":[{"@type":"SearchAction","target":{"@type":"EntryPoint","urlTemplate":"https:\/\/www.trikomaseeds.com\/de\/?s={search_term_string}"},"query-input":{"@type":"PropertyValueSpecification","valueRequired":true,"valueName":"search_term_string"}}],"inLanguage":"de"}]}},"_links":{"self":[{"href":"https:\/\/www.trikomaseeds.com\/de\/wp-json\/wp\/v2\/product\/964","targetHints":{"allow":["GET"]}}],"collection":[{"href":"https:\/\/www.trikomaseeds.com\/de\/wp-json\/wp\/v2\/product"}],"about":[{"href":"https:\/\/www.trikomaseeds.com\/de\/wp-json\/wp\/v2\/types\/product"}],"replies":[{"embeddable":true,"href":"https:\/\/www.trikomaseeds.com\/de\/wp-json\/wp\/v2\/comments?post=964"}],"wp:featuredmedia":[{"embeddable":true,"href":"https:\/\/www.trikomaseeds.com\/de\/wp-json\/wp\/v2\/media\/587"}],"wp:attachment":[{"href":"https:\/\/www.trikomaseeds.com\/de\/wp-json\/wp\/v2\/media?parent=964"}],"wp:term":[{"taxonomy":"product_cat","embeddable":true,"href":"https:\/\/www.trikomaseeds.com\/de\/wp-json\/wp\/v2\/product_cat?post=964"},{"taxonomy":"product_tag","embeddable":true,"href":"https:\/\/www.trikomaseeds.com\/de\/wp-json\/wp\/v2\/product_tag?post=964"}],"curies":[{"name":"wp","href":"https:\/\/api.w.org\/{rel}","templated":true}]}}