{"id":922,"date":"2019-09-24T13:56:00","date_gmt":"2019-09-24T11:56:00","guid":{"rendered":"http:\/\/www.trikomaseeds.com\/semillas\/al-tiro-auto\/"},"modified":"2019-10-30T19:24:13","modified_gmt":"2019-10-30T18:24:13","slug":"al-tiro-auto","status":"publish","type":"product","link":"https:\/\/www.trikomaseeds.com\/de\/samen\/al-tiro-auto\/","title":{"rendered":"Al Tiro Auto"},"content":{"rendered":"<h3 class=\"dotted_title uppercase\">EIGENSCHAFTEN<\/h3>\n<ul class=\"check\">\n<li>Genetisch: Ruderalis x Patagonia x Wendy<\/li>\n<li>Genotype: Auto bl\u00fchend<\/li>\n<li>Ertrag Indoor: 480 g\/m<sup>2<\/sup>\u00a0(Mit 600W Licht)<\/li>\n<li>Ertrag Outdoor: 50 &#8211; 200 g\/Pflanze<\/li>\n<li>Bl\u00fctezeit Indoor: 80 tage (18h)<\/li>\n<li>Bl\u00fctezeit Outdoor: 50 &#8211; 80 tage<\/li>\n<\/ul>\n","protected":false},"excerpt":{"rendered":"<p align=\"justify\">Der Name ist eine Anspielung auf den chilenischen Markt, wo \u201eal tiro\u201c (w\u00f6rtlich \u201eauf Schuss\u201c) bedeutet, dass man etwas sofort machen will. Diese mittelgro\u00dfe Autoflowering der letzten Generation von s\u00fc\u00dflichem Geschmack ist in Bezug auf Gr\u00f6\u00dfe und Ertrag sehr ausgeglichen. Sie produziert gro\u00dfe, kompakte Buds, so sichtbar und aromatisch wie die feminisierten Versionen.<\/p>\n<p><strong>THC:\u00a0<span class=\"destacado\">17%<\/span><\/strong><\/p>\n","protected":false},"featured_media":517,"comment_status":"open","ping_status":"closed","template":"","meta":[],"product_cat":[128],"product_tag":[363],"class_list":{"0":"post-922","1":"product","2":"type-product","3":"status-publish","4":"has-post-thumbnail","6":"product_cat-autoflowering","7":"product_tag-autoflorecientes-de","9":"first","10":"instock","11":"shipping-taxable","12":"purchasable","13":"product-type-variable","14":"has-default-attributes"},"yoast_head":"<!-- This site is optimized with the Yoast SEO plugin v25.6 - https:\/\/yoast.com\/wordpress\/plugins\/seo\/ -->\n<title>Al Tiro Auto: semillas de marihuana de Trikoma Seeds<\/title>\n<meta name=\"description\" content=\"Al Tiro Auto: semillas de marihuana de Trikoma Seeds. Cultiva plantas de cannabis feminizadas, autoflorecientes o CBD al mejor precio. Env\u00edos discretos y seguros a tu pa\u00eds\" \/>\n<meta name=\"robots\" content=\"index, follow, max-snippet:-1, max-image-preview:large, max-video-preview:-1\" \/>\n<link rel=\"canonical\" href=\"https:\/\/www.trikomaseeds.com\/de\/samen\/al-tiro-auto\/\" \/>\n<meta property=\"og:locale\" content=\"de_DE\" \/>\n<meta property=\"og:type\" content=\"article\" \/>\n<meta property=\"og:title\" content=\"Al Tiro Auto: semillas de marihuana de Trikoma Seeds\" \/>\n<meta property=\"og:description\" content=\"Al Tiro Auto: semillas de marihuana de Trikoma Seeds. Cultiva plantas de cannabis feminizadas, autoflorecientes o CBD al mejor precio. Env\u00edos discretos y seguros a tu pa\u00eds\" \/>\n<meta property=\"og:url\" content=\"https:\/\/www.trikomaseeds.com\/de\/samen\/al-tiro-auto\/\" \/>\n<meta property=\"og:site_name\" content=\"Trikoma Seeds\" \/>\n<meta property=\"article:modified_time\" content=\"2019-10-30T18:24:13+00:00\" \/>\n<meta property=\"og:image\" content=\"https:\/\/www.trikomaseeds.com\/wp-content\/uploads\/2019\/09\/altiro-800x800.jpg\" \/>\n\t<meta property=\"og:image:width\" content=\"800\" \/>\n\t<meta property=\"og:image:height\" content=\"800\" \/>\n\t<meta property=\"og:image:type\" content=\"image\/jpeg\" \/>\n<meta name=\"twitter:card\" content=\"summary_large_image\" \/>\n<script type=\"application\/ld+json\" class=\"yoast-schema-graph\">{\"@context\":\"https:\/\/schema.org\",\"@graph\":[{\"@type\":\"WebPage\",\"@id\":\"https:\/\/www.trikomaseeds.com\/de\/samen\/al-tiro-auto\/\",\"url\":\"https:\/\/www.trikomaseeds.com\/de\/samen\/al-tiro-auto\/\",\"name\":\"Al Tiro Auto: semillas de marihuana de Trikoma Seeds\",\"isPartOf\":{\"@id\":\"https:\/\/www.trikomaseeds.com\/de\/#website\"},\"primaryImageOfPage\":{\"@id\":\"https:\/\/www.trikomaseeds.com\/de\/samen\/al-tiro-auto\/#primaryimage\"},\"image\":{\"@id\":\"https:\/\/www.trikomaseeds.com\/de\/samen\/al-tiro-auto\/#primaryimage\"},\"thumbnailUrl\":\"https:\/\/www.trikomaseeds.com\/wp-content\/uploads\/2019\/09\/altiro-800x800.jpg\",\"datePublished\":\"2019-09-24T11:56:00+00:00\",\"dateModified\":\"2019-10-30T18:24:13+00:00\",\"description\":\"Al Tiro Auto: semillas de marihuana de Trikoma Seeds. Cultiva plantas de cannabis feminizadas, autoflorecientes o CBD al mejor precio. Env\u00edos discretos y seguros a tu pa\u00eds\",\"breadcrumb\":{\"@id\":\"https:\/\/www.trikomaseeds.com\/de\/samen\/al-tiro-auto\/#breadcrumb\"},\"inLanguage\":\"de\",\"potentialAction\":[{\"@type\":\"ReadAction\",\"target\":[\"https:\/\/www.trikomaseeds.com\/de\/samen\/al-tiro-auto\/\"]}]},{\"@type\":\"ImageObject\",\"inLanguage\":\"de\",\"@id\":\"https:\/\/www.trikomaseeds.com\/de\/samen\/al-tiro-auto\/#primaryimage\",\"url\":\"https:\/\/www.trikomaseeds.com\/wp-content\/uploads\/2019\/09\/altiro-800x800.jpg\",\"contentUrl\":\"https:\/\/www.trikomaseeds.com\/wp-content\/uploads\/2019\/09\/altiro-800x800.jpg\",\"width\":800,\"height\":800},{\"@type\":\"BreadcrumbList\",\"@id\":\"https:\/\/www.trikomaseeds.com\/de\/samen\/al-tiro-auto\/#breadcrumb\",\"itemListElement\":[{\"@type\":\"ListItem\",\"position\":1,\"name\":\"Portada\",\"item\":\"https:\/\/www.trikomaseeds.com\/de\/\"},{\"@type\":\"ListItem\",\"position\":2,\"name\":\"Shop\",\"item\":\"https:\/\/www.trikomaseeds.com\/de\/shop-3\/\"},{\"@type\":\"ListItem\",\"position\":3,\"name\":\"Al Tiro Auto\"}]},{\"@type\":\"WebSite\",\"@id\":\"https:\/\/www.trikomaseeds.com\/de\/#website\",\"url\":\"https:\/\/www.trikomaseeds.com\/de\/\",\"name\":\"Trikoma Seeds\",\"description\":\"Semillas de Marihuana Auto, Feminizadas y medicinales\",\"potentialAction\":[{\"@type\":\"SearchAction\",\"target\":{\"@type\":\"EntryPoint\",\"urlTemplate\":\"https:\/\/www.trikomaseeds.com\/de\/?s={search_term_string}\"},\"query-input\":{\"@type\":\"PropertyValueSpecification\",\"valueRequired\":true,\"valueName\":\"search_term_string\"}}],\"inLanguage\":\"de\"}]}<\/script>\n<!-- \/ Yoast SEO plugin. -->","yoast_head_json":{"title":"Al Tiro Auto: semillas de marihuana de Trikoma Seeds","description":"Al Tiro Auto: semillas de marihuana de Trikoma Seeds. Cultiva plantas de cannabis feminizadas, autoflorecientes o CBD al mejor precio. Env\u00edos discretos y seguros a tu pa\u00eds","robots":{"index":"index","follow":"follow","max-snippet":"max-snippet:-1","max-image-preview":"max-image-preview:large","max-video-preview":"max-video-preview:-1"},"canonical":"https:\/\/www.trikomaseeds.com\/de\/samen\/al-tiro-auto\/","og_locale":"de_DE","og_type":"article","og_title":"Al Tiro Auto: semillas de marihuana de Trikoma Seeds","og_description":"Al Tiro Auto: semillas de marihuana de Trikoma Seeds. Cultiva plantas de cannabis feminizadas, autoflorecientes o CBD al mejor precio. Env\u00edos discretos y seguros a tu pa\u00eds","og_url":"https:\/\/www.trikomaseeds.com\/de\/samen\/al-tiro-auto\/","og_site_name":"Trikoma Seeds","article_modified_time":"2019-10-30T18:24:13+00:00","og_image":[{"width":800,"height":800,"url":"https:\/\/www.trikomaseeds.com\/wp-content\/uploads\/2019\/09\/altiro-800x800.jpg","type":"image\/jpeg"}],"twitter_card":"summary_large_image","schema":{"@context":"https:\/\/schema.org","@graph":[{"@type":"WebPage","@id":"https:\/\/www.trikomaseeds.com\/de\/samen\/al-tiro-auto\/","url":"https:\/\/www.trikomaseeds.com\/de\/samen\/al-tiro-auto\/","name":"Al Tiro Auto: semillas de marihuana de Trikoma Seeds","isPartOf":{"@id":"https:\/\/www.trikomaseeds.com\/de\/#website"},"primaryImageOfPage":{"@id":"https:\/\/www.trikomaseeds.com\/de\/samen\/al-tiro-auto\/#primaryimage"},"image":{"@id":"https:\/\/www.trikomaseeds.com\/de\/samen\/al-tiro-auto\/#primaryimage"},"thumbnailUrl":"https:\/\/www.trikomaseeds.com\/wp-content\/uploads\/2019\/09\/altiro-800x800.jpg","datePublished":"2019-09-24T11:56:00+00:00","dateModified":"2019-10-30T18:24:13+00:00","description":"Al Tiro Auto: semillas de marihuana de Trikoma Seeds. Cultiva plantas de cannabis feminizadas, autoflorecientes o CBD al mejor precio. Env\u00edos discretos y seguros a tu pa\u00eds","breadcrumb":{"@id":"https:\/\/www.trikomaseeds.com\/de\/samen\/al-tiro-auto\/#breadcrumb"},"inLanguage":"de","potentialAction":[{"@type":"ReadAction","target":["https:\/\/www.trikomaseeds.com\/de\/samen\/al-tiro-auto\/"]}]},{"@type":"ImageObject","inLanguage":"de","@id":"https:\/\/www.trikomaseeds.com\/de\/samen\/al-tiro-auto\/#primaryimage","url":"https:\/\/www.trikomaseeds.com\/wp-content\/uploads\/2019\/09\/altiro-800x800.jpg","contentUrl":"https:\/\/www.trikomaseeds.com\/wp-content\/uploads\/2019\/09\/altiro-800x800.jpg","width":800,"height":800},{"@type":"BreadcrumbList","@id":"https:\/\/www.trikomaseeds.com\/de\/samen\/al-tiro-auto\/#breadcrumb","itemListElement":[{"@type":"ListItem","position":1,"name":"Portada","item":"https:\/\/www.trikomaseeds.com\/de\/"},{"@type":"ListItem","position":2,"name":"Shop","item":"https:\/\/www.trikomaseeds.com\/de\/shop-3\/"},{"@type":"ListItem","position":3,"name":"Al Tiro Auto"}]},{"@type":"WebSite","@id":"https:\/\/www.trikomaseeds.com\/de\/#website","url":"https:\/\/www.trikomaseeds.com\/de\/","name":"Trikoma Seeds","description":"Semillas de Marihuana Auto, Feminizadas y medicinales","potentialAction":[{"@type":"SearchAction","target":{"@type":"EntryPoint","urlTemplate":"https:\/\/www.trikomaseeds.com\/de\/?s={search_term_string}"},"query-input":{"@type":"PropertyValueSpecification","valueRequired":true,"valueName":"search_term_string"}}],"inLanguage":"de"}]}},"_links":{"self":[{"href":"https:\/\/www.trikomaseeds.com\/de\/wp-json\/wp\/v2\/product\/922","targetHints":{"allow":["GET"]}}],"collection":[{"href":"https:\/\/www.trikomaseeds.com\/de\/wp-json\/wp\/v2\/product"}],"about":[{"href":"https:\/\/www.trikomaseeds.com\/de\/wp-json\/wp\/v2\/types\/product"}],"replies":[{"embeddable":true,"href":"https:\/\/www.trikomaseeds.com\/de\/wp-json\/wp\/v2\/comments?post=922"}],"wp:featuredmedia":[{"embeddable":true,"href":"https:\/\/www.trikomaseeds.com\/de\/wp-json\/wp\/v2\/media\/517"}],"wp:attachment":[{"href":"https:\/\/www.trikomaseeds.com\/de\/wp-json\/wp\/v2\/media?parent=922"}],"wp:term":[{"taxonomy":"product_cat","embeddable":true,"href":"https:\/\/www.trikomaseeds.com\/de\/wp-json\/wp\/v2\/product_cat?post=922"},{"taxonomy":"product_tag","embeddable":true,"href":"https:\/\/www.trikomaseeds.com\/de\/wp-json\/wp\/v2\/product_tag?post=922"}],"curies":[{"name":"wp","href":"https:\/\/api.w.org\/{rel}","templated":true}]}}