{"id":4334,"date":"2020-02-26T16:21:13","date_gmt":"2020-01-24T11:57:46","guid":{"rendered":"https:\/\/www.trikomaseeds.com\/?post_type=product&#038;p=4334"},"modified":"2025-04-02T11:09:36","modified_gmt":"2025-04-02T09:09:36","slug":"the-palmar-auto","status":"publish","type":"product","link":"https:\/\/www.trikomaseeds.com\/de\/samen\/the-palmar-auto\/","title":{"rendered":"The Palmar Auto"},"content":{"rendered":"<p><strong>EIGENSCHAFTEN<\/strong><\/p>\n<ul>\n<li style=\"font-weight: 400;\"><span style=\"font-weight: 400;\">Genetisch: AK-74 x Power Plant x Ruderalis<\/span><\/li>\n<li style=\"font-weight: 400;\"><span style=\"font-weight: 400;\">Genotype: Auto bl\u00fchend<\/span><\/li>\n<li style=\"font-weight: 400;\"><span style=\"font-weight: 400;\">Ertrag Indoor: 450 g\/m<\/span><span style=\"font-weight: 400;\">2<\/span><span style=\"font-weight: 400;\">\u00a0(Mit 600W Licht)<\/span><\/li>\n<li style=\"font-weight: 400;\"><span style=\"font-weight: 400;\">Ertrag Outdoor: 50 \u2013 150 g\/Pflanze<\/span><\/li>\n<li style=\"font-weight: 400;\"><span style=\"font-weight: 400;\">Bl\u00fctezeit Indoor: 55 &#8211; 70 tage (18h)<\/span><\/li>\n<li style=\"font-weight: 400;\"><span style=\"font-weight: 400;\">Bl\u00fctezeit Outdoor: 50 \u2013 70 tage<\/span><\/li>\n<\/ul>\n","protected":false},"excerpt":{"rendered":"<p><span style=\"font-weight: 400;\">Die selbstbl\u00fchende Sorte der neuesten Generation hat einen euphorischen Gehirneffekt. Ihr Geschmack ist beerig mit einer s\u00fc\u00df-saueren Note. Im Au\u00dfenbereich kann die mittelgro\u00dfe Pflanze eine H\u00f6he von eineinhalb Metern und einen Ertrag von fast 200 Gramm pro Pflanze erreichen. Jedoch auch im Indoor-Growing liefert sie hervorragende Ergebnisse.<\/span><\/p>\n<p><strong>THC: 14%<\/strong><\/p>\n","protected":false},"featured_media":4337,"comment_status":"open","ping_status":"closed","template":"","meta":[],"product_cat":[128],"product_tag":[],"class_list":{"0":"post-4334","1":"product","2":"type-product","3":"status-publish","4":"has-post-thumbnail","6":"product_cat-autoflowering","8":"first","9":"instock","10":"shipping-taxable","11":"purchasable","12":"product-type-variable","13":"has-default-attributes"},"yoast_head":"<!-- This site is optimized with the Yoast SEO plugin v25.6 - https:\/\/yoast.com\/wordpress\/plugins\/seo\/ -->\n<title>The Palmar Auto: Medizinische Marihuanasamen von Trikoma Seeds<\/title>\n<meta name=\"description\" content=\"The Palmar Auto: Trikoma Seeds Marihuana-Samen. Kultiviere feminisierte, Autoflowering- oder CBD-Pflanzen zum besten Preis. Diskreter und sicherer Versand in Ihr Land.\" \/>\n<meta name=\"robots\" content=\"index, follow, max-snippet:-1, max-image-preview:large, max-video-preview:-1\" \/>\n<link rel=\"canonical\" href=\"https:\/\/www.trikomaseeds.com\/de\/samen\/the-palmar-auto\/\" \/>\n<meta property=\"og:locale\" content=\"de_DE\" \/>\n<meta property=\"og:type\" content=\"article\" \/>\n<meta property=\"og:title\" content=\"The Palmar Auto: Medizinische Marihuanasamen von Trikoma Seeds\" \/>\n<meta property=\"og:description\" content=\"The Palmar Auto: Trikoma Seeds Marihuana-Samen. Kultiviere feminisierte, Autoflowering- oder CBD-Pflanzen zum besten Preis. Diskreter und sicherer Versand in Ihr Land.\" \/>\n<meta property=\"og:url\" content=\"https:\/\/www.trikomaseeds.com\/de\/samen\/the-palmar-auto\/\" \/>\n<meta property=\"og:site_name\" content=\"Trikoma Seeds\" \/>\n<meta property=\"article:modified_time\" content=\"2025-04-02T09:09:36+00:00\" \/>\n<meta property=\"og:image\" content=\"https:\/\/www.trikomaseeds.com\/wp-content\/uploads\/2020\/01\/the-palmar-auto-medizinische-marihuanasamen-von-trikoma-seeds-scaled.jpg\" \/>\n\t<meta property=\"og:image:width\" content=\"2560\" \/>\n\t<meta property=\"og:image:height\" content=\"2560\" \/>\n\t<meta property=\"og:image:type\" content=\"image\/jpeg\" \/>\n<meta name=\"twitter:card\" content=\"summary_large_image\" \/>\n<script type=\"application\/ld+json\" class=\"yoast-schema-graph\">{\"@context\":\"https:\/\/schema.org\",\"@graph\":[{\"@type\":\"WebPage\",\"@id\":\"https:\/\/www.trikomaseeds.com\/de\/samen\/the-palmar-auto\/\",\"url\":\"https:\/\/www.trikomaseeds.com\/de\/samen\/the-palmar-auto\/\",\"name\":\"The Palmar Auto: Medizinische Marihuanasamen von Trikoma Seeds\",\"isPartOf\":{\"@id\":\"https:\/\/www.trikomaseeds.com\/de\/#website\"},\"primaryImageOfPage\":{\"@id\":\"https:\/\/www.trikomaseeds.com\/de\/samen\/the-palmar-auto\/#primaryimage\"},\"image\":{\"@id\":\"https:\/\/www.trikomaseeds.com\/de\/samen\/the-palmar-auto\/#primaryimage\"},\"thumbnailUrl\":\"https:\/\/www.trikomaseeds.com\/wp-content\/uploads\/2020\/01\/the-palmar-auto-medizinische-marihuanasamen-von-trikoma-seeds-scaled.jpg\",\"datePublished\":\"2020-01-24T11:57:46+00:00\",\"dateModified\":\"2025-04-02T09:09:36+00:00\",\"description\":\"The Palmar Auto: Trikoma Seeds Marihuana-Samen. Kultiviere feminisierte, Autoflowering- oder CBD-Pflanzen zum besten Preis. Diskreter und sicherer Versand in Ihr Land.\",\"breadcrumb\":{\"@id\":\"https:\/\/www.trikomaseeds.com\/de\/samen\/the-palmar-auto\/#breadcrumb\"},\"inLanguage\":\"de\",\"potentialAction\":[{\"@type\":\"ReadAction\",\"target\":[\"https:\/\/www.trikomaseeds.com\/de\/samen\/the-palmar-auto\/\"]}]},{\"@type\":\"ImageObject\",\"inLanguage\":\"de\",\"@id\":\"https:\/\/www.trikomaseeds.com\/de\/samen\/the-palmar-auto\/#primaryimage\",\"url\":\"https:\/\/www.trikomaseeds.com\/wp-content\/uploads\/2020\/01\/the-palmar-auto-medizinische-marihuanasamen-von-trikoma-seeds-scaled.jpg\",\"contentUrl\":\"https:\/\/www.trikomaseeds.com\/wp-content\/uploads\/2020\/01\/the-palmar-auto-medizinische-marihuanasamen-von-trikoma-seeds-scaled.jpg\",\"width\":2560,\"height\":2560,\"caption\":\"The Palmar Auto Medizinische Marihuanasamen von Trikoma Seeds\"},{\"@type\":\"BreadcrumbList\",\"@id\":\"https:\/\/www.trikomaseeds.com\/de\/samen\/the-palmar-auto\/#breadcrumb\",\"itemListElement\":[{\"@type\":\"ListItem\",\"position\":1,\"name\":\"Portada\",\"item\":\"https:\/\/www.trikomaseeds.com\/de\/\"},{\"@type\":\"ListItem\",\"position\":2,\"name\":\"Shop\",\"item\":\"https:\/\/www.trikomaseeds.com\/de\/shop-3\/\"},{\"@type\":\"ListItem\",\"position\":3,\"name\":\"The Palmar Auto\"}]},{\"@type\":\"WebSite\",\"@id\":\"https:\/\/www.trikomaseeds.com\/de\/#website\",\"url\":\"https:\/\/www.trikomaseeds.com\/de\/\",\"name\":\"Trikoma Seeds\",\"description\":\"Semillas de Marihuana Auto, Feminizadas y medicinales\",\"potentialAction\":[{\"@type\":\"SearchAction\",\"target\":{\"@type\":\"EntryPoint\",\"urlTemplate\":\"https:\/\/www.trikomaseeds.com\/de\/?s={search_term_string}\"},\"query-input\":{\"@type\":\"PropertyValueSpecification\",\"valueRequired\":true,\"valueName\":\"search_term_string\"}}],\"inLanguage\":\"de\"}]}<\/script>\n<!-- \/ Yoast SEO plugin. -->","yoast_head_json":{"title":"The Palmar Auto: Medizinische Marihuanasamen von Trikoma Seeds","description":"The Palmar Auto: Trikoma Seeds Marihuana-Samen. Kultiviere feminisierte, Autoflowering- oder CBD-Pflanzen zum besten Preis. Diskreter und sicherer Versand in Ihr Land.","robots":{"index":"index","follow":"follow","max-snippet":"max-snippet:-1","max-image-preview":"max-image-preview:large","max-video-preview":"max-video-preview:-1"},"canonical":"https:\/\/www.trikomaseeds.com\/de\/samen\/the-palmar-auto\/","og_locale":"de_DE","og_type":"article","og_title":"The Palmar Auto: Medizinische Marihuanasamen von Trikoma Seeds","og_description":"The Palmar Auto: Trikoma Seeds Marihuana-Samen. Kultiviere feminisierte, Autoflowering- oder CBD-Pflanzen zum besten Preis. Diskreter und sicherer Versand in Ihr Land.","og_url":"https:\/\/www.trikomaseeds.com\/de\/samen\/the-palmar-auto\/","og_site_name":"Trikoma Seeds","article_modified_time":"2025-04-02T09:09:36+00:00","og_image":[{"width":2560,"height":2560,"url":"https:\/\/www.trikomaseeds.com\/wp-content\/uploads\/2020\/01\/the-palmar-auto-medizinische-marihuanasamen-von-trikoma-seeds-scaled.jpg","type":"image\/jpeg"}],"twitter_card":"summary_large_image","schema":{"@context":"https:\/\/schema.org","@graph":[{"@type":"WebPage","@id":"https:\/\/www.trikomaseeds.com\/de\/samen\/the-palmar-auto\/","url":"https:\/\/www.trikomaseeds.com\/de\/samen\/the-palmar-auto\/","name":"The Palmar Auto: Medizinische Marihuanasamen von Trikoma Seeds","isPartOf":{"@id":"https:\/\/www.trikomaseeds.com\/de\/#website"},"primaryImageOfPage":{"@id":"https:\/\/www.trikomaseeds.com\/de\/samen\/the-palmar-auto\/#primaryimage"},"image":{"@id":"https:\/\/www.trikomaseeds.com\/de\/samen\/the-palmar-auto\/#primaryimage"},"thumbnailUrl":"https:\/\/www.trikomaseeds.com\/wp-content\/uploads\/2020\/01\/the-palmar-auto-medizinische-marihuanasamen-von-trikoma-seeds-scaled.jpg","datePublished":"2020-01-24T11:57:46+00:00","dateModified":"2025-04-02T09:09:36+00:00","description":"The Palmar Auto: Trikoma Seeds Marihuana-Samen. Kultiviere feminisierte, Autoflowering- oder CBD-Pflanzen zum besten Preis. Diskreter und sicherer Versand in Ihr Land.","breadcrumb":{"@id":"https:\/\/www.trikomaseeds.com\/de\/samen\/the-palmar-auto\/#breadcrumb"},"inLanguage":"de","potentialAction":[{"@type":"ReadAction","target":["https:\/\/www.trikomaseeds.com\/de\/samen\/the-palmar-auto\/"]}]},{"@type":"ImageObject","inLanguage":"de","@id":"https:\/\/www.trikomaseeds.com\/de\/samen\/the-palmar-auto\/#primaryimage","url":"https:\/\/www.trikomaseeds.com\/wp-content\/uploads\/2020\/01\/the-palmar-auto-medizinische-marihuanasamen-von-trikoma-seeds-scaled.jpg","contentUrl":"https:\/\/www.trikomaseeds.com\/wp-content\/uploads\/2020\/01\/the-palmar-auto-medizinische-marihuanasamen-von-trikoma-seeds-scaled.jpg","width":2560,"height":2560,"caption":"The Palmar Auto Medizinische Marihuanasamen von Trikoma Seeds"},{"@type":"BreadcrumbList","@id":"https:\/\/www.trikomaseeds.com\/de\/samen\/the-palmar-auto\/#breadcrumb","itemListElement":[{"@type":"ListItem","position":1,"name":"Portada","item":"https:\/\/www.trikomaseeds.com\/de\/"},{"@type":"ListItem","position":2,"name":"Shop","item":"https:\/\/www.trikomaseeds.com\/de\/shop-3\/"},{"@type":"ListItem","position":3,"name":"The Palmar Auto"}]},{"@type":"WebSite","@id":"https:\/\/www.trikomaseeds.com\/de\/#website","url":"https:\/\/www.trikomaseeds.com\/de\/","name":"Trikoma Seeds","description":"Semillas de Marihuana Auto, Feminizadas y medicinales","potentialAction":[{"@type":"SearchAction","target":{"@type":"EntryPoint","urlTemplate":"https:\/\/www.trikomaseeds.com\/de\/?s={search_term_string}"},"query-input":{"@type":"PropertyValueSpecification","valueRequired":true,"valueName":"search_term_string"}}],"inLanguage":"de"}]}},"_links":{"self":[{"href":"https:\/\/www.trikomaseeds.com\/de\/wp-json\/wp\/v2\/product\/4334","targetHints":{"allow":["GET"]}}],"collection":[{"href":"https:\/\/www.trikomaseeds.com\/de\/wp-json\/wp\/v2\/product"}],"about":[{"href":"https:\/\/www.trikomaseeds.com\/de\/wp-json\/wp\/v2\/types\/product"}],"replies":[{"embeddable":true,"href":"https:\/\/www.trikomaseeds.com\/de\/wp-json\/wp\/v2\/comments?post=4334"}],"wp:featuredmedia":[{"embeddable":true,"href":"https:\/\/www.trikomaseeds.com\/de\/wp-json\/wp\/v2\/media\/4337"}],"wp:attachment":[{"href":"https:\/\/www.trikomaseeds.com\/de\/wp-json\/wp\/v2\/media?parent=4334"}],"wp:term":[{"taxonomy":"product_cat","embeddable":true,"href":"https:\/\/www.trikomaseeds.com\/de\/wp-json\/wp\/v2\/product_cat?post=4334"},{"taxonomy":"product_tag","embeddable":true,"href":"https:\/\/www.trikomaseeds.com\/de\/wp-json\/wp\/v2\/product_tag?post=4334"}],"curies":[{"name":"wp","href":"https:\/\/api.w.org\/{rel}","templated":true}]}}