{"id":4264,"date":"2020-01-27T13:41:51","date_gmt":"2020-01-24T14:14:54","guid":{"rendered":"https:\/\/www.trikomaseeds.com\/?post_type=product&#038;p=4264"},"modified":"2021-06-30T11:54:42","modified_gmt":"2021-06-30T09:54:42","slug":"sweet-madness-auto","status":"publish","type":"product","link":"https:\/\/www.trikomaseeds.com\/de\/samen\/sweet-madness-auto\/","title":{"rendered":"Sweet Madness Auto"},"content":{"rendered":"<p><strong>EIGENSCHAFTEN<\/strong><\/p>\n<ul>\n<li style=\"font-weight: 400;\"><span style=\"font-weight: 400;\">Genetisch: Somango x Critical x Ruderalis<\/span><\/li>\n<li style=\"font-weight: 400;\"><span style=\"font-weight: 400;\">Genotype: Auto bl\u00fchend<\/span><\/li>\n<li style=\"font-weight: 400;\"><span style=\"font-weight: 400;\">Ertrag Indoor: 450 g\/m<\/span><span style=\"font-weight: 400;\">2<\/span><span style=\"font-weight: 400;\">\u00a0(Mit 600W Licht)<\/span><\/li>\n<li style=\"font-weight: 400;\"><span style=\"font-weight: 400;\">Ertrag Outdoor: 50 \u2013 200 g\/Pflanze<\/span><\/li>\n<li style=\"font-weight: 400;\"><span style=\"font-weight: 400;\">Bl\u00fctezeit Indoor: 55 &#8211; 70 tage (18h)<\/span><\/li>\n<li style=\"font-weight: 400;\"><span style=\"font-weight: 400;\">Bl\u00fctezeit Outdoor: 50 \u2013 70 tage<\/span><\/li>\n<\/ul>\n","protected":false},"excerpt":{"rendered":"<p>Die feminisierte, selbstbl\u00fchende Sorte ist eine kompakte Pflanze mit dicken, dichten Buds. Sie kann eine H\u00f6he von einem bis eineinhalb Metern erreichen. Sie ist \u2013 unabh\u00e4ngig von Substrat und Kultur \u2013 sehr ertragreich und produktiv und besitzt einen s\u00fc\u00dfen Geschmack und ein angenehmes Mangoaroma. Ihre Wirkung ist mild und entspannend ohne Schl\u00e4frigkeit zu verursachen.<\/p>\n<p><strong>THC: 15%<\/strong><\/p>\n","protected":false},"featured_media":4254,"comment_status":"open","ping_status":"closed","template":"","meta":[],"product_cat":[128],"product_tag":[],"class_list":{"0":"post-4264","1":"product","2":"type-product","3":"status-publish","4":"has-post-thumbnail","6":"product_cat-autoflowering","8":"first","9":"instock","10":"shipping-taxable","11":"purchasable","12":"product-type-variable"},"yoast_head":"<!-- This site is optimized with the Yoast SEO plugin v25.6 - https:\/\/yoast.com\/wordpress\/plugins\/seo\/ -->\n<title>Sweet Madness Auto: Trikoma Seeds Marihuana Samen<\/title>\n<meta name=\"description\" content=\"Sweet Madness Auto: Trikoma Seeds Marihuana-Samen. Kultiviere feminisierte, Autoflowering- oder CBD-Pflanzen zum besten Preis. Diskreter und sicherer Versand in Ihr Land.\" \/>\n<meta name=\"robots\" content=\"index, follow, max-snippet:-1, max-image-preview:large, max-video-preview:-1\" \/>\n<link rel=\"canonical\" href=\"https:\/\/www.trikomaseeds.com\/de\/samen\/sweet-madness-auto\/\" \/>\n<meta property=\"og:locale\" content=\"de_DE\" \/>\n<meta property=\"og:type\" content=\"article\" \/>\n<meta property=\"og:title\" content=\"Sweet Madness Auto: Trikoma Seeds Marihuana Samen\" \/>\n<meta property=\"og:description\" content=\"Sweet Madness Auto: Trikoma Seeds Marihuana-Samen. Kultiviere feminisierte, Autoflowering- oder CBD-Pflanzen zum besten Preis. Diskreter und sicherer Versand in Ihr Land.\" \/>\n<meta property=\"og:url\" content=\"https:\/\/www.trikomaseeds.com\/de\/samen\/sweet-madness-auto\/\" \/>\n<meta property=\"og:site_name\" content=\"Trikoma Seeds\" \/>\n<meta property=\"article:modified_time\" content=\"2021-06-30T09:54:42+00:00\" \/>\n<meta property=\"og:image\" content=\"https:\/\/www.trikomaseeds.com\/wp-content\/uploads\/2020\/01\/sweet-madness-auto.jpg\" \/>\n\t<meta property=\"og:image:width\" content=\"469\" \/>\n\t<meta property=\"og:image:height\" content=\"469\" \/>\n\t<meta property=\"og:image:type\" content=\"image\/jpeg\" \/>\n<meta name=\"twitter:card\" content=\"summary_large_image\" \/>\n<script type=\"application\/ld+json\" class=\"yoast-schema-graph\">{\"@context\":\"https:\/\/schema.org\",\"@graph\":[{\"@type\":\"WebPage\",\"@id\":\"https:\/\/www.trikomaseeds.com\/de\/samen\/sweet-madness-auto\/\",\"url\":\"https:\/\/www.trikomaseeds.com\/de\/samen\/sweet-madness-auto\/\",\"name\":\"Sweet Madness Auto: Trikoma Seeds Marihuana Samen\",\"isPartOf\":{\"@id\":\"https:\/\/www.trikomaseeds.com\/de\/#website\"},\"primaryImageOfPage\":{\"@id\":\"https:\/\/www.trikomaseeds.com\/de\/samen\/sweet-madness-auto\/#primaryimage\"},\"image\":{\"@id\":\"https:\/\/www.trikomaseeds.com\/de\/samen\/sweet-madness-auto\/#primaryimage\"},\"thumbnailUrl\":\"https:\/\/www.trikomaseeds.com\/wp-content\/uploads\/2020\/01\/sweet-madness-auto.jpg\",\"datePublished\":\"2020-01-24T14:14:54+00:00\",\"dateModified\":\"2021-06-30T09:54:42+00:00\",\"description\":\"Sweet Madness Auto: Trikoma Seeds Marihuana-Samen. Kultiviere feminisierte, Autoflowering- oder CBD-Pflanzen zum besten Preis. Diskreter und sicherer Versand in Ihr Land.\",\"breadcrumb\":{\"@id\":\"https:\/\/www.trikomaseeds.com\/de\/samen\/sweet-madness-auto\/#breadcrumb\"},\"inLanguage\":\"de\",\"potentialAction\":[{\"@type\":\"ReadAction\",\"target\":[\"https:\/\/www.trikomaseeds.com\/de\/samen\/sweet-madness-auto\/\"]}]},{\"@type\":\"ImageObject\",\"inLanguage\":\"de\",\"@id\":\"https:\/\/www.trikomaseeds.com\/de\/samen\/sweet-madness-auto\/#primaryimage\",\"url\":\"https:\/\/www.trikomaseeds.com\/wp-content\/uploads\/2020\/01\/sweet-madness-auto.jpg\",\"contentUrl\":\"https:\/\/www.trikomaseeds.com\/wp-content\/uploads\/2020\/01\/sweet-madness-auto.jpg\",\"width\":469,\"height\":469,\"caption\":\"Sweet Madness Autoflowering\"},{\"@type\":\"BreadcrumbList\",\"@id\":\"https:\/\/www.trikomaseeds.com\/de\/samen\/sweet-madness-auto\/#breadcrumb\",\"itemListElement\":[{\"@type\":\"ListItem\",\"position\":1,\"name\":\"Portada\",\"item\":\"https:\/\/www.trikomaseeds.com\/de\/\"},{\"@type\":\"ListItem\",\"position\":2,\"name\":\"Shop\",\"item\":\"https:\/\/www.trikomaseeds.com\/de\/shop-3\/\"},{\"@type\":\"ListItem\",\"position\":3,\"name\":\"Sweet Madness Auto\"}]},{\"@type\":\"WebSite\",\"@id\":\"https:\/\/www.trikomaseeds.com\/de\/#website\",\"url\":\"https:\/\/www.trikomaseeds.com\/de\/\",\"name\":\"Trikoma Seeds\",\"description\":\"Semillas de Marihuana Auto, Feminizadas y medicinales\",\"potentialAction\":[{\"@type\":\"SearchAction\",\"target\":{\"@type\":\"EntryPoint\",\"urlTemplate\":\"https:\/\/www.trikomaseeds.com\/de\/?s={search_term_string}\"},\"query-input\":{\"@type\":\"PropertyValueSpecification\",\"valueRequired\":true,\"valueName\":\"search_term_string\"}}],\"inLanguage\":\"de\"}]}<\/script>\n<!-- \/ Yoast SEO plugin. -->","yoast_head_json":{"title":"Sweet Madness Auto: Trikoma Seeds Marihuana Samen","description":"Sweet Madness Auto: Trikoma Seeds Marihuana-Samen. Kultiviere feminisierte, Autoflowering- oder CBD-Pflanzen zum besten Preis. Diskreter und sicherer Versand in Ihr Land.","robots":{"index":"index","follow":"follow","max-snippet":"max-snippet:-1","max-image-preview":"max-image-preview:large","max-video-preview":"max-video-preview:-1"},"canonical":"https:\/\/www.trikomaseeds.com\/de\/samen\/sweet-madness-auto\/","og_locale":"de_DE","og_type":"article","og_title":"Sweet Madness Auto: Trikoma Seeds Marihuana Samen","og_description":"Sweet Madness Auto: Trikoma Seeds Marihuana-Samen. Kultiviere feminisierte, Autoflowering- oder CBD-Pflanzen zum besten Preis. Diskreter und sicherer Versand in Ihr Land.","og_url":"https:\/\/www.trikomaseeds.com\/de\/samen\/sweet-madness-auto\/","og_site_name":"Trikoma Seeds","article_modified_time":"2021-06-30T09:54:42+00:00","og_image":[{"width":469,"height":469,"url":"https:\/\/www.trikomaseeds.com\/wp-content\/uploads\/2020\/01\/sweet-madness-auto.jpg","type":"image\/jpeg"}],"twitter_card":"summary_large_image","schema":{"@context":"https:\/\/schema.org","@graph":[{"@type":"WebPage","@id":"https:\/\/www.trikomaseeds.com\/de\/samen\/sweet-madness-auto\/","url":"https:\/\/www.trikomaseeds.com\/de\/samen\/sweet-madness-auto\/","name":"Sweet Madness Auto: Trikoma Seeds Marihuana Samen","isPartOf":{"@id":"https:\/\/www.trikomaseeds.com\/de\/#website"},"primaryImageOfPage":{"@id":"https:\/\/www.trikomaseeds.com\/de\/samen\/sweet-madness-auto\/#primaryimage"},"image":{"@id":"https:\/\/www.trikomaseeds.com\/de\/samen\/sweet-madness-auto\/#primaryimage"},"thumbnailUrl":"https:\/\/www.trikomaseeds.com\/wp-content\/uploads\/2020\/01\/sweet-madness-auto.jpg","datePublished":"2020-01-24T14:14:54+00:00","dateModified":"2021-06-30T09:54:42+00:00","description":"Sweet Madness Auto: Trikoma Seeds Marihuana-Samen. Kultiviere feminisierte, Autoflowering- oder CBD-Pflanzen zum besten Preis. Diskreter und sicherer Versand in Ihr Land.","breadcrumb":{"@id":"https:\/\/www.trikomaseeds.com\/de\/samen\/sweet-madness-auto\/#breadcrumb"},"inLanguage":"de","potentialAction":[{"@type":"ReadAction","target":["https:\/\/www.trikomaseeds.com\/de\/samen\/sweet-madness-auto\/"]}]},{"@type":"ImageObject","inLanguage":"de","@id":"https:\/\/www.trikomaseeds.com\/de\/samen\/sweet-madness-auto\/#primaryimage","url":"https:\/\/www.trikomaseeds.com\/wp-content\/uploads\/2020\/01\/sweet-madness-auto.jpg","contentUrl":"https:\/\/www.trikomaseeds.com\/wp-content\/uploads\/2020\/01\/sweet-madness-auto.jpg","width":469,"height":469,"caption":"Sweet Madness Autoflowering"},{"@type":"BreadcrumbList","@id":"https:\/\/www.trikomaseeds.com\/de\/samen\/sweet-madness-auto\/#breadcrumb","itemListElement":[{"@type":"ListItem","position":1,"name":"Portada","item":"https:\/\/www.trikomaseeds.com\/de\/"},{"@type":"ListItem","position":2,"name":"Shop","item":"https:\/\/www.trikomaseeds.com\/de\/shop-3\/"},{"@type":"ListItem","position":3,"name":"Sweet Madness Auto"}]},{"@type":"WebSite","@id":"https:\/\/www.trikomaseeds.com\/de\/#website","url":"https:\/\/www.trikomaseeds.com\/de\/","name":"Trikoma Seeds","description":"Semillas de Marihuana Auto, Feminizadas y medicinales","potentialAction":[{"@type":"SearchAction","target":{"@type":"EntryPoint","urlTemplate":"https:\/\/www.trikomaseeds.com\/de\/?s={search_term_string}"},"query-input":{"@type":"PropertyValueSpecification","valueRequired":true,"valueName":"search_term_string"}}],"inLanguage":"de"}]}},"_links":{"self":[{"href":"https:\/\/www.trikomaseeds.com\/de\/wp-json\/wp\/v2\/product\/4264","targetHints":{"allow":["GET"]}}],"collection":[{"href":"https:\/\/www.trikomaseeds.com\/de\/wp-json\/wp\/v2\/product"}],"about":[{"href":"https:\/\/www.trikomaseeds.com\/de\/wp-json\/wp\/v2\/types\/product"}],"replies":[{"embeddable":true,"href":"https:\/\/www.trikomaseeds.com\/de\/wp-json\/wp\/v2\/comments?post=4264"}],"wp:featuredmedia":[{"embeddable":true,"href":"https:\/\/www.trikomaseeds.com\/de\/wp-json\/wp\/v2\/media\/4254"}],"wp:attachment":[{"href":"https:\/\/www.trikomaseeds.com\/de\/wp-json\/wp\/v2\/media?parent=4264"}],"wp:term":[{"taxonomy":"product_cat","embeddable":true,"href":"https:\/\/www.trikomaseeds.com\/de\/wp-json\/wp\/v2\/product_cat?post=4264"},{"taxonomy":"product_tag","embeddable":true,"href":"https:\/\/www.trikomaseeds.com\/de\/wp-json\/wp\/v2\/product_tag?post=4264"}],"curies":[{"name":"wp","href":"https:\/\/api.w.org\/{rel}","templated":true}]}}