{"id":1466,"date":"2019-09-24T14:08:36","date_gmt":"2019-09-24T12:08:36","guid":{"rendered":"http:\/\/www.trikomaseeds.com\/semillas\/white-widow-auto\/"},"modified":"2024-08-13T13:56:41","modified_gmt":"2024-08-13T11:56:41","slug":"white-widow-auto","status":"publish","type":"product","link":"https:\/\/www.trikomaseeds.com\/de\/samen\/white-widow-auto\/","title":{"rendered":"White Widow Auto"},"content":{"rendered":"<h2>Technisches Datenblatt von White Widow Auto<\/h2>\n<ul>\n<li>Genetik: White Widow x Rudelaris<\/li>\n<li>Typ: Autoflowering<\/li>\n<li>Indoor-Ertrag: 480 g\/m<sup>2<\/sup> (mit 600W Licht)<\/li>\n<li>Outdoor-Ertrag: 50 &#8211; 200 g\/ Pflanze<\/li>\n<li>Bl\u00fctezeit indoor: 70 Tage (18h)<\/li>\n<li>Bl\u00fctezeit outdoor: 50 &#8211; 80 Tage<\/li>\n<\/ul>\n<h2>Was ist White Widow Auto<\/h2>\n<p>White Widow Auto ist eine autoflowering Cannabissorte, die von der ber\u00fchmten White Widow abstammt, einer der bekanntesten und gesch\u00e4tztesten Cannabissorten. Die White Widow ist eine hybride Cannabissorte, die in den 1990er Jahren popul\u00e4r wurde und f\u00fcr ihre hohe Potenz und die charakteristische wei\u00dfe Trichome-Bedeckung bekannt ist.<\/p>\n<p>White Widow Auto ist das Ergebnis der Kreuzung zwischen der urspr\u00fcnglichen White Widow und einer Ruderalis-Cannabissorte, was ihr die F\u00e4higkeit zur Autoflowering verleiht. Diese Pflanze ist sehr vielseitig und passt sich gut an verschiedene Anbaubedingungen sowohl drinnen als auch drau\u00dfen an. Ihre Robustheit macht sie f\u00fcr kalte und gem\u00e4\u00dfigte Klimazonen geeignet.<\/p>\n<h2>Eigenschaften der White Widow Autoflowering<\/h2>\n<p>Auto White Widow ist eine au\u00dfergew\u00f6hnliche, energische und sehr stabile Cannabissorte. Sie ist einfach anzubauen und erreicht eine kleine bis mittlere Gr\u00f6\u00dfe, wobei sie schnell gro\u00dfz\u00fcgige Ernten in Form von gro\u00dfen, kristallisierten Buds produziert.<\/p>\n<p>Der Lebenszyklus dieser Pflanze variiert je nach Anbaubedingungen. Im Innenbereich bl\u00fcht sie in etwa 70 Tagen (ca. 10 Wochen), w\u00e4hrend sie im Freien zwischen 50 und 80 Tagen (ca. 7-11 Wochen) ben\u00f6tigen kann. Nach dieser Zeit kann man mit einer gro\u00dfz\u00fcgigen Ernte von 400-500 g\/m\u00b2 rechnen. Sie gedeiht sowohl drinnen als auch drau\u00dfen, da sie robust ist und K\u00e4lte problemlos standh\u00e4lt. Sie w\u00e4chst mit einem moderaten Abstand zwischen den Internodien und bildet eine gro\u00dfe Hauptcola. Die Seitentriebe werden gut ausgebildet und erreichen dieselbe Breite wie H\u00f6he. W\u00e4hrend der Bl\u00fctezeit streckt sie sich nicht stark und erreicht eine Endh\u00f6he von etwa 70-110 cm.<\/p>\n<p>In der zweiten H\u00e4lfte der Bl\u00fctezeit k\u00f6nnen einige White Widow Autoflowering-Pflanzen sch\u00f6ne rosa und lila Farbt\u00f6ne entwickeln, die der Ernte einen zus\u00e4tzlichen visuellen Reiz verleihen.<\/p>\n<p>Dar\u00fcber hinaus ist es eine Sorte, die wenig Stutzen ben\u00f6tigt, was das Finish erleichtert. Sowohl die Zuckerr\u00fcbenbl\u00e4tter als auch die Brakteen sind mit reichlich Kristallen bedeckt, was sie ideal f\u00fcr die Aufbewahrung und Verwendung bei der Herstellung k\u00f6stlicher Extraktionen macht.<\/p>\n<p>Diese Pflanze <strong>ist hervorragend f\u00fcr Anf\u00e4nger geeignet<\/strong>, da sie weitgehend autark ist und eine konstante Leistung bei minimalem Aufwand des Z\u00fcchters bietet.<\/p>\n<h2>Aroma, Geschmack und Effekte von White Widow Auto<\/h2>\n<p>Das Aroma und der Geschmack der White Widow Autoflowering erinnern an das Original: Sie kombiniert einen intensiven floralen Geruch mit subtilen s\u00fc\u00df-sauren Noten auf dem Gaumen. Einige Konsumenten bemerken auch erdige und holzige Nuancen. W\u00e4hrend der Bl\u00fctezeit intensiviert sich das Aroma und f\u00fcllt den Raum mit seinem durchdringenden und charakteristischen Duft.<\/p>\n<p>Die White Widow Autoflowering bietet einen starken Effekt, der ein erhebendes, klares und energiegeladenes Gef\u00fchl hervorruft. Sie stimuliert alle Sinne und ist daher eine ausgezeichnete Wahl f\u00fcr geplante Aktivit\u00e4ten und aktive Zwecke. Zun\u00e4chst ist der Effekt belebend, ohne \u00fcberw\u00e4ltigend zu sein. Mit fortlaufendem Konsum werden die Effekte der White Widow Auto milder und verwandeln sich in eine angenehme und entspannende Ruhe. Sie ist nicht \u00fcberw\u00e4ltigend und verursacht keine Hyperaktivit\u00e4t, was sie sowohl f\u00fcr den Tag- als auch f\u00fcr den Nachtgebrauch geeignet macht. Zusammenfassend bietet die White Widow Auto ein umfassendes Erlebnis, das au\u00dfergew\u00f6hnliches Aroma und Geschmack mit vielseitigen und ausgewogenen Effekten kombiniert.<\/p>\n<p>&nbsp;<\/p>\n","protected":false},"excerpt":{"rendered":"<p align=\"justify\">Aufgrund ihrer Stabilit\u00e4t und der guten Ertr\u00e4ge ist Auto White Widow, eine Autoflowering der h\u00f6chst begehrten Genetik der letzten Generation, eine der meistverkauften Sorten auf dem Markt. Ihre Wirkung ist aufhellend und wohltuend, der Geschmack s\u00fc\u00dflich und fruchtig. Sie produziert dicke, lange, harzige Buds und eignet sich perfekt f\u00fcr den Outdoor-Anbau.<\/p>\n<p><strong>THC:\u00a0<span class=\"destacado\">15%<\/span><\/strong><\/p>\n","protected":false},"featured_media":573,"comment_status":"open","ping_status":"closed","template":"","meta":[],"product_cat":[128],"product_tag":[],"class_list":{"0":"post-1466","1":"product","2":"type-product","3":"status-publish","4":"has-post-thumbnail","6":"product_cat-autoflowering","8":"first","9":"instock","10":"shipping-taxable","11":"purchasable","12":"product-type-variable","13":"has-default-attributes"},"yoast_head":"<!-- This site is optimized with the Yoast SEO plugin v25.6 - https:\/\/yoast.com\/wordpress\/plugins\/seo\/ -->\n<title>White Widow Auto \u3010 TRIKOMA SEEDS \u3011<\/title>\n<meta name=\"description\" content=\"Auto White Widow von Trikoma Seeds sind die besten White Widow Auto-Samen auf dem Markt. THC von 15%. Diskrete Versandoptionen in Ihr Land.\" \/>\n<meta name=\"robots\" content=\"index, follow, max-snippet:-1, max-image-preview:large, max-video-preview:-1\" \/>\n<link rel=\"canonical\" href=\"https:\/\/www.trikomaseeds.com\/de\/samen\/white-widow-auto\/\" \/>\n<meta property=\"og:locale\" content=\"de_DE\" \/>\n<meta property=\"og:type\" content=\"article\" \/>\n<meta property=\"og:title\" content=\"White Widow Auto \u3010 TRIKOMA SEEDS \u3011\" \/>\n<meta property=\"og:description\" content=\"Auto White Widow von Trikoma Seeds sind die besten White Widow Auto-Samen auf dem Markt. THC von 15%. Diskrete Versandoptionen in Ihr Land.\" \/>\n<meta property=\"og:url\" content=\"https:\/\/www.trikomaseeds.com\/de\/samen\/white-widow-auto\/\" \/>\n<meta property=\"og:site_name\" content=\"Trikoma Seeds\" \/>\n<meta property=\"article:modified_time\" content=\"2024-08-13T11:56:41+00:00\" \/>\n<meta property=\"og:image\" content=\"https:\/\/www.trikomaseeds.com\/wp-content\/uploads\/2019\/09\/WhiteWidow_Auto_Trikoma_seeds_72-800x800.jpg\" \/>\n\t<meta property=\"og:image:width\" content=\"800\" \/>\n\t<meta property=\"og:image:height\" content=\"800\" \/>\n\t<meta property=\"og:image:type\" content=\"image\/jpeg\" \/>\n<meta name=\"twitter:card\" content=\"summary_large_image\" \/>\n<meta name=\"twitter:label1\" content=\"Gesch\u00e4tzte Lesezeit\" \/>\n\t<meta name=\"twitter:data1\" content=\"3\u00a0Minuten\" \/>\n<script type=\"application\/ld+json\" class=\"yoast-schema-graph\">{\"@context\":\"https:\/\/schema.org\",\"@graph\":[{\"@type\":\"WebPage\",\"@id\":\"https:\/\/www.trikomaseeds.com\/de\/samen\/white-widow-auto\/\",\"url\":\"https:\/\/www.trikomaseeds.com\/de\/samen\/white-widow-auto\/\",\"name\":\"White Widow Auto \u3010 TRIKOMA SEEDS \u3011\",\"isPartOf\":{\"@id\":\"https:\/\/www.trikomaseeds.com\/de\/#website\"},\"primaryImageOfPage\":{\"@id\":\"https:\/\/www.trikomaseeds.com\/de\/samen\/white-widow-auto\/#primaryimage\"},\"image\":{\"@id\":\"https:\/\/www.trikomaseeds.com\/de\/samen\/white-widow-auto\/#primaryimage\"},\"thumbnailUrl\":\"https:\/\/www.trikomaseeds.com\/wp-content\/uploads\/2019\/09\/WhiteWidow_Auto_Trikoma_seeds_72-800x800.jpg\",\"datePublished\":\"2019-09-24T12:08:36+00:00\",\"dateModified\":\"2024-08-13T11:56:41+00:00\",\"description\":\"Auto White Widow von Trikoma Seeds sind die besten White Widow Auto-Samen auf dem Markt. THC von 15%. Diskrete Versandoptionen in Ihr Land.\",\"breadcrumb\":{\"@id\":\"https:\/\/www.trikomaseeds.com\/de\/samen\/white-widow-auto\/#breadcrumb\"},\"inLanguage\":\"de\",\"potentialAction\":[{\"@type\":\"ReadAction\",\"target\":[\"https:\/\/www.trikomaseeds.com\/de\/samen\/white-widow-auto\/\"]}]},{\"@type\":\"ImageObject\",\"inLanguage\":\"de\",\"@id\":\"https:\/\/www.trikomaseeds.com\/de\/samen\/white-widow-auto\/#primaryimage\",\"url\":\"https:\/\/www.trikomaseeds.com\/wp-content\/uploads\/2019\/09\/WhiteWidow_Auto_Trikoma_seeds_72-800x800.jpg\",\"contentUrl\":\"https:\/\/www.trikomaseeds.com\/wp-content\/uploads\/2019\/09\/WhiteWidow_Auto_Trikoma_seeds_72-800x800.jpg\",\"width\":800,\"height\":800},{\"@type\":\"BreadcrumbList\",\"@id\":\"https:\/\/www.trikomaseeds.com\/de\/samen\/white-widow-auto\/#breadcrumb\",\"itemListElement\":[{\"@type\":\"ListItem\",\"position\":1,\"name\":\"Portada\",\"item\":\"https:\/\/www.trikomaseeds.com\/de\/\"},{\"@type\":\"ListItem\",\"position\":2,\"name\":\"Shop\",\"item\":\"https:\/\/www.trikomaseeds.com\/de\/shop-3\/\"},{\"@type\":\"ListItem\",\"position\":3,\"name\":\"White Widow Auto\"}]},{\"@type\":\"WebSite\",\"@id\":\"https:\/\/www.trikomaseeds.com\/de\/#website\",\"url\":\"https:\/\/www.trikomaseeds.com\/de\/\",\"name\":\"Trikoma Seeds\",\"description\":\"Semillas de Marihuana Auto, Feminizadas y medicinales\",\"potentialAction\":[{\"@type\":\"SearchAction\",\"target\":{\"@type\":\"EntryPoint\",\"urlTemplate\":\"https:\/\/www.trikomaseeds.com\/de\/?s={search_term_string}\"},\"query-input\":{\"@type\":\"PropertyValueSpecification\",\"valueRequired\":true,\"valueName\":\"search_term_string\"}}],\"inLanguage\":\"de\"}]}<\/script>\n<!-- \/ Yoast SEO plugin. -->","yoast_head_json":{"title":"White Widow Auto \u3010 TRIKOMA SEEDS \u3011","description":"Auto White Widow von Trikoma Seeds sind die besten White Widow Auto-Samen auf dem Markt. THC von 15%. Diskrete Versandoptionen in Ihr Land.","robots":{"index":"index","follow":"follow","max-snippet":"max-snippet:-1","max-image-preview":"max-image-preview:large","max-video-preview":"max-video-preview:-1"},"canonical":"https:\/\/www.trikomaseeds.com\/de\/samen\/white-widow-auto\/","og_locale":"de_DE","og_type":"article","og_title":"White Widow Auto \u3010 TRIKOMA SEEDS \u3011","og_description":"Auto White Widow von Trikoma Seeds sind die besten White Widow Auto-Samen auf dem Markt. THC von 15%. Diskrete Versandoptionen in Ihr Land.","og_url":"https:\/\/www.trikomaseeds.com\/de\/samen\/white-widow-auto\/","og_site_name":"Trikoma Seeds","article_modified_time":"2024-08-13T11:56:41+00:00","og_image":[{"width":800,"height":800,"url":"https:\/\/www.trikomaseeds.com\/wp-content\/uploads\/2019\/09\/WhiteWidow_Auto_Trikoma_seeds_72-800x800.jpg","type":"image\/jpeg"}],"twitter_card":"summary_large_image","twitter_misc":{"Gesch\u00e4tzte Lesezeit":"3\u00a0Minuten"},"schema":{"@context":"https:\/\/schema.org","@graph":[{"@type":"WebPage","@id":"https:\/\/www.trikomaseeds.com\/de\/samen\/white-widow-auto\/","url":"https:\/\/www.trikomaseeds.com\/de\/samen\/white-widow-auto\/","name":"White Widow Auto \u3010 TRIKOMA SEEDS \u3011","isPartOf":{"@id":"https:\/\/www.trikomaseeds.com\/de\/#website"},"primaryImageOfPage":{"@id":"https:\/\/www.trikomaseeds.com\/de\/samen\/white-widow-auto\/#primaryimage"},"image":{"@id":"https:\/\/www.trikomaseeds.com\/de\/samen\/white-widow-auto\/#primaryimage"},"thumbnailUrl":"https:\/\/www.trikomaseeds.com\/wp-content\/uploads\/2019\/09\/WhiteWidow_Auto_Trikoma_seeds_72-800x800.jpg","datePublished":"2019-09-24T12:08:36+00:00","dateModified":"2024-08-13T11:56:41+00:00","description":"Auto White Widow von Trikoma Seeds sind die besten White Widow Auto-Samen auf dem Markt. THC von 15%. Diskrete Versandoptionen in Ihr Land.","breadcrumb":{"@id":"https:\/\/www.trikomaseeds.com\/de\/samen\/white-widow-auto\/#breadcrumb"},"inLanguage":"de","potentialAction":[{"@type":"ReadAction","target":["https:\/\/www.trikomaseeds.com\/de\/samen\/white-widow-auto\/"]}]},{"@type":"ImageObject","inLanguage":"de","@id":"https:\/\/www.trikomaseeds.com\/de\/samen\/white-widow-auto\/#primaryimage","url":"https:\/\/www.trikomaseeds.com\/wp-content\/uploads\/2019\/09\/WhiteWidow_Auto_Trikoma_seeds_72-800x800.jpg","contentUrl":"https:\/\/www.trikomaseeds.com\/wp-content\/uploads\/2019\/09\/WhiteWidow_Auto_Trikoma_seeds_72-800x800.jpg","width":800,"height":800},{"@type":"BreadcrumbList","@id":"https:\/\/www.trikomaseeds.com\/de\/samen\/white-widow-auto\/#breadcrumb","itemListElement":[{"@type":"ListItem","position":1,"name":"Portada","item":"https:\/\/www.trikomaseeds.com\/de\/"},{"@type":"ListItem","position":2,"name":"Shop","item":"https:\/\/www.trikomaseeds.com\/de\/shop-3\/"},{"@type":"ListItem","position":3,"name":"White Widow Auto"}]},{"@type":"WebSite","@id":"https:\/\/www.trikomaseeds.com\/de\/#website","url":"https:\/\/www.trikomaseeds.com\/de\/","name":"Trikoma Seeds","description":"Semillas de Marihuana Auto, Feminizadas y medicinales","potentialAction":[{"@type":"SearchAction","target":{"@type":"EntryPoint","urlTemplate":"https:\/\/www.trikomaseeds.com\/de\/?s={search_term_string}"},"query-input":{"@type":"PropertyValueSpecification","valueRequired":true,"valueName":"search_term_string"}}],"inLanguage":"de"}]}},"_links":{"self":[{"href":"https:\/\/www.trikomaseeds.com\/de\/wp-json\/wp\/v2\/product\/1466","targetHints":{"allow":["GET"]}}],"collection":[{"href":"https:\/\/www.trikomaseeds.com\/de\/wp-json\/wp\/v2\/product"}],"about":[{"href":"https:\/\/www.trikomaseeds.com\/de\/wp-json\/wp\/v2\/types\/product"}],"replies":[{"embeddable":true,"href":"https:\/\/www.trikomaseeds.com\/de\/wp-json\/wp\/v2\/comments?post=1466"}],"wp:featuredmedia":[{"embeddable":true,"href":"https:\/\/www.trikomaseeds.com\/de\/wp-json\/wp\/v2\/media\/573"}],"wp:attachment":[{"href":"https:\/\/www.trikomaseeds.com\/de\/wp-json\/wp\/v2\/media?parent=1466"}],"wp:term":[{"taxonomy":"product_cat","embeddable":true,"href":"https:\/\/www.trikomaseeds.com\/de\/wp-json\/wp\/v2\/product_cat?post=1466"},{"taxonomy":"product_tag","embeddable":true,"href":"https:\/\/www.trikomaseeds.com\/de\/wp-json\/wp\/v2\/product_tag?post=1466"}],"curies":[{"name":"wp","href":"https:\/\/api.w.org\/{rel}","templated":true}]}}