{"id":1403,"date":"2019-09-24T14:31:20","date_gmt":"2019-09-24T12:31:20","guid":{"rendered":"http:\/\/www.trikomaseeds.com\/semillas\/the-palmar\/"},"modified":"2025-03-30T00:11:36","modified_gmt":"2025-03-29T23:11:36","slug":"the-palmar","status":"publish","type":"product","link":"https:\/\/www.trikomaseeds.com\/de\/samen\/the-palmar\/","title":{"rendered":"The Palmar"},"content":{"rendered":"<h3 class=\"dotted_title uppercase\">EIGENSCHAFTEN<\/h3>\n<ul class=\"check\">\n<li>Genetisch: AK-74 x Power Plant<\/li>\n<li>Genotype: Sativa 60% -\/\/- Indica 40%<\/li>\n<li>Ertrag Indoor: 550 g\/m<sup>2<\/sup>\u00a0(Mit 600W Licht)<\/li>\n<li>Ertrag Outdoor: 0,5 &#8211; 1,5 Kg.\/Pflanze<\/li>\n<li>Bl\u00fctezeit Indoor: 60 &#8211; 65 tage<\/li>\n<li>Bl\u00fctezeit Outdoor: 1\/4 Oktober<\/li>\n<li>Bl\u00fctezeit Lateinamerika: 1\/4 April<\/li>\n<\/ul>\n","protected":false},"excerpt":{"rendered":"<p align=\"justify\">Diese \u00fcberwiegende Sativa, eine Kreuzung von AK-74 und Power Plant, ist mittelgro\u00df und sehr ertragreich. Sie hat lange, dichte, harzige Buds, ist aromatisch und schmeckt s\u00fc\u00df. Ihre zerebrale Wirkung und eine Bl\u00fctezeit von ca. 60 Tagen machen sie zu einer f\u00fcr jedes Anbausystem geeigneten Pflanze. Bei ung\u00fcnstigen Bedingungen ist sie widerstandsf\u00e4higer als andere Sorten.<\/p>\n<p><strong>THC:\u00a0<span class=\"destacado\">18%<\/span><\/strong><\/p>\n","protected":false},"featured_media":839,"comment_status":"open","ping_status":"closed","template":"","meta":[],"product_cat":[99],"product_tag":[362],"class_list":{"0":"post-1403","1":"product","2":"type-product","3":"status-publish","4":"has-post-thumbnail","6":"product_cat-feminisiert","7":"product_tag-feminisiert-de","9":"first","10":"instock","11":"shipping-taxable","12":"purchasable","13":"product-type-variable","14":"has-default-attributes"},"yoast_head":"<!-- This site is optimized with the Yoast SEO plugin v25.6 - https:\/\/yoast.com\/wordpress\/plugins\/seo\/ -->\n<title>The Palmar: Trikoma Seeds Marihuana-Samen<\/title>\n<meta name=\"description\" content=\"The Palmar: Trikoma Seeds Marihuana-Samen. Kultiviere feminisierte, Autoflowering- oder CBD-Pflanzen zum besten Preis. Diskreter und sicherer Versand in Ihr Land.\" \/>\n<meta name=\"robots\" content=\"index, follow, max-snippet:-1, max-image-preview:large, max-video-preview:-1\" \/>\n<link rel=\"canonical\" href=\"https:\/\/www.trikomaseeds.com\/de\/samen\/the-palmar\/\" \/>\n<meta property=\"og:locale\" content=\"de_DE\" \/>\n<meta property=\"og:type\" content=\"article\" \/>\n<meta property=\"og:title\" content=\"The Palmar: Trikoma Seeds Marihuana-Samen\" \/>\n<meta property=\"og:description\" content=\"The Palmar: Trikoma Seeds Marihuana-Samen. Kultiviere feminisierte, Autoflowering- oder CBD-Pflanzen zum besten Preis. Diskreter und sicherer Versand in Ihr Land.\" \/>\n<meta property=\"og:url\" content=\"https:\/\/www.trikomaseeds.com\/de\/samen\/the-palmar\/\" \/>\n<meta property=\"og:site_name\" content=\"Trikoma Seeds\" \/>\n<meta property=\"article:modified_time\" content=\"2025-03-29T23:11:36+00:00\" \/>\n<meta property=\"og:image\" content=\"https:\/\/www.trikomaseeds.com\/wp-content\/uploads\/2019\/09\/the-palmar-800x800-1-500x500.jpg\" \/>\n\t<meta property=\"og:image:width\" content=\"500\" \/>\n\t<meta property=\"og:image:height\" content=\"500\" \/>\n\t<meta property=\"og:image:type\" content=\"image\/jpeg\" \/>\n<meta name=\"twitter:card\" content=\"summary_large_image\" \/>\n<script type=\"application\/ld+json\" class=\"yoast-schema-graph\">{\"@context\":\"https:\/\/schema.org\",\"@graph\":[{\"@type\":\"WebPage\",\"@id\":\"https:\/\/www.trikomaseeds.com\/de\/samen\/the-palmar\/\",\"url\":\"https:\/\/www.trikomaseeds.com\/de\/samen\/the-palmar\/\",\"name\":\"The Palmar: Trikoma Seeds Marihuana-Samen\",\"isPartOf\":{\"@id\":\"https:\/\/www.trikomaseeds.com\/de\/#website\"},\"primaryImageOfPage\":{\"@id\":\"https:\/\/www.trikomaseeds.com\/de\/samen\/the-palmar\/#primaryimage\"},\"image\":{\"@id\":\"https:\/\/www.trikomaseeds.com\/de\/samen\/the-palmar\/#primaryimage\"},\"thumbnailUrl\":\"https:\/\/www.trikomaseeds.com\/wp-content\/uploads\/2019\/09\/the-palmar-800x800-1-500x500.jpg\",\"datePublished\":\"2019-09-24T12:31:20+00:00\",\"dateModified\":\"2025-03-29T23:11:36+00:00\",\"description\":\"The Palmar: Trikoma Seeds Marihuana-Samen. Kultiviere feminisierte, Autoflowering- oder CBD-Pflanzen zum besten Preis. Diskreter und sicherer Versand in Ihr Land.\",\"breadcrumb\":{\"@id\":\"https:\/\/www.trikomaseeds.com\/de\/samen\/the-palmar\/#breadcrumb\"},\"inLanguage\":\"de\",\"potentialAction\":[{\"@type\":\"ReadAction\",\"target\":[\"https:\/\/www.trikomaseeds.com\/de\/samen\/the-palmar\/\"]}]},{\"@type\":\"ImageObject\",\"inLanguage\":\"de\",\"@id\":\"https:\/\/www.trikomaseeds.com\/de\/samen\/the-palmar\/#primaryimage\",\"url\":\"https:\/\/www.trikomaseeds.com\/wp-content\/uploads\/2019\/09\/the-palmar-800x800-1-500x500.jpg\",\"contentUrl\":\"https:\/\/www.trikomaseeds.com\/wp-content\/uploads\/2019\/09\/the-palmar-800x800-1-500x500.jpg\",\"width\":500,\"height\":500},{\"@type\":\"BreadcrumbList\",\"@id\":\"https:\/\/www.trikomaseeds.com\/de\/samen\/the-palmar\/#breadcrumb\",\"itemListElement\":[{\"@type\":\"ListItem\",\"position\":1,\"name\":\"Portada\",\"item\":\"https:\/\/www.trikomaseeds.com\/de\/\"},{\"@type\":\"ListItem\",\"position\":2,\"name\":\"Shop\",\"item\":\"https:\/\/www.trikomaseeds.com\/de\/shop-3\/\"},{\"@type\":\"ListItem\",\"position\":3,\"name\":\"The Palmar\"}]},{\"@type\":\"WebSite\",\"@id\":\"https:\/\/www.trikomaseeds.com\/de\/#website\",\"url\":\"https:\/\/www.trikomaseeds.com\/de\/\",\"name\":\"Trikoma Seeds\",\"description\":\"Semillas de Marihuana Auto, Feminizadas y medicinales\",\"potentialAction\":[{\"@type\":\"SearchAction\",\"target\":{\"@type\":\"EntryPoint\",\"urlTemplate\":\"https:\/\/www.trikomaseeds.com\/de\/?s={search_term_string}\"},\"query-input\":{\"@type\":\"PropertyValueSpecification\",\"valueRequired\":true,\"valueName\":\"search_term_string\"}}],\"inLanguage\":\"de\"}]}<\/script>\n<!-- \/ Yoast SEO plugin. -->","yoast_head_json":{"title":"The Palmar: Trikoma Seeds Marihuana-Samen","description":"The Palmar: Trikoma Seeds Marihuana-Samen. Kultiviere feminisierte, Autoflowering- oder CBD-Pflanzen zum besten Preis. Diskreter und sicherer Versand in Ihr Land.","robots":{"index":"index","follow":"follow","max-snippet":"max-snippet:-1","max-image-preview":"max-image-preview:large","max-video-preview":"max-video-preview:-1"},"canonical":"https:\/\/www.trikomaseeds.com\/de\/samen\/the-palmar\/","og_locale":"de_DE","og_type":"article","og_title":"The Palmar: Trikoma Seeds Marihuana-Samen","og_description":"The Palmar: Trikoma Seeds Marihuana-Samen. Kultiviere feminisierte, Autoflowering- oder CBD-Pflanzen zum besten Preis. Diskreter und sicherer Versand in Ihr Land.","og_url":"https:\/\/www.trikomaseeds.com\/de\/samen\/the-palmar\/","og_site_name":"Trikoma Seeds","article_modified_time":"2025-03-29T23:11:36+00:00","og_image":[{"width":500,"height":500,"url":"https:\/\/www.trikomaseeds.com\/wp-content\/uploads\/2019\/09\/the-palmar-800x800-1-500x500.jpg","type":"image\/jpeg"}],"twitter_card":"summary_large_image","schema":{"@context":"https:\/\/schema.org","@graph":[{"@type":"WebPage","@id":"https:\/\/www.trikomaseeds.com\/de\/samen\/the-palmar\/","url":"https:\/\/www.trikomaseeds.com\/de\/samen\/the-palmar\/","name":"The Palmar: Trikoma Seeds Marihuana-Samen","isPartOf":{"@id":"https:\/\/www.trikomaseeds.com\/de\/#website"},"primaryImageOfPage":{"@id":"https:\/\/www.trikomaseeds.com\/de\/samen\/the-palmar\/#primaryimage"},"image":{"@id":"https:\/\/www.trikomaseeds.com\/de\/samen\/the-palmar\/#primaryimage"},"thumbnailUrl":"https:\/\/www.trikomaseeds.com\/wp-content\/uploads\/2019\/09\/the-palmar-800x800-1-500x500.jpg","datePublished":"2019-09-24T12:31:20+00:00","dateModified":"2025-03-29T23:11:36+00:00","description":"The Palmar: Trikoma Seeds Marihuana-Samen. Kultiviere feminisierte, Autoflowering- oder CBD-Pflanzen zum besten Preis. Diskreter und sicherer Versand in Ihr Land.","breadcrumb":{"@id":"https:\/\/www.trikomaseeds.com\/de\/samen\/the-palmar\/#breadcrumb"},"inLanguage":"de","potentialAction":[{"@type":"ReadAction","target":["https:\/\/www.trikomaseeds.com\/de\/samen\/the-palmar\/"]}]},{"@type":"ImageObject","inLanguage":"de","@id":"https:\/\/www.trikomaseeds.com\/de\/samen\/the-palmar\/#primaryimage","url":"https:\/\/www.trikomaseeds.com\/wp-content\/uploads\/2019\/09\/the-palmar-800x800-1-500x500.jpg","contentUrl":"https:\/\/www.trikomaseeds.com\/wp-content\/uploads\/2019\/09\/the-palmar-800x800-1-500x500.jpg","width":500,"height":500},{"@type":"BreadcrumbList","@id":"https:\/\/www.trikomaseeds.com\/de\/samen\/the-palmar\/#breadcrumb","itemListElement":[{"@type":"ListItem","position":1,"name":"Portada","item":"https:\/\/www.trikomaseeds.com\/de\/"},{"@type":"ListItem","position":2,"name":"Shop","item":"https:\/\/www.trikomaseeds.com\/de\/shop-3\/"},{"@type":"ListItem","position":3,"name":"The Palmar"}]},{"@type":"WebSite","@id":"https:\/\/www.trikomaseeds.com\/de\/#website","url":"https:\/\/www.trikomaseeds.com\/de\/","name":"Trikoma Seeds","description":"Semillas de Marihuana Auto, Feminizadas y medicinales","potentialAction":[{"@type":"SearchAction","target":{"@type":"EntryPoint","urlTemplate":"https:\/\/www.trikomaseeds.com\/de\/?s={search_term_string}"},"query-input":{"@type":"PropertyValueSpecification","valueRequired":true,"valueName":"search_term_string"}}],"inLanguage":"de"}]}},"_links":{"self":[{"href":"https:\/\/www.trikomaseeds.com\/de\/wp-json\/wp\/v2\/product\/1403","targetHints":{"allow":["GET"]}}],"collection":[{"href":"https:\/\/www.trikomaseeds.com\/de\/wp-json\/wp\/v2\/product"}],"about":[{"href":"https:\/\/www.trikomaseeds.com\/de\/wp-json\/wp\/v2\/types\/product"}],"replies":[{"embeddable":true,"href":"https:\/\/www.trikomaseeds.com\/de\/wp-json\/wp\/v2\/comments?post=1403"}],"wp:featuredmedia":[{"embeddable":true,"href":"https:\/\/www.trikomaseeds.com\/de\/wp-json\/wp\/v2\/media\/839"}],"wp:attachment":[{"href":"https:\/\/www.trikomaseeds.com\/de\/wp-json\/wp\/v2\/media?parent=1403"}],"wp:term":[{"taxonomy":"product_cat","embeddable":true,"href":"https:\/\/www.trikomaseeds.com\/de\/wp-json\/wp\/v2\/product_cat?post=1403"},{"taxonomy":"product_tag","embeddable":true,"href":"https:\/\/www.trikomaseeds.com\/de\/wp-json\/wp\/v2\/product_tag?post=1403"}],"curies":[{"name":"wp","href":"https:\/\/api.w.org\/{rel}","templated":true}]}}