{"id":12504,"date":"2025-04-24T09:51:47","date_gmt":"2025-04-24T07:51:47","guid":{"rendered":"https:\/\/www.trikomaseeds.com\/semillas\/ak-74-fast-version\/"},"modified":"2025-06-20T12:04:06","modified_gmt":"2025-06-20T10:04:06","slug":"ak-74-fast-version","status":"publish","type":"product","link":"https:\/\/www.trikomaseeds.com\/de\/samen\/ak-74-fast-version\/","title":{"rendered":"AK74 Fast \u2013 Schnellbl\u00fchender Hybrid mit Maschinengewehr-Power"},"content":{"rendered":"<p data-start=\"2962\" data-end=\"3206\"><strong data-start=\"3030\" data-end=\"3043\">AK74 Fast<\/strong> ist eine <strong data-start=\"3053\" data-end=\"3086\">schnellbl\u00fchende Cannabissorte<\/strong>. Sie kombiniert die <strong data-start=\"3107\" data-end=\"3151\">starke Potenz photoperiodischer Pflanzen<\/strong> mit der <strong data-start=\"3160\" data-end=\"3205\">Geschwindigkeit von Autoflowering-Strains<\/strong>.<\/p>\n<p data-start=\"3208\" data-end=\"3401\">Dieser Hybrid ist ideal f\u00fcr Z\u00fcchter, die <strong data-start=\"3249\" data-end=\"3289\">ihren Ertrag schnell steigern wollen<\/strong>. Er ist <strong data-start=\"3298\" data-end=\"3331\">kompakt und gut ausbalanciert<\/strong>und produziert <strong data-start=\"3347\" data-end=\"3371\">dichte, schwere Buds<\/strong>, die mit Harz \u00fcberzogen sind.<\/p>\n<p data-start=\"3403\" data-end=\"3887\">\ud83d\udd25 <strong data-start=\"3406\" data-end=\"3441\">Schnelle Bl\u00fctezeit (53\u201357 Tage)<\/strong> mit <strong data-start=\"3446\" data-end=\"3476\">hohem THC-Gehalt (22\u201324\u202f%)<\/strong><br data-start=\"3476\" data-end=\"3479\" \/>\ud83c\udf31 <strong data-start=\"3482\" data-end=\"3504\">Feminisierte Samen<\/strong> mit <strong data-start=\"3509\" data-end=\"3535\">preisgekr\u00f6nter Genetik<\/strong> (AK-47 x White Widow)<br data-start=\"3557\" data-end=\"3560\" \/>\ud83d\udcaa <strong data-start=\"3563\" data-end=\"3579\">Hoher Ertrag<\/strong>: bis zu 550\u202fg\/m\u00b2 indoor, bis zu 2\u202fkg pro Pflanze outdoor<br data-start=\"3636\" data-end=\"3639\" \/>\ud83d\ude80 <strong data-start=\"3642\" data-end=\"3667\">Maschinengewehr-Power<\/strong> \u2013 <strong data-start=\"3670\" data-end=\"3708\">intensive, lang anhaltende Wirkung<\/strong><br data-start=\"3708\" data-end=\"3711\" \/>\ud83c\udf4a <strong data-start=\"3714\" data-end=\"3727\">Geschmack<\/strong>: frisch, fruchtig, w\u00fcrzig und holzig<br data-start=\"3764\" data-end=\"3767\" \/>\ud83d\ude0c <strong data-start=\"3770\" data-end=\"3781\">Wirkung<\/strong>: perfekte Mischung aus <strong data-start=\"3805\" data-end=\"3830\">geistiger Stimulation<\/strong> und <strong data-start=\"3835\" data-end=\"3857\">tiefer Entspannung<\/strong>, geerbt von legend\u00e4ren Eltern<\/p>\n<p data-start=\"3889\" data-end=\"4190\">Mit seiner <strong data-start=\"3900\" data-end=\"3924\">schnellen Bl\u00fctephase<\/strong> ist <strong data-start=\"3929\" data-end=\"3942\">AK74 Fast<\/strong> ideal f\u00fcr den <strong data-start=\"3957\" data-end=\"3986\">effizienten Cannabisanbau<\/strong>, bei dem die <strong data-start=\"4000\" data-end=\"4035\">Potenz photoperiodischer Sorten<\/strong> erhalten bleibt. Egal ob f\u00fcr den Eigenbedarf oder die gro\u00dffl\u00e4chige Produktion \u2013 diese <strong data-start=\"4122\" data-end=\"4152\">hochwertigen Cannabissamen<\/strong> garantieren herausragende Ergebnisse.<\/p>\n<p data-start=\"4192\" data-end=\"4324\"><strong data-start=\"4192\" data-end=\"4205\">AK74 Fast<\/strong> \u2013 ein <strong data-start=\"4212\" data-end=\"4241\">Cannabis-Samen-Kraftpaket<\/strong> mit <strong data-start=\"4246\" data-end=\"4281\">der Geschwindigkeit eines Autos<\/strong> und <strong data-start=\"4286\" data-end=\"4323\">der St\u00e4rke eines Maschinengewehrs<\/strong>!<\/p>\n","protected":false},"excerpt":{"rendered":"<p><strong>AK-74 Fast<\/strong> von Trikoma Seeds: Leistung, fruchtiger Geschmack und schnelles Wachstum in einer feminisierten Genetik, ideal f\u00fcr reichhaltige und unkomplizierte Ernten.<\/p>\n","protected":false},"featured_media":12567,"comment_status":"open","ping_status":"closed","template":"","meta":[],"product_cat":[483],"product_tag":[],"class_list":{"0":"post-12504","1":"product","2":"type-product","3":"status-publish","4":"has-post-thumbnail","6":"product_cat-fast-versions-de","8":"first","9":"instock","10":"shipping-taxable","11":"purchasable","12":"product-type-variable","13":"has-default-attributes"},"yoast_head":"<!-- This site is optimized with the Yoast SEO plugin v25.6 - https:\/\/yoast.com\/wordpress\/plugins\/seo\/ -->\n<title>AK74 Fast \u2013 Schnellbl\u00fchender Hybrid mit Maschinengewehr-Power - Trikoma Seeds<\/title>\n<meta name=\"description\" content=\"AK-74 Fast von Trikoma Seeds: Potenz, fruchtiger Geschmack und schnelles Wachstum in einer feminisierten Sorte, die ideal f\u00fcr gro\u00dfe Ernten ohne Komplikationen ist.\" \/>\n<meta name=\"robots\" content=\"index, follow, max-snippet:-1, max-image-preview:large, max-video-preview:-1\" \/>\n<link rel=\"canonical\" href=\"https:\/\/www.trikomaseeds.com\/de\/samen\/ak-74-fast-version\/\" \/>\n<meta property=\"og:locale\" content=\"de_DE\" \/>\n<meta property=\"og:type\" content=\"article\" \/>\n<meta property=\"og:title\" content=\"AK74 Fast \u2013 Schnellbl\u00fchender Hybrid mit Maschinengewehr-Power - Trikoma Seeds\" \/>\n<meta property=\"og:description\" content=\"AK-74 Fast von Trikoma Seeds: Potenz, fruchtiger Geschmack und schnelles Wachstum in einer feminisierten Sorte, die ideal f\u00fcr gro\u00dfe Ernten ohne Komplikationen ist.\" \/>\n<meta property=\"og:url\" content=\"https:\/\/www.trikomaseeds.com\/de\/samen\/ak-74-fast-version\/\" \/>\n<meta property=\"og:site_name\" content=\"Trikoma Seeds\" \/>\n<meta property=\"article:modified_time\" content=\"2025-06-20T10:04:06+00:00\" \/>\n<meta property=\"og:image\" content=\"https:\/\/www.trikomaseeds.com\/wp-content\/uploads\/2025\/04\/ak74-fast.jpg\" \/>\n\t<meta property=\"og:image:width\" content=\"800\" \/>\n\t<meta property=\"og:image:height\" content=\"800\" \/>\n\t<meta property=\"og:image:type\" content=\"image\/jpeg\" \/>\n<meta name=\"twitter:card\" content=\"summary_large_image\" \/>\n<meta name=\"twitter:label1\" content=\"Gesch\u00e4tzte Lesezeit\" \/>\n\t<meta name=\"twitter:data1\" content=\"1\u00a0Minute\" \/>\n<script type=\"application\/ld+json\" class=\"yoast-schema-graph\">{\"@context\":\"https:\/\/schema.org\",\"@graph\":[{\"@type\":\"WebPage\",\"@id\":\"https:\/\/www.trikomaseeds.com\/de\/samen\/ak-74-fast-version\/\",\"url\":\"https:\/\/www.trikomaseeds.com\/de\/samen\/ak-74-fast-version\/\",\"name\":\"AK74 Fast \u2013 Schnellbl\u00fchender Hybrid mit Maschinengewehr-Power - Trikoma Seeds\",\"isPartOf\":{\"@id\":\"https:\/\/www.trikomaseeds.com\/de\/#website\"},\"primaryImageOfPage\":{\"@id\":\"https:\/\/www.trikomaseeds.com\/de\/samen\/ak-74-fast-version\/#primaryimage\"},\"image\":{\"@id\":\"https:\/\/www.trikomaseeds.com\/de\/samen\/ak-74-fast-version\/#primaryimage\"},\"thumbnailUrl\":\"https:\/\/www.trikomaseeds.com\/wp-content\/uploads\/2025\/04\/ak74-fast.jpg\",\"datePublished\":\"2025-04-24T07:51:47+00:00\",\"dateModified\":\"2025-06-20T10:04:06+00:00\",\"description\":\"AK-74 Fast von Trikoma Seeds: Potenz, fruchtiger Geschmack und schnelles Wachstum in einer feminisierten Sorte, die ideal f\u00fcr gro\u00dfe Ernten ohne Komplikationen ist.\",\"breadcrumb\":{\"@id\":\"https:\/\/www.trikomaseeds.com\/de\/samen\/ak-74-fast-version\/#breadcrumb\"},\"inLanguage\":\"de\",\"potentialAction\":[{\"@type\":\"ReadAction\",\"target\":[\"https:\/\/www.trikomaseeds.com\/de\/samen\/ak-74-fast-version\/\"]}]},{\"@type\":\"ImageObject\",\"inLanguage\":\"de\",\"@id\":\"https:\/\/www.trikomaseeds.com\/de\/samen\/ak-74-fast-version\/#primaryimage\",\"url\":\"https:\/\/www.trikomaseeds.com\/wp-content\/uploads\/2025\/04\/ak74-fast.jpg\",\"contentUrl\":\"https:\/\/www.trikomaseeds.com\/wp-content\/uploads\/2025\/04\/ak74-fast.jpg\",\"width\":800,\"height\":800,\"caption\":\"AK74 Fast\"},{\"@type\":\"BreadcrumbList\",\"@id\":\"https:\/\/www.trikomaseeds.com\/de\/samen\/ak-74-fast-version\/#breadcrumb\",\"itemListElement\":[{\"@type\":\"ListItem\",\"position\":1,\"name\":\"Portada\",\"item\":\"https:\/\/www.trikomaseeds.com\/de\/\"},{\"@type\":\"ListItem\",\"position\":2,\"name\":\"Shop\",\"item\":\"https:\/\/www.trikomaseeds.com\/de\/shop-3\/\"},{\"@type\":\"ListItem\",\"position\":3,\"name\":\"AK74 Fast \u2013 Schnellbl\u00fchender Hybrid mit Maschinengewehr-Power\"}]},{\"@type\":\"WebSite\",\"@id\":\"https:\/\/www.trikomaseeds.com\/de\/#website\",\"url\":\"https:\/\/www.trikomaseeds.com\/de\/\",\"name\":\"Trikoma Seeds\",\"description\":\"Semillas de Marihuana Auto, Feminizadas y medicinales\",\"potentialAction\":[{\"@type\":\"SearchAction\",\"target\":{\"@type\":\"EntryPoint\",\"urlTemplate\":\"https:\/\/www.trikomaseeds.com\/de\/?s={search_term_string}\"},\"query-input\":{\"@type\":\"PropertyValueSpecification\",\"valueRequired\":true,\"valueName\":\"search_term_string\"}}],\"inLanguage\":\"de\"}]}<\/script>\n<!-- \/ Yoast SEO plugin. -->","yoast_head_json":{"title":"AK74 Fast \u2013 Schnellbl\u00fchender Hybrid mit Maschinengewehr-Power - Trikoma Seeds","description":"AK-74 Fast von Trikoma Seeds: Potenz, fruchtiger Geschmack und schnelles Wachstum in einer feminisierten Sorte, die ideal f\u00fcr gro\u00dfe Ernten ohne Komplikationen ist.","robots":{"index":"index","follow":"follow","max-snippet":"max-snippet:-1","max-image-preview":"max-image-preview:large","max-video-preview":"max-video-preview:-1"},"canonical":"https:\/\/www.trikomaseeds.com\/de\/samen\/ak-74-fast-version\/","og_locale":"de_DE","og_type":"article","og_title":"AK74 Fast \u2013 Schnellbl\u00fchender Hybrid mit Maschinengewehr-Power - Trikoma Seeds","og_description":"AK-74 Fast von Trikoma Seeds: Potenz, fruchtiger Geschmack und schnelles Wachstum in einer feminisierten Sorte, die ideal f\u00fcr gro\u00dfe Ernten ohne Komplikationen ist.","og_url":"https:\/\/www.trikomaseeds.com\/de\/samen\/ak-74-fast-version\/","og_site_name":"Trikoma Seeds","article_modified_time":"2025-06-20T10:04:06+00:00","og_image":[{"width":800,"height":800,"url":"https:\/\/www.trikomaseeds.com\/wp-content\/uploads\/2025\/04\/ak74-fast.jpg","type":"image\/jpeg"}],"twitter_card":"summary_large_image","twitter_misc":{"Gesch\u00e4tzte Lesezeit":"1\u00a0Minute"},"schema":{"@context":"https:\/\/schema.org","@graph":[{"@type":"WebPage","@id":"https:\/\/www.trikomaseeds.com\/de\/samen\/ak-74-fast-version\/","url":"https:\/\/www.trikomaseeds.com\/de\/samen\/ak-74-fast-version\/","name":"AK74 Fast \u2013 Schnellbl\u00fchender Hybrid mit Maschinengewehr-Power - Trikoma Seeds","isPartOf":{"@id":"https:\/\/www.trikomaseeds.com\/de\/#website"},"primaryImageOfPage":{"@id":"https:\/\/www.trikomaseeds.com\/de\/samen\/ak-74-fast-version\/#primaryimage"},"image":{"@id":"https:\/\/www.trikomaseeds.com\/de\/samen\/ak-74-fast-version\/#primaryimage"},"thumbnailUrl":"https:\/\/www.trikomaseeds.com\/wp-content\/uploads\/2025\/04\/ak74-fast.jpg","datePublished":"2025-04-24T07:51:47+00:00","dateModified":"2025-06-20T10:04:06+00:00","description":"AK-74 Fast von Trikoma Seeds: Potenz, fruchtiger Geschmack und schnelles Wachstum in einer feminisierten Sorte, die ideal f\u00fcr gro\u00dfe Ernten ohne Komplikationen ist.","breadcrumb":{"@id":"https:\/\/www.trikomaseeds.com\/de\/samen\/ak-74-fast-version\/#breadcrumb"},"inLanguage":"de","potentialAction":[{"@type":"ReadAction","target":["https:\/\/www.trikomaseeds.com\/de\/samen\/ak-74-fast-version\/"]}]},{"@type":"ImageObject","inLanguage":"de","@id":"https:\/\/www.trikomaseeds.com\/de\/samen\/ak-74-fast-version\/#primaryimage","url":"https:\/\/www.trikomaseeds.com\/wp-content\/uploads\/2025\/04\/ak74-fast.jpg","contentUrl":"https:\/\/www.trikomaseeds.com\/wp-content\/uploads\/2025\/04\/ak74-fast.jpg","width":800,"height":800,"caption":"AK74 Fast"},{"@type":"BreadcrumbList","@id":"https:\/\/www.trikomaseeds.com\/de\/samen\/ak-74-fast-version\/#breadcrumb","itemListElement":[{"@type":"ListItem","position":1,"name":"Portada","item":"https:\/\/www.trikomaseeds.com\/de\/"},{"@type":"ListItem","position":2,"name":"Shop","item":"https:\/\/www.trikomaseeds.com\/de\/shop-3\/"},{"@type":"ListItem","position":3,"name":"AK74 Fast \u2013 Schnellbl\u00fchender Hybrid mit Maschinengewehr-Power"}]},{"@type":"WebSite","@id":"https:\/\/www.trikomaseeds.com\/de\/#website","url":"https:\/\/www.trikomaseeds.com\/de\/","name":"Trikoma Seeds","description":"Semillas de Marihuana Auto, Feminizadas y medicinales","potentialAction":[{"@type":"SearchAction","target":{"@type":"EntryPoint","urlTemplate":"https:\/\/www.trikomaseeds.com\/de\/?s={search_term_string}"},"query-input":{"@type":"PropertyValueSpecification","valueRequired":true,"valueName":"search_term_string"}}],"inLanguage":"de"}]}},"_links":{"self":[{"href":"https:\/\/www.trikomaseeds.com\/de\/wp-json\/wp\/v2\/product\/12504","targetHints":{"allow":["GET"]}}],"collection":[{"href":"https:\/\/www.trikomaseeds.com\/de\/wp-json\/wp\/v2\/product"}],"about":[{"href":"https:\/\/www.trikomaseeds.com\/de\/wp-json\/wp\/v2\/types\/product"}],"replies":[{"embeddable":true,"href":"https:\/\/www.trikomaseeds.com\/de\/wp-json\/wp\/v2\/comments?post=12504"}],"wp:featuredmedia":[{"embeddable":true,"href":"https:\/\/www.trikomaseeds.com\/de\/wp-json\/wp\/v2\/media\/12567"}],"wp:attachment":[{"href":"https:\/\/www.trikomaseeds.com\/de\/wp-json\/wp\/v2\/media?parent=12504"}],"wp:term":[{"taxonomy":"product_cat","embeddable":true,"href":"https:\/\/www.trikomaseeds.com\/de\/wp-json\/wp\/v2\/product_cat?post=12504"},{"taxonomy":"product_tag","embeddable":true,"href":"https:\/\/www.trikomaseeds.com\/de\/wp-json\/wp\/v2\/product_tag?post=12504"}],"curies":[{"name":"wp","href":"https:\/\/api.w.org\/{rel}","templated":true}]}}