{"id":12448,"date":"2025-04-24T13:29:53","date_gmt":"2025-04-24T11:29:53","guid":{"rendered":"https:\/\/www.trikomaseeds.com\/semillas\/black-domina-fast-version\/"},"modified":"2025-06-21T15:10:25","modified_gmt":"2025-06-21T13:10:25","slug":"black-domina-fast-version","status":"publish","type":"product","link":"https:\/\/www.trikomaseeds.com\/de\/samen\/black-domina-fast-version\/","title":{"rendered":"Black Domina Fast \u2013 Reine Indica mit Schnellbl\u00fch-Power"},"content":{"rendered":"<p data-start=\"7428\" data-end=\"7607\"><strong data-start=\"7489\" data-end=\"7510\">Black Domina Fast<\/strong> ist die schnelle Version der ber\u00fchmten Black Domina. Sie ist eine <strong data-start=\"7577\" data-end=\"7606\">90\u202f% Indica-Cannabissorte<\/strong>.<\/p>\n<p data-start=\"7609\" data-end=\"7869\">Diese Sorte ist bekannt f\u00fcr ihre <strong data-start=\"7642\" data-end=\"7664\">schnelle Bl\u00fctezeit<\/strong> und ihre <strong data-start=\"7674\" data-end=\"7703\">tief entspannende Wirkung<\/strong>. Der F1-Hybrid produziert z\u00fcgig Bl\u00fcten und beh\u00e4lt dabei <strong data-start=\"7760\" data-end=\"7780\">hohen THC-Gehalt<\/strong> und <strong data-start=\"7785\" data-end=\"7808\">dicke Harzschichten<\/strong>, wie man sie von klassischen photoperiodischen Sorten kennt.<\/p>\n<p data-start=\"7871\" data-end=\"8246\">\ud83d\udd25 <strong data-start=\"7874\" data-end=\"7897\">Schnelle Bl\u00fctephase<\/strong> \u2013 <strong data-start=\"7900\" data-end=\"7931\">eine Woche fr\u00fcher erntereif<\/strong>, in nur <strong data-start=\"7940\" data-end=\"7955\">45\u201350 Tagen<\/strong><br data-start=\"7955\" data-end=\"7958\" \/>\ud83c\udf31 <strong data-start=\"7961\" data-end=\"7983\">Fast-Version-Samen<\/strong> \u2013 feminisierte Marihuana-Samen von f\u00fchrenden Seedbanks<br data-start=\"8038\" data-end=\"8041\" \/>\ud83d\udcaa <strong data-start=\"8044\" data-end=\"8060\">Hoher Ertrag<\/strong> im Indoor- und Outdoor-Grow, f\u00fcr alle Klimazonen geeignet<br data-start=\"8118\" data-end=\"8121\" \/>\ud83d\ude0c <strong data-start=\"8124\" data-end=\"8147\">K\u00f6rperbetontes High<\/strong> \u2013 tief entspannend, perfekt f\u00fcr den Abend<br data-start=\"8189\" data-end=\"8192\" \/>\ud83c\udf3f <strong data-start=\"8195\" data-end=\"8215\">Intensives Aroma<\/strong> \u2013 erdig, w\u00fcrzig und haschartig<\/p>\n<p data-start=\"8248\" data-end=\"8407\"><strong data-start=\"8248\" data-end=\"8269\">Black Domina Fast<\/strong> hat eine kurze Wachstumsphase und bl\u00fcht besonders schnell. Ideal f\u00fcr alle, die <strong data-start=\"8349\" data-end=\"8378\">hochwertige Cannabissamen<\/strong> ohne lange Wartezeit wollen.<\/p>\n<p data-start=\"8409\" data-end=\"8556\">Dieser F1-Hybrid <strong data-start=\"8426\" data-end=\"8449\">ist kein Autoflower<\/strong>, sondern folgt einem <strong data-start=\"8471\" data-end=\"8498\">gesteuerten Lichtzyklus<\/strong>, liefert aber dennoch <strong data-start=\"8521\" data-end=\"8534\">hohes THC<\/strong>und <strong data-start=\"8539\" data-end=\"8555\">gute Ertr\u00e4ge<\/strong>.<\/p>\n<p data-start=\"8558\" data-end=\"8661\">Ob im Zelt oder im Freien: Diese <strong data-start=\"8591\" data-end=\"8613\">Fast-Version-Samen<\/strong> bringen <strong data-start=\"8622\" data-end=\"8660\">eine schnelle und kraftvolle Ernte<\/strong>.<\/p>\n<p data-start=\"8663\" data-end=\"8748\"><strong data-start=\"8663\" data-end=\"8690\">Kaufe Black Domina Fast<\/strong> und erlebe die <strong data-start=\"8706\" data-end=\"8747\">ultimative Indica mit Turbo-Bl\u00fctezeit<\/strong>!<\/p>\n","protected":false},"excerpt":{"rendered":"<p><strong>Black Domina Fast<\/strong> ist eine fast reine Indica-Sorte, die tiefe Entspannung und schnelle Bl\u00fcte bietet, ideal f\u00fcr anspruchsvolle Z\u00fcchter.<\/p>\n","protected":false},"featured_media":12575,"comment_status":"open","ping_status":"closed","template":"","meta":[],"product_cat":[483],"product_tag":[],"class_list":{"0":"post-12448","1":"product","2":"type-product","3":"status-publish","4":"has-post-thumbnail","6":"product_cat-fast-versions-de","8":"first","9":"instock","10":"shipping-taxable","11":"purchasable","12":"product-type-variable","13":"has-default-attributes"},"yoast_head":"<!-- This site is optimized with the Yoast SEO plugin v25.6 - https:\/\/yoast.com\/wordpress\/plugins\/seo\/ -->\n<title>Black Domina Fast \u2013 Reine Indica mit Schnellbl\u00fch-Power - Trikoma Seeds<\/title>\n<meta name=\"description\" content=\"Black Domina Fast ist eine fast reine Indica-Sorte, die tiefe Entspannung und schnelle Bl\u00fcte bietet, ideal f\u00fcr anspruchsvolle Z\u00fcchter.\" \/>\n<meta name=\"robots\" content=\"index, follow, max-snippet:-1, max-image-preview:large, max-video-preview:-1\" \/>\n<link rel=\"canonical\" href=\"https:\/\/www.trikomaseeds.com\/de\/samen\/black-domina-fast-version\/\" \/>\n<meta property=\"og:locale\" content=\"de_DE\" \/>\n<meta property=\"og:type\" content=\"article\" \/>\n<meta property=\"og:title\" content=\"Black Domina Fast \u2013 Reine Indica mit Schnellbl\u00fch-Power - Trikoma Seeds\" \/>\n<meta property=\"og:description\" content=\"Black Domina Fast ist eine fast reine Indica-Sorte, die tiefe Entspannung und schnelle Bl\u00fcte bietet, ideal f\u00fcr anspruchsvolle Z\u00fcchter.\" \/>\n<meta property=\"og:url\" content=\"https:\/\/www.trikomaseeds.com\/de\/samen\/black-domina-fast-version\/\" \/>\n<meta property=\"og:site_name\" content=\"Trikoma Seeds\" \/>\n<meta property=\"article:modified_time\" content=\"2025-06-21T13:10:25+00:00\" \/>\n<meta property=\"og:image\" content=\"https:\/\/www.trikomaseeds.com\/wp-content\/uploads\/2025\/04\/black-domina-fast.jpg\" \/>\n\t<meta property=\"og:image:width\" content=\"800\" \/>\n\t<meta property=\"og:image:height\" content=\"800\" \/>\n\t<meta property=\"og:image:type\" content=\"image\/jpeg\" \/>\n<meta name=\"twitter:card\" content=\"summary_large_image\" \/>\n<meta name=\"twitter:label1\" content=\"Gesch\u00e4tzte Lesezeit\" \/>\n\t<meta name=\"twitter:data1\" content=\"1\u00a0Minute\" \/>\n<script type=\"application\/ld+json\" class=\"yoast-schema-graph\">{\"@context\":\"https:\/\/schema.org\",\"@graph\":[{\"@type\":\"WebPage\",\"@id\":\"https:\/\/www.trikomaseeds.com\/de\/samen\/black-domina-fast-version\/\",\"url\":\"https:\/\/www.trikomaseeds.com\/de\/samen\/black-domina-fast-version\/\",\"name\":\"Black Domina Fast \u2013 Reine Indica mit Schnellbl\u00fch-Power - Trikoma Seeds\",\"isPartOf\":{\"@id\":\"https:\/\/www.trikomaseeds.com\/de\/#website\"},\"primaryImageOfPage\":{\"@id\":\"https:\/\/www.trikomaseeds.com\/de\/samen\/black-domina-fast-version\/#primaryimage\"},\"image\":{\"@id\":\"https:\/\/www.trikomaseeds.com\/de\/samen\/black-domina-fast-version\/#primaryimage\"},\"thumbnailUrl\":\"https:\/\/www.trikomaseeds.com\/wp-content\/uploads\/2025\/04\/black-domina-fast.jpg\",\"datePublished\":\"2025-04-24T11:29:53+00:00\",\"dateModified\":\"2025-06-21T13:10:25+00:00\",\"description\":\"Black Domina Fast ist eine fast reine Indica-Sorte, die tiefe Entspannung und schnelle Bl\u00fcte bietet, ideal f\u00fcr anspruchsvolle Z\u00fcchter.\",\"breadcrumb\":{\"@id\":\"https:\/\/www.trikomaseeds.com\/de\/samen\/black-domina-fast-version\/#breadcrumb\"},\"inLanguage\":\"de\",\"potentialAction\":[{\"@type\":\"ReadAction\",\"target\":[\"https:\/\/www.trikomaseeds.com\/de\/samen\/black-domina-fast-version\/\"]}]},{\"@type\":\"ImageObject\",\"inLanguage\":\"de\",\"@id\":\"https:\/\/www.trikomaseeds.com\/de\/samen\/black-domina-fast-version\/#primaryimage\",\"url\":\"https:\/\/www.trikomaseeds.com\/wp-content\/uploads\/2025\/04\/black-domina-fast.jpg\",\"contentUrl\":\"https:\/\/www.trikomaseeds.com\/wp-content\/uploads\/2025\/04\/black-domina-fast.jpg\",\"width\":800,\"height\":800,\"caption\":\"Black Domina Fast\"},{\"@type\":\"BreadcrumbList\",\"@id\":\"https:\/\/www.trikomaseeds.com\/de\/samen\/black-domina-fast-version\/#breadcrumb\",\"itemListElement\":[{\"@type\":\"ListItem\",\"position\":1,\"name\":\"Portada\",\"item\":\"https:\/\/www.trikomaseeds.com\/de\/\"},{\"@type\":\"ListItem\",\"position\":2,\"name\":\"Shop\",\"item\":\"https:\/\/www.trikomaseeds.com\/de\/shop-3\/\"},{\"@type\":\"ListItem\",\"position\":3,\"name\":\"Black Domina Fast \u2013 Reine Indica mit Schnellbl\u00fch-Power\"}]},{\"@type\":\"WebSite\",\"@id\":\"https:\/\/www.trikomaseeds.com\/de\/#website\",\"url\":\"https:\/\/www.trikomaseeds.com\/de\/\",\"name\":\"Trikoma Seeds\",\"description\":\"Semillas de Marihuana Auto, Feminizadas y medicinales\",\"potentialAction\":[{\"@type\":\"SearchAction\",\"target\":{\"@type\":\"EntryPoint\",\"urlTemplate\":\"https:\/\/www.trikomaseeds.com\/de\/?s={search_term_string}\"},\"query-input\":{\"@type\":\"PropertyValueSpecification\",\"valueRequired\":true,\"valueName\":\"search_term_string\"}}],\"inLanguage\":\"de\"}]}<\/script>\n<!-- \/ Yoast SEO plugin. -->","yoast_head_json":{"title":"Black Domina Fast \u2013 Reine Indica mit Schnellbl\u00fch-Power - Trikoma Seeds","description":"Black Domina Fast ist eine fast reine Indica-Sorte, die tiefe Entspannung und schnelle Bl\u00fcte bietet, ideal f\u00fcr anspruchsvolle Z\u00fcchter.","robots":{"index":"index","follow":"follow","max-snippet":"max-snippet:-1","max-image-preview":"max-image-preview:large","max-video-preview":"max-video-preview:-1"},"canonical":"https:\/\/www.trikomaseeds.com\/de\/samen\/black-domina-fast-version\/","og_locale":"de_DE","og_type":"article","og_title":"Black Domina Fast \u2013 Reine Indica mit Schnellbl\u00fch-Power - Trikoma Seeds","og_description":"Black Domina Fast ist eine fast reine Indica-Sorte, die tiefe Entspannung und schnelle Bl\u00fcte bietet, ideal f\u00fcr anspruchsvolle Z\u00fcchter.","og_url":"https:\/\/www.trikomaseeds.com\/de\/samen\/black-domina-fast-version\/","og_site_name":"Trikoma Seeds","article_modified_time":"2025-06-21T13:10:25+00:00","og_image":[{"width":800,"height":800,"url":"https:\/\/www.trikomaseeds.com\/wp-content\/uploads\/2025\/04\/black-domina-fast.jpg","type":"image\/jpeg"}],"twitter_card":"summary_large_image","twitter_misc":{"Gesch\u00e4tzte Lesezeit":"1\u00a0Minute"},"schema":{"@context":"https:\/\/schema.org","@graph":[{"@type":"WebPage","@id":"https:\/\/www.trikomaseeds.com\/de\/samen\/black-domina-fast-version\/","url":"https:\/\/www.trikomaseeds.com\/de\/samen\/black-domina-fast-version\/","name":"Black Domina Fast \u2013 Reine Indica mit Schnellbl\u00fch-Power - Trikoma Seeds","isPartOf":{"@id":"https:\/\/www.trikomaseeds.com\/de\/#website"},"primaryImageOfPage":{"@id":"https:\/\/www.trikomaseeds.com\/de\/samen\/black-domina-fast-version\/#primaryimage"},"image":{"@id":"https:\/\/www.trikomaseeds.com\/de\/samen\/black-domina-fast-version\/#primaryimage"},"thumbnailUrl":"https:\/\/www.trikomaseeds.com\/wp-content\/uploads\/2025\/04\/black-domina-fast.jpg","datePublished":"2025-04-24T11:29:53+00:00","dateModified":"2025-06-21T13:10:25+00:00","description":"Black Domina Fast ist eine fast reine Indica-Sorte, die tiefe Entspannung und schnelle Bl\u00fcte bietet, ideal f\u00fcr anspruchsvolle Z\u00fcchter.","breadcrumb":{"@id":"https:\/\/www.trikomaseeds.com\/de\/samen\/black-domina-fast-version\/#breadcrumb"},"inLanguage":"de","potentialAction":[{"@type":"ReadAction","target":["https:\/\/www.trikomaseeds.com\/de\/samen\/black-domina-fast-version\/"]}]},{"@type":"ImageObject","inLanguage":"de","@id":"https:\/\/www.trikomaseeds.com\/de\/samen\/black-domina-fast-version\/#primaryimage","url":"https:\/\/www.trikomaseeds.com\/wp-content\/uploads\/2025\/04\/black-domina-fast.jpg","contentUrl":"https:\/\/www.trikomaseeds.com\/wp-content\/uploads\/2025\/04\/black-domina-fast.jpg","width":800,"height":800,"caption":"Black Domina Fast"},{"@type":"BreadcrumbList","@id":"https:\/\/www.trikomaseeds.com\/de\/samen\/black-domina-fast-version\/#breadcrumb","itemListElement":[{"@type":"ListItem","position":1,"name":"Portada","item":"https:\/\/www.trikomaseeds.com\/de\/"},{"@type":"ListItem","position":2,"name":"Shop","item":"https:\/\/www.trikomaseeds.com\/de\/shop-3\/"},{"@type":"ListItem","position":3,"name":"Black Domina Fast \u2013 Reine Indica mit Schnellbl\u00fch-Power"}]},{"@type":"WebSite","@id":"https:\/\/www.trikomaseeds.com\/de\/#website","url":"https:\/\/www.trikomaseeds.com\/de\/","name":"Trikoma Seeds","description":"Semillas de Marihuana Auto, Feminizadas y medicinales","potentialAction":[{"@type":"SearchAction","target":{"@type":"EntryPoint","urlTemplate":"https:\/\/www.trikomaseeds.com\/de\/?s={search_term_string}"},"query-input":{"@type":"PropertyValueSpecification","valueRequired":true,"valueName":"search_term_string"}}],"inLanguage":"de"}]}},"_links":{"self":[{"href":"https:\/\/www.trikomaseeds.com\/de\/wp-json\/wp\/v2\/product\/12448","targetHints":{"allow":["GET"]}}],"collection":[{"href":"https:\/\/www.trikomaseeds.com\/de\/wp-json\/wp\/v2\/product"}],"about":[{"href":"https:\/\/www.trikomaseeds.com\/de\/wp-json\/wp\/v2\/types\/product"}],"replies":[{"embeddable":true,"href":"https:\/\/www.trikomaseeds.com\/de\/wp-json\/wp\/v2\/comments?post=12448"}],"wp:featuredmedia":[{"embeddable":true,"href":"https:\/\/www.trikomaseeds.com\/de\/wp-json\/wp\/v2\/media\/12575"}],"wp:attachment":[{"href":"https:\/\/www.trikomaseeds.com\/de\/wp-json\/wp\/v2\/media?parent=12448"}],"wp:term":[{"taxonomy":"product_cat","embeddable":true,"href":"https:\/\/www.trikomaseeds.com\/de\/wp-json\/wp\/v2\/product_cat?post=12448"},{"taxonomy":"product_tag","embeddable":true,"href":"https:\/\/www.trikomaseeds.com\/de\/wp-json\/wp\/v2\/product_tag?post=12448"}],"curies":[{"name":"wp","href":"https:\/\/api.w.org\/{rel}","templated":true}]}}