{"id":12424,"date":"2025-04-24T13:47:36","date_gmt":"2025-04-24T11:47:36","guid":{"rendered":"https:\/\/www.trikomaseeds.com\/semillas\/gorilla-fast-version\/"},"modified":"2025-06-21T15:55:19","modified_gmt":"2025-06-21T13:55:19","slug":"gorilla-fast-version","status":"publish","type":"product","link":"https:\/\/www.trikomaseeds.com\/de\/samen\/gorilla-fast-version\/","title":{"rendered":"Gorilla Fast \u2013 Schnellversion mit Power und harzreicher Produktion"},"content":{"rendered":"<p data-start=\"1756\" data-end=\"1964\"><strong data-start=\"1829\" data-end=\"1845\">Gorilla Fast<\/strong> ist die <strong data-start=\"1854\" data-end=\"1873\">F1 Fast-Version<\/strong> der legend\u00e4ren Gorilla \u2013 eine der <strong data-start=\"1908\" data-end=\"1939\">st\u00e4rksten und harzreichsten<\/strong> Cannabissorten weltweit.<\/p>\n<p data-start=\"1966\" data-end=\"2144\">Ausgestattet mit <strong data-start=\"1983\" data-end=\"2003\">elit\u00e4rer Genetik<\/strong>, liefert dieser schnellbl\u00fchende Hybrid <strong data-start=\"2043\" data-end=\"2080\">kraftvolle Buds in k\u00fcrzester Zeit<\/strong> \u2013 perfekt f\u00fcr alle, die <strong data-start=\"2105\" data-end=\"2135\">Cannabis effizient anbauen<\/strong> m\u00f6chten.<\/p>\n<p data-start=\"2146\" data-end=\"2535\">\ud83d\udd25 <strong data-start=\"2149\" data-end=\"2172\">Schnelle Bl\u00fctephase<\/strong> \u2013 <strong data-start=\"2175\" data-end=\"2203\">eine Woche fr\u00fcher fertig<\/strong>, in nur <strong data-start=\"2212\" data-end=\"2227\">43\u201353 Tagen<\/strong><br data-start=\"2227\" data-end=\"2230\" \/>\ud83c\udf31 <strong data-start=\"2233\" data-end=\"2255\">Feminisierte Samen<\/strong> von einer vertrauensw\u00fcrdigen Samenbank, ideal f\u00fcr Indoor &amp; Outdoor<br data-start=\"2322\" data-end=\"2325\" \/>\ud83d\udcaa <strong data-start=\"2328\" data-end=\"2344\">Hoher Ertrag<\/strong> mit <strong data-start=\"2349\" data-end=\"2384\">kompakten, harzbedeckten Bl\u00fcten<\/strong><br data-start=\"2384\" data-end=\"2387\" \/>\ud83d\ude80 <strong data-start=\"2390\" data-end=\"2408\">Starke Wirkung<\/strong> \u2013 intensives High, gefolgt von <strong data-start=\"2440\" data-end=\"2462\">tiefer Entspannung<\/strong><br data-start=\"2462\" data-end=\"2465\" \/>\ud83c\udf3f <strong data-start=\"2468\" data-end=\"2491\">Aroma und Geschmack<\/strong> \u2013 erdig, dieselartig, mit einem Hauch S\u00e4ure<\/p>\n<h3 data-start=\"2537\" data-end=\"2587\">\ud83d\udca5 Einfach im Anbau und hoch anpassungsf\u00e4hig<\/h3>\n<p data-start=\"2588\" data-end=\"2862\"><strong data-start=\"2588\" data-end=\"2604\">Gorilla Fast<\/strong> ist ein <strong data-start=\"2613\" data-end=\"2635\">robuster F1-Hybrid<\/strong>, einfach zu kultivieren \u2013 perfekt f\u00fcr <strong data-start=\"2674\" data-end=\"2704\">Indoor- und Outdoor-Grower<\/strong>. Sie ben\u00f6tigt <strong data-start=\"2719\" data-end=\"2737\">m\u00e4\u00dfige D\u00fcngung<\/strong>, da sie empfindlich auf \u00dcberf\u00fctterung reagiert. Auch <strong data-start=\"2791\" data-end=\"2814\">regelm\u00e4\u00dfiges Gie\u00dfen<\/strong> ist wichtig, um konstantes Wachstum zu f\u00f6rdern.<\/p>\n<p data-start=\"2864\" data-end=\"3139\">F\u00fcr optimale Ergebnisse empfiehlt es sich, <strong data-start=\"2907\" data-end=\"2937\">untere Triebe zu entfernen<\/strong>, damit die Pflanze ihre Energie auf die oberen Bl\u00fcten konzentrieren kann. Mit <strong data-start=\"3016\" data-end=\"3035\">schneller Bl\u00fcte<\/strong> und <strong data-start=\"3040\" data-end=\"3060\">hohem THC-Gehalt<\/strong> ist sie ideal f\u00fcr Z\u00fcchter, die <strong data-start=\"3092\" data-end=\"3131\">schnelle Ertr\u00e4ge und starke Wirkung<\/strong> suchen.<\/p>\n<p data-start=\"3141\" data-end=\"3250\">Bei Trikoma Seeds findest du eine gro\u00dfe Auswahl an <strong data-start=\"3192\" data-end=\"3210\">Fast-Genetiken<\/strong> f\u00fcr h\u00f6chste <strong data-start=\"3223\" data-end=\"3249\">Effizienz und Qualit\u00e4t<\/strong>.<\/p>\n<p data-start=\"3252\" data-end=\"3381\"><strong data-start=\"3252\" data-end=\"3280\">Kaufe Gorilla Fast Samen<\/strong> und erlebe die <strong data-start=\"3296\" data-end=\"3329\">Kraft des westlichen Gorillas<\/strong> in Cannabisform \u2013 <strong data-start=\"3348\" data-end=\"3380\">schnell, stark und harzreich<\/strong>!<\/p>\n","protected":false},"excerpt":{"rendered":"<p><strong>Gorilla Fast von Trikoma Seeds<\/strong>: Extreme Kraft, Zitrusgeschmack und schnelle Bl\u00fcte in einer feminisierten Sorte, ideal f\u00fcr reichhaltige Ernten.<\/p>\n","protected":false},"featured_media":12591,"comment_status":"open","ping_status":"closed","template":"","meta":[],"product_cat":[483],"product_tag":[],"class_list":{"0":"post-12424","1":"product","2":"type-product","3":"status-publish","4":"has-post-thumbnail","6":"product_cat-fast-versions-de","8":"first","9":"instock","10":"shipping-taxable","11":"purchasable","12":"product-type-variable","13":"has-default-attributes"},"yoast_head":"<!-- This site is optimized with the Yoast SEO plugin v25.6 - https:\/\/yoast.com\/wordpress\/plugins\/seo\/ -->\n<title>Gorilla Fast \u2013 Schnellversion mit Power und harzreicher Produktion - Trikoma Seeds<\/title>\n<meta name=\"description\" content=\"Gorilla Fast von Trikoma Seeds ist eine feminisierte Sorte mit extremer Potenz, Zitrusaroma und schneller Bl\u00fcte, ideal f\u00fcr gro\u00dfe Ernten.\" \/>\n<meta name=\"robots\" content=\"index, follow, max-snippet:-1, max-image-preview:large, max-video-preview:-1\" \/>\n<link rel=\"canonical\" href=\"https:\/\/www.trikomaseeds.com\/de\/samen\/gorilla-fast-version\/\" \/>\n<meta property=\"og:locale\" content=\"de_DE\" \/>\n<meta property=\"og:type\" content=\"article\" \/>\n<meta property=\"og:title\" content=\"Gorilla Fast \u2013 Schnellversion mit Power und harzreicher Produktion - Trikoma Seeds\" \/>\n<meta property=\"og:description\" content=\"Gorilla Fast von Trikoma Seeds ist eine feminisierte Sorte mit extremer Potenz, Zitrusaroma und schneller Bl\u00fcte, ideal f\u00fcr gro\u00dfe Ernten.\" \/>\n<meta property=\"og:url\" content=\"https:\/\/www.trikomaseeds.com\/de\/samen\/gorilla-fast-version\/\" \/>\n<meta property=\"og:site_name\" content=\"Trikoma Seeds\" \/>\n<meta property=\"article:modified_time\" content=\"2025-06-21T13:55:19+00:00\" \/>\n<meta property=\"og:image\" content=\"https:\/\/www.trikomaseeds.com\/wp-content\/uploads\/2025\/04\/gorila-tr-fast-1.jpg\" \/>\n\t<meta property=\"og:image:width\" content=\"800\" \/>\n\t<meta property=\"og:image:height\" content=\"800\" \/>\n\t<meta property=\"og:image:type\" content=\"image\/jpeg\" \/>\n<meta name=\"twitter:card\" content=\"summary_large_image\" \/>\n<meta name=\"twitter:label1\" content=\"Gesch\u00e4tzte Lesezeit\" \/>\n\t<meta name=\"twitter:data1\" content=\"1\u00a0Minute\" \/>\n<script type=\"application\/ld+json\" class=\"yoast-schema-graph\">{\"@context\":\"https:\/\/schema.org\",\"@graph\":[{\"@type\":\"WebPage\",\"@id\":\"https:\/\/www.trikomaseeds.com\/de\/samen\/gorilla-fast-version\/\",\"url\":\"https:\/\/www.trikomaseeds.com\/de\/samen\/gorilla-fast-version\/\",\"name\":\"Gorilla Fast \u2013 Schnellversion mit Power und harzreicher Produktion - Trikoma Seeds\",\"isPartOf\":{\"@id\":\"https:\/\/www.trikomaseeds.com\/de\/#website\"},\"primaryImageOfPage\":{\"@id\":\"https:\/\/www.trikomaseeds.com\/de\/samen\/gorilla-fast-version\/#primaryimage\"},\"image\":{\"@id\":\"https:\/\/www.trikomaseeds.com\/de\/samen\/gorilla-fast-version\/#primaryimage\"},\"thumbnailUrl\":\"https:\/\/www.trikomaseeds.com\/wp-content\/uploads\/2025\/04\/gorila-tr-fast-1.jpg\",\"datePublished\":\"2025-04-24T11:47:36+00:00\",\"dateModified\":\"2025-06-21T13:55:19+00:00\",\"description\":\"Gorilla Fast von Trikoma Seeds ist eine feminisierte Sorte mit extremer Potenz, Zitrusaroma und schneller Bl\u00fcte, ideal f\u00fcr gro\u00dfe Ernten.\",\"breadcrumb\":{\"@id\":\"https:\/\/www.trikomaseeds.com\/de\/samen\/gorilla-fast-version\/#breadcrumb\"},\"inLanguage\":\"de\",\"potentialAction\":[{\"@type\":\"ReadAction\",\"target\":[\"https:\/\/www.trikomaseeds.com\/de\/samen\/gorilla-fast-version\/\"]}]},{\"@type\":\"ImageObject\",\"inLanguage\":\"de\",\"@id\":\"https:\/\/www.trikomaseeds.com\/de\/samen\/gorilla-fast-version\/#primaryimage\",\"url\":\"https:\/\/www.trikomaseeds.com\/wp-content\/uploads\/2025\/04\/gorila-tr-fast-1.jpg\",\"contentUrl\":\"https:\/\/www.trikomaseeds.com\/wp-content\/uploads\/2025\/04\/gorila-tr-fast-1.jpg\",\"width\":800,\"height\":800,\"caption\":\"Gorila TR Fast\"},{\"@type\":\"BreadcrumbList\",\"@id\":\"https:\/\/www.trikomaseeds.com\/de\/samen\/gorilla-fast-version\/#breadcrumb\",\"itemListElement\":[{\"@type\":\"ListItem\",\"position\":1,\"name\":\"Portada\",\"item\":\"https:\/\/www.trikomaseeds.com\/de\/\"},{\"@type\":\"ListItem\",\"position\":2,\"name\":\"Shop\",\"item\":\"https:\/\/www.trikomaseeds.com\/de\/shop-3\/\"},{\"@type\":\"ListItem\",\"position\":3,\"name\":\"Gorilla Fast \u2013 Schnellversion mit Power und harzreicher Produktion\"}]},{\"@type\":\"WebSite\",\"@id\":\"https:\/\/www.trikomaseeds.com\/de\/#website\",\"url\":\"https:\/\/www.trikomaseeds.com\/de\/\",\"name\":\"Trikoma Seeds\",\"description\":\"Semillas de Marihuana Auto, Feminizadas y medicinales\",\"potentialAction\":[{\"@type\":\"SearchAction\",\"target\":{\"@type\":\"EntryPoint\",\"urlTemplate\":\"https:\/\/www.trikomaseeds.com\/de\/?s={search_term_string}\"},\"query-input\":{\"@type\":\"PropertyValueSpecification\",\"valueRequired\":true,\"valueName\":\"search_term_string\"}}],\"inLanguage\":\"de\"}]}<\/script>\n<!-- \/ Yoast SEO plugin. -->","yoast_head_json":{"title":"Gorilla Fast \u2013 Schnellversion mit Power und harzreicher Produktion - Trikoma Seeds","description":"Gorilla Fast von Trikoma Seeds ist eine feminisierte Sorte mit extremer Potenz, Zitrusaroma und schneller Bl\u00fcte, ideal f\u00fcr gro\u00dfe Ernten.","robots":{"index":"index","follow":"follow","max-snippet":"max-snippet:-1","max-image-preview":"max-image-preview:large","max-video-preview":"max-video-preview:-1"},"canonical":"https:\/\/www.trikomaseeds.com\/de\/samen\/gorilla-fast-version\/","og_locale":"de_DE","og_type":"article","og_title":"Gorilla Fast \u2013 Schnellversion mit Power und harzreicher Produktion - Trikoma Seeds","og_description":"Gorilla Fast von Trikoma Seeds ist eine feminisierte Sorte mit extremer Potenz, Zitrusaroma und schneller Bl\u00fcte, ideal f\u00fcr gro\u00dfe Ernten.","og_url":"https:\/\/www.trikomaseeds.com\/de\/samen\/gorilla-fast-version\/","og_site_name":"Trikoma Seeds","article_modified_time":"2025-06-21T13:55:19+00:00","og_image":[{"width":800,"height":800,"url":"https:\/\/www.trikomaseeds.com\/wp-content\/uploads\/2025\/04\/gorila-tr-fast-1.jpg","type":"image\/jpeg"}],"twitter_card":"summary_large_image","twitter_misc":{"Gesch\u00e4tzte Lesezeit":"1\u00a0Minute"},"schema":{"@context":"https:\/\/schema.org","@graph":[{"@type":"WebPage","@id":"https:\/\/www.trikomaseeds.com\/de\/samen\/gorilla-fast-version\/","url":"https:\/\/www.trikomaseeds.com\/de\/samen\/gorilla-fast-version\/","name":"Gorilla Fast \u2013 Schnellversion mit Power und harzreicher Produktion - Trikoma Seeds","isPartOf":{"@id":"https:\/\/www.trikomaseeds.com\/de\/#website"},"primaryImageOfPage":{"@id":"https:\/\/www.trikomaseeds.com\/de\/samen\/gorilla-fast-version\/#primaryimage"},"image":{"@id":"https:\/\/www.trikomaseeds.com\/de\/samen\/gorilla-fast-version\/#primaryimage"},"thumbnailUrl":"https:\/\/www.trikomaseeds.com\/wp-content\/uploads\/2025\/04\/gorila-tr-fast-1.jpg","datePublished":"2025-04-24T11:47:36+00:00","dateModified":"2025-06-21T13:55:19+00:00","description":"Gorilla Fast von Trikoma Seeds ist eine feminisierte Sorte mit extremer Potenz, Zitrusaroma und schneller Bl\u00fcte, ideal f\u00fcr gro\u00dfe Ernten.","breadcrumb":{"@id":"https:\/\/www.trikomaseeds.com\/de\/samen\/gorilla-fast-version\/#breadcrumb"},"inLanguage":"de","potentialAction":[{"@type":"ReadAction","target":["https:\/\/www.trikomaseeds.com\/de\/samen\/gorilla-fast-version\/"]}]},{"@type":"ImageObject","inLanguage":"de","@id":"https:\/\/www.trikomaseeds.com\/de\/samen\/gorilla-fast-version\/#primaryimage","url":"https:\/\/www.trikomaseeds.com\/wp-content\/uploads\/2025\/04\/gorila-tr-fast-1.jpg","contentUrl":"https:\/\/www.trikomaseeds.com\/wp-content\/uploads\/2025\/04\/gorila-tr-fast-1.jpg","width":800,"height":800,"caption":"Gorila TR Fast"},{"@type":"BreadcrumbList","@id":"https:\/\/www.trikomaseeds.com\/de\/samen\/gorilla-fast-version\/#breadcrumb","itemListElement":[{"@type":"ListItem","position":1,"name":"Portada","item":"https:\/\/www.trikomaseeds.com\/de\/"},{"@type":"ListItem","position":2,"name":"Shop","item":"https:\/\/www.trikomaseeds.com\/de\/shop-3\/"},{"@type":"ListItem","position":3,"name":"Gorilla Fast \u2013 Schnellversion mit Power und harzreicher Produktion"}]},{"@type":"WebSite","@id":"https:\/\/www.trikomaseeds.com\/de\/#website","url":"https:\/\/www.trikomaseeds.com\/de\/","name":"Trikoma Seeds","description":"Semillas de Marihuana Auto, Feminizadas y medicinales","potentialAction":[{"@type":"SearchAction","target":{"@type":"EntryPoint","urlTemplate":"https:\/\/www.trikomaseeds.com\/de\/?s={search_term_string}"},"query-input":{"@type":"PropertyValueSpecification","valueRequired":true,"valueName":"search_term_string"}}],"inLanguage":"de"}]}},"_links":{"self":[{"href":"https:\/\/www.trikomaseeds.com\/de\/wp-json\/wp\/v2\/product\/12424","targetHints":{"allow":["GET"]}}],"collection":[{"href":"https:\/\/www.trikomaseeds.com\/de\/wp-json\/wp\/v2\/product"}],"about":[{"href":"https:\/\/www.trikomaseeds.com\/de\/wp-json\/wp\/v2\/types\/product"}],"replies":[{"embeddable":true,"href":"https:\/\/www.trikomaseeds.com\/de\/wp-json\/wp\/v2\/comments?post=12424"}],"wp:featuredmedia":[{"embeddable":true,"href":"https:\/\/www.trikomaseeds.com\/de\/wp-json\/wp\/v2\/media\/12591"}],"wp:attachment":[{"href":"https:\/\/www.trikomaseeds.com\/de\/wp-json\/wp\/v2\/media?parent=12424"}],"wp:term":[{"taxonomy":"product_cat","embeddable":true,"href":"https:\/\/www.trikomaseeds.com\/de\/wp-json\/wp\/v2\/product_cat?post=12424"},{"taxonomy":"product_tag","embeddable":true,"href":"https:\/\/www.trikomaseeds.com\/de\/wp-json\/wp\/v2\/product_tag?post=12424"}],"curies":[{"name":"wp","href":"https:\/\/api.w.org\/{rel}","templated":true}]}}