{"id":1216,"date":"2019-10-08T11:45:04","date_gmt":"2019-10-08T09:45:04","guid":{"rendered":"http:\/\/www.trikomaseeds.com\/semillas\/og-confidential\/"},"modified":"2020-02-03T13:10:15","modified_gmt":"2020-02-03T12:10:15","slug":"og-confidential","status":"publish","type":"product","link":"https:\/\/www.trikomaseeds.com\/de\/samen\/og-confidential\/","title":{"rendered":"OG Confidential"},"content":{"rendered":"<h3 class=\"dotted_title uppercase\">EIGENSCHAFTEN<\/h3>\n<ul class=\"check\">\n<li>Genetisch: LA Affie x Afgani<\/li>\n<li>Genotype: Sativa 10% -\/\/- Indica 90%<\/li>\n<li>Ertrag Indoor: 350-400 g\/m<sup>2<\/sup>\u00a0(Mit 600W Licht)<\/li>\n<li>Ertrag Outdoor: 0.5 &#8211; 1 Kg.\/Pflanze<\/li>\n<li>Bl\u00fctezeit Indoor: 50-65 tage<\/li>\n<li>Bl\u00fctezeit Outdoor: September<\/li>\n<li>Bl\u00fctezeit Lateinamerika: M\u00e4rz<\/li>\n<\/ul>\n","protected":false},"excerpt":{"rendered":"<p style=\"font-weight: 500;\">Dieseamerikanische Sorte ist eine Indica mit lang anhaltender und positivereuphorischer und entspannender Wirkung. Die Pflanze ist mittelgro\u00df mit dichtenund harzigen r\u00f6tlichen Bl\u00fcten. Sie entfaltet ein eindringendes s\u00fc\u00dfes Aroma und ihrGeschmack ist erdig und etwas w\u00fcrzig. Dank ihrer beruhigenden undschmerzstillenden Wirkung hat sie medizinische Anwendungen.<\/p>\n<p><b><strong>THC:\u00a026%<\/strong><\/b><\/p>\n","protected":false},"featured_media":783,"comment_status":"open","ping_status":"closed","template":"","meta":[],"product_cat":[148],"product_tag":[364],"class_list":{"0":"post-1216","1":"product","2":"type-product","3":"status-publish","4":"has-post-thumbnail","6":"product_cat-usa-strains","7":"product_tag-usa-strains-de","9":"first","10":"instock","11":"shipping-taxable","12":"purchasable","13":"product-type-variable","14":"has-default-attributes"},"yoast_head":"<!-- This site is optimized with the Yoast SEO plugin v25.6 - https:\/\/yoast.com\/wordpress\/plugins\/seo\/ -->\n<title>Confidential OG: Hanfsamen von Trikoma Seeds<\/title>\n<meta name=\"description\" content=\"OG Confidencial: Hanfsamen von Trikoma Seeds. Z\u00fcchte feminisierte, selbstbl\u00fchende Cannabispflanzen oder CBD zum besten Preis. Diskrete und sichere Sendungen in Ihr Land\" \/>\n<meta name=\"robots\" content=\"index, follow, max-snippet:-1, max-image-preview:large, max-video-preview:-1\" \/>\n<link rel=\"canonical\" href=\"https:\/\/www.trikomaseeds.com\/de\/samen\/og-confidential\/\" \/>\n<meta property=\"og:locale\" content=\"de_DE\" \/>\n<meta property=\"og:type\" content=\"article\" \/>\n<meta property=\"og:title\" content=\"Confidential OG: Hanfsamen von Trikoma Seeds\" \/>\n<meta property=\"og:description\" content=\"OG Confidencial: Hanfsamen von Trikoma Seeds. Z\u00fcchte feminisierte, selbstbl\u00fchende Cannabispflanzen oder CBD zum besten Preis. Diskrete und sichere Sendungen in Ihr Land\" \/>\n<meta property=\"og:url\" content=\"https:\/\/www.trikomaseeds.com\/de\/samen\/og-confidential\/\" \/>\n<meta property=\"og:site_name\" content=\"Trikoma Seeds\" \/>\n<meta property=\"article:modified_time\" content=\"2020-02-03T12:10:15+00:00\" \/>\n<meta property=\"og:image\" content=\"https:\/\/www.trikomaseeds.com\/wp-content\/uploads\/2019\/10\/og-confidential-600x600.jpg\" \/>\n\t<meta property=\"og:image:width\" content=\"600\" \/>\n\t<meta property=\"og:image:height\" content=\"600\" \/>\n\t<meta property=\"og:image:type\" content=\"image\/jpeg\" \/>\n<meta name=\"twitter:card\" content=\"summary_large_image\" \/>\n<script type=\"application\/ld+json\" class=\"yoast-schema-graph\">{\"@context\":\"https:\/\/schema.org\",\"@graph\":[{\"@type\":\"WebPage\",\"@id\":\"https:\/\/www.trikomaseeds.com\/de\/samen\/og-confidential\/\",\"url\":\"https:\/\/www.trikomaseeds.com\/de\/samen\/og-confidential\/\",\"name\":\"Confidential OG: Hanfsamen von Trikoma Seeds\",\"isPartOf\":{\"@id\":\"https:\/\/www.trikomaseeds.com\/de\/#website\"},\"primaryImageOfPage\":{\"@id\":\"https:\/\/www.trikomaseeds.com\/de\/samen\/og-confidential\/#primaryimage\"},\"image\":{\"@id\":\"https:\/\/www.trikomaseeds.com\/de\/samen\/og-confidential\/#primaryimage\"},\"thumbnailUrl\":\"https:\/\/www.trikomaseeds.com\/wp-content\/uploads\/2019\/10\/og-confidential-600x600.jpg\",\"datePublished\":\"2019-10-08T09:45:04+00:00\",\"dateModified\":\"2020-02-03T12:10:15+00:00\",\"description\":\"OG Confidencial: Hanfsamen von Trikoma Seeds. Z\u00fcchte feminisierte, selbstbl\u00fchende Cannabispflanzen oder CBD zum besten Preis. Diskrete und sichere Sendungen in Ihr Land\",\"breadcrumb\":{\"@id\":\"https:\/\/www.trikomaseeds.com\/de\/samen\/og-confidential\/#breadcrumb\"},\"inLanguage\":\"de\",\"potentialAction\":[{\"@type\":\"ReadAction\",\"target\":[\"https:\/\/www.trikomaseeds.com\/de\/samen\/og-confidential\/\"]}]},{\"@type\":\"ImageObject\",\"inLanguage\":\"de\",\"@id\":\"https:\/\/www.trikomaseeds.com\/de\/samen\/og-confidential\/#primaryimage\",\"url\":\"https:\/\/www.trikomaseeds.com\/wp-content\/uploads\/2019\/10\/og-confidential-600x600.jpg\",\"contentUrl\":\"https:\/\/www.trikomaseeds.com\/wp-content\/uploads\/2019\/10\/og-confidential-600x600.jpg\",\"width\":600,\"height\":600},{\"@type\":\"BreadcrumbList\",\"@id\":\"https:\/\/www.trikomaseeds.com\/de\/samen\/og-confidential\/#breadcrumb\",\"itemListElement\":[{\"@type\":\"ListItem\",\"position\":1,\"name\":\"Portada\",\"item\":\"https:\/\/www.trikomaseeds.com\/de\/\"},{\"@type\":\"ListItem\",\"position\":2,\"name\":\"Shop\",\"item\":\"https:\/\/www.trikomaseeds.com\/de\/shop-3\/\"},{\"@type\":\"ListItem\",\"position\":3,\"name\":\"OG Confidential\"}]},{\"@type\":\"WebSite\",\"@id\":\"https:\/\/www.trikomaseeds.com\/de\/#website\",\"url\":\"https:\/\/www.trikomaseeds.com\/de\/\",\"name\":\"Trikoma Seeds\",\"description\":\"Semillas de Marihuana Auto, Feminizadas y medicinales\",\"potentialAction\":[{\"@type\":\"SearchAction\",\"target\":{\"@type\":\"EntryPoint\",\"urlTemplate\":\"https:\/\/www.trikomaseeds.com\/de\/?s={search_term_string}\"},\"query-input\":{\"@type\":\"PropertyValueSpecification\",\"valueRequired\":true,\"valueName\":\"search_term_string\"}}],\"inLanguage\":\"de\"}]}<\/script>\n<!-- \/ Yoast SEO plugin. -->","yoast_head_json":{"title":"Confidential OG: Hanfsamen von Trikoma Seeds","description":"OG Confidencial: Hanfsamen von Trikoma Seeds. Z\u00fcchte feminisierte, selbstbl\u00fchende Cannabispflanzen oder CBD zum besten Preis. Diskrete und sichere Sendungen in Ihr Land","robots":{"index":"index","follow":"follow","max-snippet":"max-snippet:-1","max-image-preview":"max-image-preview:large","max-video-preview":"max-video-preview:-1"},"canonical":"https:\/\/www.trikomaseeds.com\/de\/samen\/og-confidential\/","og_locale":"de_DE","og_type":"article","og_title":"Confidential OG: Hanfsamen von Trikoma Seeds","og_description":"OG Confidencial: Hanfsamen von Trikoma Seeds. Z\u00fcchte feminisierte, selbstbl\u00fchende Cannabispflanzen oder CBD zum besten Preis. Diskrete und sichere Sendungen in Ihr Land","og_url":"https:\/\/www.trikomaseeds.com\/de\/samen\/og-confidential\/","og_site_name":"Trikoma Seeds","article_modified_time":"2020-02-03T12:10:15+00:00","og_image":[{"width":600,"height":600,"url":"https:\/\/www.trikomaseeds.com\/wp-content\/uploads\/2019\/10\/og-confidential-600x600.jpg","type":"image\/jpeg"}],"twitter_card":"summary_large_image","schema":{"@context":"https:\/\/schema.org","@graph":[{"@type":"WebPage","@id":"https:\/\/www.trikomaseeds.com\/de\/samen\/og-confidential\/","url":"https:\/\/www.trikomaseeds.com\/de\/samen\/og-confidential\/","name":"Confidential OG: Hanfsamen von Trikoma Seeds","isPartOf":{"@id":"https:\/\/www.trikomaseeds.com\/de\/#website"},"primaryImageOfPage":{"@id":"https:\/\/www.trikomaseeds.com\/de\/samen\/og-confidential\/#primaryimage"},"image":{"@id":"https:\/\/www.trikomaseeds.com\/de\/samen\/og-confidential\/#primaryimage"},"thumbnailUrl":"https:\/\/www.trikomaseeds.com\/wp-content\/uploads\/2019\/10\/og-confidential-600x600.jpg","datePublished":"2019-10-08T09:45:04+00:00","dateModified":"2020-02-03T12:10:15+00:00","description":"OG Confidencial: Hanfsamen von Trikoma Seeds. Z\u00fcchte feminisierte, selbstbl\u00fchende Cannabispflanzen oder CBD zum besten Preis. Diskrete und sichere Sendungen in Ihr Land","breadcrumb":{"@id":"https:\/\/www.trikomaseeds.com\/de\/samen\/og-confidential\/#breadcrumb"},"inLanguage":"de","potentialAction":[{"@type":"ReadAction","target":["https:\/\/www.trikomaseeds.com\/de\/samen\/og-confidential\/"]}]},{"@type":"ImageObject","inLanguage":"de","@id":"https:\/\/www.trikomaseeds.com\/de\/samen\/og-confidential\/#primaryimage","url":"https:\/\/www.trikomaseeds.com\/wp-content\/uploads\/2019\/10\/og-confidential-600x600.jpg","contentUrl":"https:\/\/www.trikomaseeds.com\/wp-content\/uploads\/2019\/10\/og-confidential-600x600.jpg","width":600,"height":600},{"@type":"BreadcrumbList","@id":"https:\/\/www.trikomaseeds.com\/de\/samen\/og-confidential\/#breadcrumb","itemListElement":[{"@type":"ListItem","position":1,"name":"Portada","item":"https:\/\/www.trikomaseeds.com\/de\/"},{"@type":"ListItem","position":2,"name":"Shop","item":"https:\/\/www.trikomaseeds.com\/de\/shop-3\/"},{"@type":"ListItem","position":3,"name":"OG Confidential"}]},{"@type":"WebSite","@id":"https:\/\/www.trikomaseeds.com\/de\/#website","url":"https:\/\/www.trikomaseeds.com\/de\/","name":"Trikoma Seeds","description":"Semillas de Marihuana Auto, Feminizadas y medicinales","potentialAction":[{"@type":"SearchAction","target":{"@type":"EntryPoint","urlTemplate":"https:\/\/www.trikomaseeds.com\/de\/?s={search_term_string}"},"query-input":{"@type":"PropertyValueSpecification","valueRequired":true,"valueName":"search_term_string"}}],"inLanguage":"de"}]}},"_links":{"self":[{"href":"https:\/\/www.trikomaseeds.com\/de\/wp-json\/wp\/v2\/product\/1216","targetHints":{"allow":["GET"]}}],"collection":[{"href":"https:\/\/www.trikomaseeds.com\/de\/wp-json\/wp\/v2\/product"}],"about":[{"href":"https:\/\/www.trikomaseeds.com\/de\/wp-json\/wp\/v2\/types\/product"}],"replies":[{"embeddable":true,"href":"https:\/\/www.trikomaseeds.com\/de\/wp-json\/wp\/v2\/comments?post=1216"}],"wp:featuredmedia":[{"embeddable":true,"href":"https:\/\/www.trikomaseeds.com\/de\/wp-json\/wp\/v2\/media\/783"}],"wp:attachment":[{"href":"https:\/\/www.trikomaseeds.com\/de\/wp-json\/wp\/v2\/media?parent=1216"}],"wp:term":[{"taxonomy":"product_cat","embeddable":true,"href":"https:\/\/www.trikomaseeds.com\/de\/wp-json\/wp\/v2\/product_cat?post=1216"},{"taxonomy":"product_tag","embeddable":true,"href":"https:\/\/www.trikomaseeds.com\/de\/wp-json\/wp\/v2\/product_tag?post=1216"}],"curies":[{"name":"wp","href":"https:\/\/api.w.org\/{rel}","templated":true}]}}