{"id":1195,"date":"2019-09-24T14:02:59","date_gmt":"2019-09-24T12:02:59","guid":{"rendered":"http:\/\/www.trikomaseeds.com\/semillas\/northern-lights-auto\/"},"modified":"2024-08-13T14:41:31","modified_gmt":"2024-08-13T12:41:31","slug":"northern-lights-auto","status":"publish","type":"product","link":"https:\/\/www.trikomaseeds.com\/de\/samen\/northern-lights-auto\/","title":{"rendered":"Northern Lights Auto"},"content":{"rendered":"<br \/>\n<h2>Technisches Datenblatt von Northern Lights Auto<\/h2>\n<ul>\n<li>Genetik: Northern Lights x Ruderalis<\/li>\n<li>Typ: Selbstbl\u00fchend<\/li>\n<li>Ertrag Innenbereich: 450 &#8211; 500 gr.\/m<sup>2<\/sup> (bei 600W Licht)<\/li>\n<li>Ertrag Au\u00dfenbereich: 60 &#8211; 150 gr.\/Pflanze<\/li>\n<li>Bl\u00fctezeit Innenbereich: 70 Tage (18h)<\/li>\n<li>Bl\u00fctezeit Au\u00dfenbereich: 50 &#8211; 80 Tage<\/li>\n<\/ul>\n<h2>Wie ist Northern Lights Auto<\/h2>\n<p>Northern Lights selbstbl\u00fchende Samen werden f\u00fcr ihre F\u00e4higkeit gesch\u00e4tzt, unabh\u00e4ngig vom Lichtzyklus zu bl\u00fchen, was sie f\u00fcr erfahrene und unerfahrene Z\u00fcchter gleicherma\u00dfen praktisch macht. Diese Sorte soll ihren Ursprung in den USA haben, und modifizierte Versionen wurden in den Niederlanden entwickelt.<\/p>\n<p>Northern Lights Auto kombiniert die Genetik der bekannten Sorte mit selbstbl\u00fchenden Eigenschaften. Diese Samen sind ideal f\u00fcr diejenigen, die eine kompakte Pflanze mit geringem Pflegeaufwand und einer kurzen Bl\u00fctezeit suchen. Sie werden auch wegen ihres erdigen Aromaprofils und ihrer fruchtigen Geschmacksnoten gesch\u00e4tzt, sowie f\u00fcr ihre entspannenden, euphorischen und mental beruhigenden Effekte.<\/p>\n<p>Wie viele indica-dominante Pflanzen ist sie klein, dicht und liefert reichliche Ertr\u00e4ge. Das begrenzte Wachstum von Northern Lights Auto ist ein hoch gesch\u00e4tzter Vorteil f\u00fcr Z\u00fcchter mit wenig Platz.<\/p>\n<h2>Eigenschaften von Northern Lights Auto<\/h2>\n<p>Diese Sorte erzeugt eine vollst\u00e4ndige Entspannung, die den ganzen K\u00f6rper durchdringt und den Nutzer in ein Gef\u00fchl tiefer Ruhe und Frieden h\u00fcllt. Bemerkenswert ist die St\u00e4rke ihres Rauschs, der besonders \u00fcberrascht, wenn man bedenkt, dass es sich um eine selbstbl\u00fchende Sorte handelt, die im Allgemeinen niedrigere Cannabinoidkonzentrationen aufweist als photoperiodische Sorten.<\/p>\n<p>Neben der Geschwindigkeit, mit der die Ernte erreicht werden kann \u2013 immer ein Anziehungspunkt f\u00fcr Z\u00fcchter, die schnelle Ergebnisse suchen \u2013 wird diese Pflanze auch f\u00fcr ihr attraktives Aromaprofil sehr gesch\u00e4tzt. Sie zeichnet sich durch ein Aroma aus, das erdige und fruchtige Noten kombiniert, die sich in perfekter Harmonie zu einem unverwechselbaren und angenehmen Duft verbinden. Zudem macht ihre kompakte Gr\u00f6\u00dfe sie zur idealen Wahl f\u00fcr diejenigen mit Platzbeschr\u00e4nkungen oder die eine diskrete Kultivierung bevorzugen. Diese Kombination von Eigenschaften macht diese Sorte nicht nur hoch effizient, sondern auch angenehm zu z\u00fcchten und zu konsumieren.<\/p>\n<p>Die selbstbl\u00fchende Northern Lights ist stark und widerstandsf\u00e4hig, was sie f\u00fcr k\u00e4ltere europ\u00e4ische Klimazonen geeignet macht. Sie kann im Freien sowie das ganze Jahr \u00fcber im Innenbereich angebaut werden. Es ist auch m\u00f6glich, sie im Gew\u00e4chshaus zu kultivieren.<\/p>\n<h2>Effekt, Geschmack und Aroma von Northern Lights Auto<\/h2>\n<p>Die Northern Lights Auto ist eine \u00fcberwiegend indica-dominante Sorte, was sich in ihrem Effekt widerspiegelt. Sie bietet ein lebhaftes, beruhigendes und intensiv entspannendes High. Wie bei vielen Indica-Sorten sorgt der Konsum f\u00fcr eine tiefe Entspannung, die den ganzen K\u00f6rper umfasst. Einige berichten jedoch auch von gesteigerter Kreativit\u00e4t oder Nachdenklichkeit nach dem Konsum. Anf\u00e4nger sollten vorsichtig vorgehen, da diese Sorte f\u00fcr ihr starkes High bekannt ist.<\/p>\n<p>W\u00e4hrend ihres Wachstumszyklus strahlt die Pflanze keinen starken Geruch aus, ideal f\u00fcr Indoor-G\u00e4rtner, die Diskretion wahren m\u00f6chten. In der N\u00e4he verstr\u00f6mt sie ein unverwechselbares erdiges und kiefernartiges Aroma, erg\u00e4nzt durch subtile fruchtige Noten. Dieses Aromaprofil intensiviert sich nach der Ernte, wenn auff\u00e4lligere Zitrus- und Gew\u00fcrznoten hervortreten. Im Hinblick auf den Geschmack genie\u00dft man eine Mischung aus Zitrone, Erde und Gew\u00fcrzen.<\/p>\n<p>Die selbstbl\u00fchende Northern Lights ist daf\u00fcr bekannt, keinen starken Geruch zu verstr\u00f6men und eine generell kompakte Gr\u00f6\u00dfe beizubehalten, was sie besonders attraktiv f\u00fcr diejenigen macht, die eine diskrete Kultivierung w\u00fcnschen.<\/p>\n","protected":false},"excerpt":{"rendered":"<p align=\"justify\">Diese Autoflowering der letzten Generation ist eine unserer meistverkauften Sorten der letzten Jahre. Da diese Sorte die Basis fast aller Kreuzungen von Autoflowering-Sorten ist, \u00e4hnelt sie immer mehr ihrer feminisierten Version, vor allem in Gr\u00f6\u00dfe, Geschmack und Ertrag. Sie produziert in jedem Substrat dicke und dichte Buds.<\/p>\n<p><strong>THC:\u00a0<span class=\"destacado\">16%<\/span><\/strong><\/p>\n","protected":false},"featured_media":545,"comment_status":"open","ping_status":"closed","template":"","meta":[],"product_cat":[128],"product_tag":[],"class_list":{"0":"post-1195","1":"product","2":"type-product","3":"status-publish","4":"has-post-thumbnail","6":"product_cat-autoflowering","8":"first","9":"instock","10":"shipping-taxable","11":"purchasable","12":"product-type-variable","13":"has-default-attributes"},"yoast_head":"<!-- This site is optimized with the Yoast SEO plugin v25.6 - https:\/\/yoast.com\/wordpress\/plugins\/seo\/ -->\n<title>Northern Lights Auto \u3010 TRIKOMA SEEDS \u3011<\/title>\n<meta name=\"description\" content=\"Northern Light Auto ist ideal f\u00fcr Z\u00fcchter mit wenig Zeit. Es hat einen THC-Gehalt von 16 % und starke entspannende Effekte auf K\u00f6rper und Geist.\" \/>\n<meta name=\"robots\" content=\"index, follow, max-snippet:-1, max-image-preview:large, max-video-preview:-1\" \/>\n<link rel=\"canonical\" href=\"https:\/\/www.trikomaseeds.com\/de\/samen\/northern-lights-auto\/\" \/>\n<meta property=\"og:locale\" content=\"de_DE\" \/>\n<meta property=\"og:type\" content=\"article\" \/>\n<meta property=\"og:title\" content=\"Northern Lights Auto \u3010 TRIKOMA SEEDS \u3011\" \/>\n<meta property=\"og:description\" content=\"Northern Light Auto ist ideal f\u00fcr Z\u00fcchter mit wenig Zeit. Es hat einen THC-Gehalt von 16 % und starke entspannende Effekte auf K\u00f6rper und Geist.\" \/>\n<meta property=\"og:url\" content=\"https:\/\/www.trikomaseeds.com\/de\/samen\/northern-lights-auto\/\" \/>\n<meta property=\"og:site_name\" content=\"Trikoma Seeds\" \/>\n<meta property=\"article:modified_time\" content=\"2024-08-13T12:41:31+00:00\" \/>\n<meta property=\"og:image\" content=\"https:\/\/www.trikomaseeds.com\/wp-content\/uploads\/2019\/09\/NorthernLights_Auto_Trikoma_seeds_72-800x800.jpg\" \/>\n\t<meta property=\"og:image:width\" content=\"800\" \/>\n\t<meta property=\"og:image:height\" content=\"800\" \/>\n\t<meta property=\"og:image:type\" content=\"image\/jpeg\" \/>\n<meta name=\"twitter:card\" content=\"summary_large_image\" \/>\n<meta name=\"twitter:label1\" content=\"Gesch\u00e4tzte Lesezeit\" \/>\n\t<meta name=\"twitter:data1\" content=\"3\u00a0Minuten\" \/>\n<script type=\"application\/ld+json\" class=\"yoast-schema-graph\">{\"@context\":\"https:\/\/schema.org\",\"@graph\":[{\"@type\":\"WebPage\",\"@id\":\"https:\/\/www.trikomaseeds.com\/de\/samen\/northern-lights-auto\/\",\"url\":\"https:\/\/www.trikomaseeds.com\/de\/samen\/northern-lights-auto\/\",\"name\":\"Northern Lights Auto \u3010 TRIKOMA SEEDS \u3011\",\"isPartOf\":{\"@id\":\"https:\/\/www.trikomaseeds.com\/de\/#website\"},\"primaryImageOfPage\":{\"@id\":\"https:\/\/www.trikomaseeds.com\/de\/samen\/northern-lights-auto\/#primaryimage\"},\"image\":{\"@id\":\"https:\/\/www.trikomaseeds.com\/de\/samen\/northern-lights-auto\/#primaryimage\"},\"thumbnailUrl\":\"https:\/\/www.trikomaseeds.com\/wp-content\/uploads\/2019\/09\/NorthernLights_Auto_Trikoma_seeds_72-800x800.jpg\",\"datePublished\":\"2019-09-24T12:02:59+00:00\",\"dateModified\":\"2024-08-13T12:41:31+00:00\",\"description\":\"Northern Light Auto ist ideal f\u00fcr Z\u00fcchter mit wenig Zeit. Es hat einen THC-Gehalt von 16 % und starke entspannende Effekte auf K\u00f6rper und Geist.\",\"breadcrumb\":{\"@id\":\"https:\/\/www.trikomaseeds.com\/de\/samen\/northern-lights-auto\/#breadcrumb\"},\"inLanguage\":\"de\",\"potentialAction\":[{\"@type\":\"ReadAction\",\"target\":[\"https:\/\/www.trikomaseeds.com\/de\/samen\/northern-lights-auto\/\"]}]},{\"@type\":\"ImageObject\",\"inLanguage\":\"de\",\"@id\":\"https:\/\/www.trikomaseeds.com\/de\/samen\/northern-lights-auto\/#primaryimage\",\"url\":\"https:\/\/www.trikomaseeds.com\/wp-content\/uploads\/2019\/09\/NorthernLights_Auto_Trikoma_seeds_72-800x800.jpg\",\"contentUrl\":\"https:\/\/www.trikomaseeds.com\/wp-content\/uploads\/2019\/09\/NorthernLights_Auto_Trikoma_seeds_72-800x800.jpg\",\"width\":800,\"height\":800},{\"@type\":\"BreadcrumbList\",\"@id\":\"https:\/\/www.trikomaseeds.com\/de\/samen\/northern-lights-auto\/#breadcrumb\",\"itemListElement\":[{\"@type\":\"ListItem\",\"position\":1,\"name\":\"Portada\",\"item\":\"https:\/\/www.trikomaseeds.com\/de\/\"},{\"@type\":\"ListItem\",\"position\":2,\"name\":\"Shop\",\"item\":\"https:\/\/www.trikomaseeds.com\/de\/shop-3\/\"},{\"@type\":\"ListItem\",\"position\":3,\"name\":\"Northern Lights Auto\"}]},{\"@type\":\"WebSite\",\"@id\":\"https:\/\/www.trikomaseeds.com\/de\/#website\",\"url\":\"https:\/\/www.trikomaseeds.com\/de\/\",\"name\":\"Trikoma Seeds\",\"description\":\"Semillas de Marihuana Auto, Feminizadas y medicinales\",\"potentialAction\":[{\"@type\":\"SearchAction\",\"target\":{\"@type\":\"EntryPoint\",\"urlTemplate\":\"https:\/\/www.trikomaseeds.com\/de\/?s={search_term_string}\"},\"query-input\":{\"@type\":\"PropertyValueSpecification\",\"valueRequired\":true,\"valueName\":\"search_term_string\"}}],\"inLanguage\":\"de\"}]}<\/script>\n<!-- \/ Yoast SEO plugin. -->","yoast_head_json":{"title":"Northern Lights Auto \u3010 TRIKOMA SEEDS \u3011","description":"Northern Light Auto ist ideal f\u00fcr Z\u00fcchter mit wenig Zeit. Es hat einen THC-Gehalt von 16 % und starke entspannende Effekte auf K\u00f6rper und Geist.","robots":{"index":"index","follow":"follow","max-snippet":"max-snippet:-1","max-image-preview":"max-image-preview:large","max-video-preview":"max-video-preview:-1"},"canonical":"https:\/\/www.trikomaseeds.com\/de\/samen\/northern-lights-auto\/","og_locale":"de_DE","og_type":"article","og_title":"Northern Lights Auto \u3010 TRIKOMA SEEDS \u3011","og_description":"Northern Light Auto ist ideal f\u00fcr Z\u00fcchter mit wenig Zeit. Es hat einen THC-Gehalt von 16 % und starke entspannende Effekte auf K\u00f6rper und Geist.","og_url":"https:\/\/www.trikomaseeds.com\/de\/samen\/northern-lights-auto\/","og_site_name":"Trikoma Seeds","article_modified_time":"2024-08-13T12:41:31+00:00","og_image":[{"width":800,"height":800,"url":"https:\/\/www.trikomaseeds.com\/wp-content\/uploads\/2019\/09\/NorthernLights_Auto_Trikoma_seeds_72-800x800.jpg","type":"image\/jpeg"}],"twitter_card":"summary_large_image","twitter_misc":{"Gesch\u00e4tzte Lesezeit":"3\u00a0Minuten"},"schema":{"@context":"https:\/\/schema.org","@graph":[{"@type":"WebPage","@id":"https:\/\/www.trikomaseeds.com\/de\/samen\/northern-lights-auto\/","url":"https:\/\/www.trikomaseeds.com\/de\/samen\/northern-lights-auto\/","name":"Northern Lights Auto \u3010 TRIKOMA SEEDS \u3011","isPartOf":{"@id":"https:\/\/www.trikomaseeds.com\/de\/#website"},"primaryImageOfPage":{"@id":"https:\/\/www.trikomaseeds.com\/de\/samen\/northern-lights-auto\/#primaryimage"},"image":{"@id":"https:\/\/www.trikomaseeds.com\/de\/samen\/northern-lights-auto\/#primaryimage"},"thumbnailUrl":"https:\/\/www.trikomaseeds.com\/wp-content\/uploads\/2019\/09\/NorthernLights_Auto_Trikoma_seeds_72-800x800.jpg","datePublished":"2019-09-24T12:02:59+00:00","dateModified":"2024-08-13T12:41:31+00:00","description":"Northern Light Auto ist ideal f\u00fcr Z\u00fcchter mit wenig Zeit. Es hat einen THC-Gehalt von 16 % und starke entspannende Effekte auf K\u00f6rper und Geist.","breadcrumb":{"@id":"https:\/\/www.trikomaseeds.com\/de\/samen\/northern-lights-auto\/#breadcrumb"},"inLanguage":"de","potentialAction":[{"@type":"ReadAction","target":["https:\/\/www.trikomaseeds.com\/de\/samen\/northern-lights-auto\/"]}]},{"@type":"ImageObject","inLanguage":"de","@id":"https:\/\/www.trikomaseeds.com\/de\/samen\/northern-lights-auto\/#primaryimage","url":"https:\/\/www.trikomaseeds.com\/wp-content\/uploads\/2019\/09\/NorthernLights_Auto_Trikoma_seeds_72-800x800.jpg","contentUrl":"https:\/\/www.trikomaseeds.com\/wp-content\/uploads\/2019\/09\/NorthernLights_Auto_Trikoma_seeds_72-800x800.jpg","width":800,"height":800},{"@type":"BreadcrumbList","@id":"https:\/\/www.trikomaseeds.com\/de\/samen\/northern-lights-auto\/#breadcrumb","itemListElement":[{"@type":"ListItem","position":1,"name":"Portada","item":"https:\/\/www.trikomaseeds.com\/de\/"},{"@type":"ListItem","position":2,"name":"Shop","item":"https:\/\/www.trikomaseeds.com\/de\/shop-3\/"},{"@type":"ListItem","position":3,"name":"Northern Lights Auto"}]},{"@type":"WebSite","@id":"https:\/\/www.trikomaseeds.com\/de\/#website","url":"https:\/\/www.trikomaseeds.com\/de\/","name":"Trikoma Seeds","description":"Semillas de Marihuana Auto, Feminizadas y medicinales","potentialAction":[{"@type":"SearchAction","target":{"@type":"EntryPoint","urlTemplate":"https:\/\/www.trikomaseeds.com\/de\/?s={search_term_string}"},"query-input":{"@type":"PropertyValueSpecification","valueRequired":true,"valueName":"search_term_string"}}],"inLanguage":"de"}]}},"_links":{"self":[{"href":"https:\/\/www.trikomaseeds.com\/de\/wp-json\/wp\/v2\/product\/1195","targetHints":{"allow":["GET"]}}],"collection":[{"href":"https:\/\/www.trikomaseeds.com\/de\/wp-json\/wp\/v2\/product"}],"about":[{"href":"https:\/\/www.trikomaseeds.com\/de\/wp-json\/wp\/v2\/types\/product"}],"replies":[{"embeddable":true,"href":"https:\/\/www.trikomaseeds.com\/de\/wp-json\/wp\/v2\/comments?post=1195"}],"wp:featuredmedia":[{"embeddable":true,"href":"https:\/\/www.trikomaseeds.com\/de\/wp-json\/wp\/v2\/media\/545"}],"wp:attachment":[{"href":"https:\/\/www.trikomaseeds.com\/de\/wp-json\/wp\/v2\/media?parent=1195"}],"wp:term":[{"taxonomy":"product_cat","embeddable":true,"href":"https:\/\/www.trikomaseeds.com\/de\/wp-json\/wp\/v2\/product_cat?post=1195"},{"taxonomy":"product_tag","embeddable":true,"href":"https:\/\/www.trikomaseeds.com\/de\/wp-json\/wp\/v2\/product_tag?post=1195"}],"curies":[{"name":"wp","href":"https:\/\/api.w.org\/{rel}","templated":true}]}}