{"id":1111,"date":"2019-09-24T14:19:35","date_gmt":"2019-09-24T12:19:35","guid":{"rendered":"http:\/\/www.trikomaseeds.com\/semillas\/jack-herer\/"},"modified":"2024-06-18T11:22:52","modified_gmt":"2024-06-18T09:22:52","slug":"jack-herer","status":"publish","type":"product","link":"https:\/\/www.trikomaseeds.com\/de\/samen\/jack-herer\/","title":{"rendered":"Jack Herer"},"content":{"rendered":"<h2>Technisches Datenblatt f\u00fcr Jack Herer von Trikoma Seeds<\/h2>\n<ul>\n<li>Genetik: Jack Herer<\/li>\n<li>Typ: Sativa 90% -\/\/- Indica 10%<\/li>\n<li>Indoor-Ertrag: 550 gr.\/m<sup>2<\/sup> (mit 600W Licht)<\/li>\n<li>Outdoor-Ertrag: 1 &#8211; 2 kg\/Pflanze<\/li>\n<li>Bl\u00fctezeit Indoor: 77 &#8211; 85 Tage<\/li>\n<li>Bl\u00fctezeit Outdoor: Ende Oktober<\/li>\n<li>Bl\u00fctezeit in S\u00fcdamerika: Ende April<\/li>\n<\/ul>\n<h2>Was ist Jack Herer von Trikoma Seeds?<\/h2>\n<p>Jack Herer ist offiziell als eine der wenigen medizinischen Cannabissorten in den Niederlanden anerkannt. Es ist ein herausragendes Beispiel f\u00fcr Potenz, hohe Ertr\u00e4ge und hervorragende Harz- und THC-Werte, die es in der Welt des Cannabis auszeichnen.<\/p>\n<p>Die Sorte Jack Herer wurde zu Ehren des ikonischen Cannabis-Aktivisten benannt und hat dank ihrer au\u00dfergew\u00f6hnlichen Genetik einen hohen Bekanntheitsgrad erlangt. Diese Sativa-dominante Hybrid-Sorte entstand aus einer Kreuzung von Haze, Northern Lights #5 und Shiva Skunk und ist ausgewogen und vielseitig.<\/p>\n<p>Mit THC-Werten zwischen 18% und 23% bietet Jack Herer ein erhebendes und kreatives Erlebnis. Die Wirkung beginnt mit einem Energieschub, Kreativit\u00e4t und Euphorie, gefolgt von einer beruhigenden und entspannenden Wirkung. Diese breite Palette an Effekten macht sie bei Cannabis-Enthusiasten beliebt. \u00dcber ihre Genetik hinaus ehrt diese Sorte das Verm\u00e4chtnis von Jack Herer und seinen unerm\u00fcdlichen Einsatz f\u00fcr Cannabis.<\/p>\n<p>Wenn Sie nach einem starken und vielseitigen Cannabiserlebnis suchen, ist die Sorte Jack Herer zweifellos eine ausgezeichnete Wahl, die Geschichte, Potenz und ausgewogene Wirkungen vereint. Jack-Herer-Pflanzen sind in der Regel hoch und schlank mit langen, schlanken Bl\u00e4ttern.<\/p>\n<h2>Produktion von Jack Herer<\/h2>\n<p>Die Produktion von Jack Herer ist in jeder Hinsicht au\u00dfergew\u00f6hnlich. Sie zeichnet sich durch reichlich Bl\u00fcten, hohe Harzkonzentration, reiche Terpene und insbesondere durch ihren Cannabinoidgehalt aus. Die Buds zeichnen sich durch ihre L\u00e4nge und ihre reichliche Harzbeschichtung aus.<\/p>\n<p>Jack Herer zeigt seine Vielseitigkeit und Gro\u00dfz\u00fcgigkeit sowohl im Indoor- als auch im Outdoor-Anbau. Unter Indoor-Bedingungen ist es m\u00f6glich, die begehrte Leistung von einem Gramm pro Watt oder sogar mehr zu erreichen, wenn Licht, Wasser und N\u00e4hrstoffe optimal gehandhabt werden. Diese Sorte belohnt Z\u00fcchter mit bedeutenden Ernten, wenn ihr genetisches Potenzial optimal ausgesch\u00f6pft wird.<\/p>\n<p>Im Freien kann Jack Herer unter optimalen Bedingungen von warmem und sonnigem Klima bis zu einem Kilogramm pro Pflanze produzieren. Dies wird durch die Bereitstellung eines reichen Substrats, langer Stunden direkter Sonneneinstrahlung und einer angemessenen Bew\u00e4sserung und D\u00fcngung erreicht. Diese Bedingungen erm\u00f6glichen es der Pflanze, ihre volle Kraft und ihr Potenzial auszudr\u00fccken und reichhaltige und hochwertige Ernten zu liefern.<\/p>\n<p>Mit einer Bl\u00fctephase von typischerweise 8 bis 10 Wochen ist Jack Herer eine beliebte Wahl unter Z\u00fcchtern f\u00fcr ihre F\u00e4higkeit, sowohl im Innen- als auch im Au\u00dfenbereich signifikante Ertr\u00e4ge zu erzielen. Ihre Kombination aus Vitalit\u00e4t, Produktion und Qualit\u00e4t macht sie zu einer herausragenden Wahl f\u00fcr diejenigen, die das Beste aus Cannabis in Bezug auf Menge und Qualit\u00e4t der Ernte erhalten m\u00f6chten.<\/p>\n<h2>Aromen und Geschmack von Jack Herer<\/h2>\n<p>Die Sorte Jack Herer ist bekannt f\u00fcr ihre Konsistenz in Wirkung, Geschmack und Aroma. Sie ist bekannt f\u00fcr ein stimulierendes und gleichzeitig entspannendes High. Diese Kombination kann dazu f\u00fchren, dass Sie das Gef\u00fchl haben, dass der Boden unter Ihren F\u00fc\u00dfen bebt, w\u00e4hrend Ihr Geist in die Stratosph\u00e4re aufsteigt. Die Nutzer beschreiben sie als eine anregende und gleichzeitig entspannende Erfahrung. Ideal f\u00fcr diejenigen, die ein intensives und befriedigendes psychoaktives Erlebnis suchen.<\/p>\n<p>Was den Geschmack und das Aroma betrifft, bietet Jack Herer ein einzigartiges Erlebnis. W\u00e4hrend des Indoor-Anbaus haben die Pflanzen einen subtilen Duft, was sie zu einer ausgezeichneten Wahl f\u00fcr Z\u00fcchter macht, die Diskretion ben\u00f6tigen. Nach dem Trocknen enth\u00fcllen diese Bl\u00fcten jedoch ihr vollst\u00e4ndiges und unverwechselbares Aromabukett. Die Buds verstr\u00f6men einen komplexen und scharfen Duft, der an Hash erinnert, mit Nuancen von afghanischem und fruchtigem Skunk-Geschmack, je nach spezifischem Ph\u00e4notypen.<\/p>\n<p>Jack Herer bietet nicht nur eine konsistente und ausgewogene Wirkung, die geistige Stimulation mit k\u00f6rperlicher Entspannung kombiniert, sondern auch ein bereicherndes sensorisches Erlebnis dank seines einzigartigen Geschmacks- und Aromaprofils. Sie ist eine beliebte Wahl sowohl f\u00fcr Freizeit- als auch f\u00fcr medizinische Nutzer, die eine Cannabis-Sorte suchen, die ihre spezifischen Bed\u00fcrfnisse konstant und befriedigend erf\u00fcllt.<\/p>\n","protected":false},"excerpt":{"rendered":"<p><strong>Jack Herer<\/strong> ist bekannt daf\u00fcr, eine dominante Sativa-Hybride und eine der produktivsten ihrer Art zu sein. Sie bietet einen sehr klaren cerebral wirkenden Effekt und einen starken Energieschub mit einem euphorischen und anregenden Rausch, was sie bei medizinischen und Freizeitnutzern beliebt macht. Diese Sorte zeichnet sich durch typische Eigenschaften der Haze-Variet\u00e4ten aus, wie ein ausgepr\u00e4gtes psychoaktives Erlebnis und l\u00e4ngere Bl\u00fctezeiten. Geschmacklich hat sie einen leichten Limettengeschmack und ein Weihraucharoma. Die Pflanzen entwickeln dicke und lange St\u00e4ngel und erreichen eine betr\u00e4chtliche Gr\u00f6\u00dfe und H\u00f6he. Jack Herer hat auch mehrere Auszeichnungen bei der Cannabis Cup f\u00fcr ihre Qualit\u00e4t und ihr ansprechendes Geschmacksprofil gewonnen.<\/p>\n","protected":false},"featured_media":608,"comment_status":"open","ping_status":"closed","template":"","meta":[],"product_cat":[99],"product_tag":[],"class_list":{"0":"post-1111","1":"product","2":"type-product","3":"status-publish","4":"has-post-thumbnail","6":"product_cat-feminisiert","8":"first","9":"instock","10":"shipping-taxable","11":"purchasable","12":"product-type-variable","13":"has-default-attributes"},"yoast_head":"<!-- This site is optimized with the Yoast SEO plugin v25.6 - https:\/\/yoast.com\/wordpress\/plugins\/seo\/ -->\n<title>Jack Herer Feminisiert [ Trikoma Seeds ]<\/title>\n<meta name=\"description\" content=\"Aqu\u00ed est\u00e1 la traducci\u00f3n al alem\u00e1n de la frase proporcionada: &quot;Jack Herer von Trikoma Seeds ist eine starke Sativa mit kurzer Bl\u00fctezeit und einem euphorischen, cerebral wirkenden Effekt.\" \/>\n<meta name=\"robots\" content=\"index, follow, max-snippet:-1, max-image-preview:large, max-video-preview:-1\" \/>\n<link rel=\"canonical\" href=\"https:\/\/www.trikomaseeds.com\/de\/samen\/jack-herer\/\" \/>\n<meta property=\"og:locale\" content=\"de_DE\" \/>\n<meta property=\"og:type\" content=\"article\" \/>\n<meta property=\"og:title\" content=\"Jack Herer Feminisiert [ Trikoma Seeds ]\" \/>\n<meta property=\"og:description\" content=\"Aqu\u00ed est\u00e1 la traducci\u00f3n al alem\u00e1n de la frase proporcionada: &quot;Jack Herer von Trikoma Seeds ist eine starke Sativa mit kurzer Bl\u00fctezeit und einem euphorischen, cerebral wirkenden Effekt.\" \/>\n<meta property=\"og:url\" content=\"https:\/\/www.trikomaseeds.com\/de\/samen\/jack-herer\/\" \/>\n<meta property=\"og:site_name\" content=\"Trikoma Seeds\" \/>\n<meta property=\"article:modified_time\" content=\"2024-06-18T09:22:52+00:00\" \/>\n<meta property=\"og:image\" content=\"https:\/\/www.trikomaseeds.com\/wp-content\/uploads\/2019\/09\/JackHerer_Trikoma_seeds_72-800x800.jpg\" \/>\n\t<meta property=\"og:image:width\" content=\"800\" \/>\n\t<meta property=\"og:image:height\" content=\"800\" \/>\n\t<meta property=\"og:image:type\" content=\"image\/jpeg\" \/>\n<meta name=\"twitter:card\" content=\"summary_large_image\" \/>\n<meta name=\"twitter:label1\" content=\"Gesch\u00e4tzte Lesezeit\" \/>\n\t<meta name=\"twitter:data1\" content=\"3\u00a0Minuten\" \/>\n<script type=\"application\/ld+json\" class=\"yoast-schema-graph\">{\"@context\":\"https:\/\/schema.org\",\"@graph\":[{\"@type\":\"WebPage\",\"@id\":\"https:\/\/www.trikomaseeds.com\/de\/samen\/jack-herer\/\",\"url\":\"https:\/\/www.trikomaseeds.com\/de\/samen\/jack-herer\/\",\"name\":\"Jack Herer Feminisiert [ Trikoma Seeds ]\",\"isPartOf\":{\"@id\":\"https:\/\/www.trikomaseeds.com\/de\/#website\"},\"primaryImageOfPage\":{\"@id\":\"https:\/\/www.trikomaseeds.com\/de\/samen\/jack-herer\/#primaryimage\"},\"image\":{\"@id\":\"https:\/\/www.trikomaseeds.com\/de\/samen\/jack-herer\/#primaryimage\"},\"thumbnailUrl\":\"https:\/\/www.trikomaseeds.com\/wp-content\/uploads\/2019\/09\/JackHerer_Trikoma_seeds_72-800x800.jpg\",\"datePublished\":\"2019-09-24T12:19:35+00:00\",\"dateModified\":\"2024-06-18T09:22:52+00:00\",\"description\":\"Aqu\u00ed est\u00e1 la traducci\u00f3n al alem\u00e1n de la frase proporcionada: \\\"Jack Herer von Trikoma Seeds ist eine starke Sativa mit kurzer Bl\u00fctezeit und einem euphorischen, cerebral wirkenden Effekt.\",\"breadcrumb\":{\"@id\":\"https:\/\/www.trikomaseeds.com\/de\/samen\/jack-herer\/#breadcrumb\"},\"inLanguage\":\"de\",\"potentialAction\":[{\"@type\":\"ReadAction\",\"target\":[\"https:\/\/www.trikomaseeds.com\/de\/samen\/jack-herer\/\"]}]},{\"@type\":\"ImageObject\",\"inLanguage\":\"de\",\"@id\":\"https:\/\/www.trikomaseeds.com\/de\/samen\/jack-herer\/#primaryimage\",\"url\":\"https:\/\/www.trikomaseeds.com\/wp-content\/uploads\/2019\/09\/JackHerer_Trikoma_seeds_72-800x800.jpg\",\"contentUrl\":\"https:\/\/www.trikomaseeds.com\/wp-content\/uploads\/2019\/09\/JackHerer_Trikoma_seeds_72-800x800.jpg\",\"width\":800,\"height\":800},{\"@type\":\"BreadcrumbList\",\"@id\":\"https:\/\/www.trikomaseeds.com\/de\/samen\/jack-herer\/#breadcrumb\",\"itemListElement\":[{\"@type\":\"ListItem\",\"position\":1,\"name\":\"Portada\",\"item\":\"https:\/\/www.trikomaseeds.com\/de\/\"},{\"@type\":\"ListItem\",\"position\":2,\"name\":\"Shop\",\"item\":\"https:\/\/www.trikomaseeds.com\/de\/shop-3\/\"},{\"@type\":\"ListItem\",\"position\":3,\"name\":\"Jack Herer\"}]},{\"@type\":\"WebSite\",\"@id\":\"https:\/\/www.trikomaseeds.com\/de\/#website\",\"url\":\"https:\/\/www.trikomaseeds.com\/de\/\",\"name\":\"Trikoma Seeds\",\"description\":\"Semillas de Marihuana Auto, Feminizadas y medicinales\",\"potentialAction\":[{\"@type\":\"SearchAction\",\"target\":{\"@type\":\"EntryPoint\",\"urlTemplate\":\"https:\/\/www.trikomaseeds.com\/de\/?s={search_term_string}\"},\"query-input\":{\"@type\":\"PropertyValueSpecification\",\"valueRequired\":true,\"valueName\":\"search_term_string\"}}],\"inLanguage\":\"de\"}]}<\/script>\n<!-- \/ Yoast SEO plugin. -->","yoast_head_json":{"title":"Jack Herer Feminisiert [ Trikoma Seeds ]","description":"Aqu\u00ed est\u00e1 la traducci\u00f3n al alem\u00e1n de la frase proporcionada: \"Jack Herer von Trikoma Seeds ist eine starke Sativa mit kurzer Bl\u00fctezeit und einem euphorischen, cerebral wirkenden Effekt.","robots":{"index":"index","follow":"follow","max-snippet":"max-snippet:-1","max-image-preview":"max-image-preview:large","max-video-preview":"max-video-preview:-1"},"canonical":"https:\/\/www.trikomaseeds.com\/de\/samen\/jack-herer\/","og_locale":"de_DE","og_type":"article","og_title":"Jack Herer Feminisiert [ Trikoma Seeds ]","og_description":"Aqu\u00ed est\u00e1 la traducci\u00f3n al alem\u00e1n de la frase proporcionada: \"Jack Herer von Trikoma Seeds ist eine starke Sativa mit kurzer Bl\u00fctezeit und einem euphorischen, cerebral wirkenden Effekt.","og_url":"https:\/\/www.trikomaseeds.com\/de\/samen\/jack-herer\/","og_site_name":"Trikoma Seeds","article_modified_time":"2024-06-18T09:22:52+00:00","og_image":[{"width":800,"height":800,"url":"https:\/\/www.trikomaseeds.com\/wp-content\/uploads\/2019\/09\/JackHerer_Trikoma_seeds_72-800x800.jpg","type":"image\/jpeg"}],"twitter_card":"summary_large_image","twitter_misc":{"Gesch\u00e4tzte Lesezeit":"3\u00a0Minuten"},"schema":{"@context":"https:\/\/schema.org","@graph":[{"@type":"WebPage","@id":"https:\/\/www.trikomaseeds.com\/de\/samen\/jack-herer\/","url":"https:\/\/www.trikomaseeds.com\/de\/samen\/jack-herer\/","name":"Jack Herer Feminisiert [ Trikoma Seeds ]","isPartOf":{"@id":"https:\/\/www.trikomaseeds.com\/de\/#website"},"primaryImageOfPage":{"@id":"https:\/\/www.trikomaseeds.com\/de\/samen\/jack-herer\/#primaryimage"},"image":{"@id":"https:\/\/www.trikomaseeds.com\/de\/samen\/jack-herer\/#primaryimage"},"thumbnailUrl":"https:\/\/www.trikomaseeds.com\/wp-content\/uploads\/2019\/09\/JackHerer_Trikoma_seeds_72-800x800.jpg","datePublished":"2019-09-24T12:19:35+00:00","dateModified":"2024-06-18T09:22:52+00:00","description":"Aqu\u00ed est\u00e1 la traducci\u00f3n al alem\u00e1n de la frase proporcionada: \"Jack Herer von Trikoma Seeds ist eine starke Sativa mit kurzer Bl\u00fctezeit und einem euphorischen, cerebral wirkenden Effekt.","breadcrumb":{"@id":"https:\/\/www.trikomaseeds.com\/de\/samen\/jack-herer\/#breadcrumb"},"inLanguage":"de","potentialAction":[{"@type":"ReadAction","target":["https:\/\/www.trikomaseeds.com\/de\/samen\/jack-herer\/"]}]},{"@type":"ImageObject","inLanguage":"de","@id":"https:\/\/www.trikomaseeds.com\/de\/samen\/jack-herer\/#primaryimage","url":"https:\/\/www.trikomaseeds.com\/wp-content\/uploads\/2019\/09\/JackHerer_Trikoma_seeds_72-800x800.jpg","contentUrl":"https:\/\/www.trikomaseeds.com\/wp-content\/uploads\/2019\/09\/JackHerer_Trikoma_seeds_72-800x800.jpg","width":800,"height":800},{"@type":"BreadcrumbList","@id":"https:\/\/www.trikomaseeds.com\/de\/samen\/jack-herer\/#breadcrumb","itemListElement":[{"@type":"ListItem","position":1,"name":"Portada","item":"https:\/\/www.trikomaseeds.com\/de\/"},{"@type":"ListItem","position":2,"name":"Shop","item":"https:\/\/www.trikomaseeds.com\/de\/shop-3\/"},{"@type":"ListItem","position":3,"name":"Jack Herer"}]},{"@type":"WebSite","@id":"https:\/\/www.trikomaseeds.com\/de\/#website","url":"https:\/\/www.trikomaseeds.com\/de\/","name":"Trikoma Seeds","description":"Semillas de Marihuana Auto, Feminizadas y medicinales","potentialAction":[{"@type":"SearchAction","target":{"@type":"EntryPoint","urlTemplate":"https:\/\/www.trikomaseeds.com\/de\/?s={search_term_string}"},"query-input":{"@type":"PropertyValueSpecification","valueRequired":true,"valueName":"search_term_string"}}],"inLanguage":"de"}]}},"_links":{"self":[{"href":"https:\/\/www.trikomaseeds.com\/de\/wp-json\/wp\/v2\/product\/1111","targetHints":{"allow":["GET"]}}],"collection":[{"href":"https:\/\/www.trikomaseeds.com\/de\/wp-json\/wp\/v2\/product"}],"about":[{"href":"https:\/\/www.trikomaseeds.com\/de\/wp-json\/wp\/v2\/types\/product"}],"replies":[{"embeddable":true,"href":"https:\/\/www.trikomaseeds.com\/de\/wp-json\/wp\/v2\/comments?post=1111"}],"wp:featuredmedia":[{"embeddable":true,"href":"https:\/\/www.trikomaseeds.com\/de\/wp-json\/wp\/v2\/media\/608"}],"wp:attachment":[{"href":"https:\/\/www.trikomaseeds.com\/de\/wp-json\/wp\/v2\/media?parent=1111"}],"wp:term":[{"taxonomy":"product_cat","embeddable":true,"href":"https:\/\/www.trikomaseeds.com\/de\/wp-json\/wp\/v2\/product_cat?post=1111"},{"taxonomy":"product_tag","embeddable":true,"href":"https:\/\/www.trikomaseeds.com\/de\/wp-json\/wp\/v2\/product_tag?post=1111"}],"curies":[{"name":"wp","href":"https:\/\/api.w.org\/{rel}","templated":true}]}}