{"id":1027,"date":"2019-09-24T14:18:12","date_gmt":"2019-09-24T12:18:12","guid":{"rendered":"http:\/\/www.trikomaseeds.com\/semillas\/critical-plus\/"},"modified":"2024-06-21T11:36:37","modified_gmt":"2024-06-21T09:36:37","slug":"critical-plus","status":"publish","type":"product","link":"https:\/\/www.trikomaseeds.com\/de\/samen\/critical-plus\/","title":{"rendered":"Critical Plus"},"content":{"rendered":"<h2 class=\"dotted_title uppercase\">Technische Datenblatt von Critical Plus<\/h2>\n<ul class=\"check\">\n<li>Genetik: Critical Bilbo x AK-47<\/li>\n<li>Sorte: Indica 70% -\/\/- Sativa 30%<\/li>\n<li>Ertrag indoor: 550 gr.\/m<sup>2<\/sup> (Mit 600W)<\/li>\n<li>Ertrag outdoor: 1 &#8211; 1,5 kg\/Pflanze<\/li>\n<li>Bl\u00fctezeit indoor: 56 &#8211; 63 Tage<\/li>\n<li>Bl\u00fctezeit outdoor: September<\/li>\n<li>Bl\u00fctezeit in S\u00fcdamerika: M\u00e4rz<\/li>\n<\/ul>\n<h2>Was ist Critical Plus<\/h2>\n<p>Der Critical Plus Samen ist bekannt f\u00fcr seinen relativ hohen Ertrag, intensiven Geschmack und einfache Anbauweise. Der Ruhm von Critical Plus beruht auf seiner Qualit\u00e4t, Potenz, Geschmack, Wirkung und seiner einfachen Anbauweise.<\/p>\n<p>Aus diesem Grund ist Critical Plus eine beliebte Wahl sowohl f\u00fcr kommerzielle Z\u00fcchter als auch f\u00fcr Hobbyanbauer. Viele Z\u00fcchter verwenden es, um einen Teil der Ernte zu sichern, bevor sie andere Sorten probieren, die m\u00f6glicherweise versagen k\u00f6nnten. Mit Critical Plus gehen sie auf Nummer sicher.<\/p>\n<h2>Produktion von Critical Plus<\/h2>\n<p><strong>Critical Plus<\/strong> ist einer der ertragreichsten feminisierten Marihuanasamen in unserem Katalog und auf dem Markt. In Innenr\u00e4umen kann sie bis zu 550 g\/m2 produzieren und im Freien erreicht sie beeindruckende 1000-1500 g\/m2. Angesichts dieser Daten \u00fcberrascht es nicht, dass viele Z\u00fcchter auf Critical Plus vertrauen.<\/p>\n<p>Die von Critical Plus produzierten Knospen sind lang, d\u00fcnn, dicht und kompakt. Aufgrund ihrer festen und kompakten Struktur sind es Knospen, die den Ernte- und Manik\u00fcreprozess erleichtern.<\/p>\n<p>Das Beste an den Knospen von Critical Plus ist die dicke Schicht harziger Trichome, die sie bedeckt.<\/p>\n<h2>Aromen und Geschmack von Critical Plus<\/h2>\n<p>Unsere <strong>Trikoma Seeds Critical Plus<\/strong> hat ein s\u00fc\u00dfes Aroma, das den Raum durchdringen kann. Einige Verbraucher beschreiben ihren Geschmack als eine Kombination von zitrusartigen Aromen mit Gew\u00fcrzen.<\/p>\n<h2>Wirkungen von Critical Plus<\/h2>\n<p>Unter den Wirkungen von <strong>Critical Plus von Trikoma Seeds<\/strong> \u00fcberwiegt in der Regel das entspannende Gef\u00fchl. Es ist \u00fcblich, eine anf\u00e4ngliche Euphorie zu sp\u00fcren, um zu einer tiefen Entspannung \u00fcberzugehen, die Stress und Angst lindert.<\/p>\n<p>Die entspannende Wirkung von Critical Plus entspricht dem, was von einer Sorte mit 20 % THC zu erwarten ist. Sie eignet sich ideal f\u00fcr diejenigen, die das Ende von k\u00f6rperlicher M\u00fcdigkeit und Schmerzen suchen. Auch auf geistiger Ebene gibt es positive Effekte, da sie dazu beitr\u00e4gt, den Geist zu entspannen und abzuschalten. Viele Verbraucher erkl\u00e4ren, dass die Abkehr vom allt\u00e4glichen Leben und seinen Problemen sie zu kreativen Momenten f\u00fchrt.<\/p>\n<h2>Der Anbau von Critical Plus<\/h2>\n<p><strong>Critical Plus<\/strong> ist eine recht einfach zu z\u00fcchtende Genetik. Es ist keine Pflanze, die viel Pflege ben\u00f6tigt. Sie w\u00e4chst schnell und kr\u00e4ftig ohne gr\u00f6\u00dfere Probleme. Das ist einer der Gr\u00fcnde, warum es von professionellen Z\u00fcchtern ebenso gesch\u00e4tzt wird wie von Hobbyz\u00fcchtern.<\/p>\n<p><strong>Critical Plus eignet sich sowohl f\u00fcr den Innen- als auch f\u00fcr den Au\u00dfenanbau.<\/strong> Im Freien passt sie gut zu mediterranen und gem\u00e4\u00dfigten Klimazonen. Das Wichtigste ist, dass es keine \u00fcberm\u00e4\u00dfige Feuchtigkeit gibt. Daher sollte sichergestellt werden, dass der Boden gut durchl\u00e4ssig ist und Sonnenlicht bekommt. In Europa ist der beste Zeitpunkt f\u00fcr die Bl\u00fcte dieser Sorte der Monat September. In Lateinamerika ist der beste Zeitpunkt im M\u00e4rz.<\/p>\n<p>In Innenr\u00e4umen mit bearbeiteten fotoperiodischen Zyklen wird Critical Plus von Trikoma Seeds <strong>in 55-65 Tagen bl\u00fchen<\/strong>. Dies bedeutet, dass es sich um eine Pflanze mit einem sehr kurzen Anbauzyklus handelt. Deshalb wird es von Innenz\u00fcchtern besonders gesch\u00e4tzt.<\/p>\n<p>Allgemein gesagt ist der <strong>Critical Plus<\/strong> Samen, den wir bei Trikoma Seeds anbieten, eine leicht anzubauende Pflanze mit hoher Ertragsleistung. Der Geschmack und die Wirkungen entsprechen dem, was von einer Sorte mit sativadominanz erwartet wird.<\/p>\n<p>Neben dem regul\u00e4ren Samen bietet Trikoma Seeds auch die <a href=\"https:\/\/www.trikomaseeds.com\/de\/samen\/critical-plus-auto\/\">Auto-Variante<\/a> an, mit der Sie die Pflanze in relativ kurzer Zeit genie\u00dfen k\u00f6nnen.<\/p>\n<p>&#8222;`<\/p>\n","protected":false},"excerpt":{"rendered":"<p align=\"justify\">Critical Plus ist eine der ertragreichsten Sorten auf unserem Markt. Von s\u00fc\u00dflichem Geschmack zeichnet sie sich vor allem durch ihre narkotische Wirkung aus, ist einfach anzubauen und braucht keine besondere Pflege. Ihr schnelles Wachstum l\u00e4sst ihre St\u00e4ngel d\u00fcnner werden. Obwohl ihre Buds weder besonders dicht noch schwer sind, ist sie bekannt f\u00fcr ihren hohen Ertrag.<\/p>\n<p><strong>THC:\u00a0<span class=\"destacado\">20%<\/span><\/strong><\/p>\n","protected":false},"featured_media":601,"comment_status":"open","ping_status":"closed","template":"","meta":[],"product_cat":[99],"product_tag":[],"class_list":{"0":"post-1027","1":"product","2":"type-product","3":"status-publish","4":"has-post-thumbnail","6":"product_cat-feminisiert","8":"first","9":"instock","10":"shipping-taxable","11":"purchasable","12":"product-type-variable","13":"has-default-attributes"},"yoast_head":"<!-- This site is optimized with the Yoast SEO plugin v25.6 - https:\/\/yoast.com\/wordpress\/plugins\/seo\/ -->\n<title>Critical Plus \u3010 Trikoma Seeds \u3011Feminisiert \u2713<\/title>\n<meta name=\"description\" content=\"Critical Plus ist ein beliebter Spitzenhanfsamen unter den Z\u00fcchtern. Mit einem THC-Gehalt von 20% und einer beeindruckenden Produktionskapazit\u00e4t von bis zu 1000-1500 g\/m\u00b2 ist der Erfolg garantiert.\" \/>\n<meta name=\"robots\" content=\"index, follow, max-snippet:-1, max-image-preview:large, max-video-preview:-1\" \/>\n<link rel=\"canonical\" href=\"https:\/\/www.trikomaseeds.com\/de\/samen\/critical-plus\/\" \/>\n<meta property=\"og:locale\" content=\"de_DE\" \/>\n<meta property=\"og:type\" content=\"article\" \/>\n<meta property=\"og:title\" content=\"Critical Plus \u3010 Trikoma Seeds \u3011Feminisiert \u2713\" \/>\n<meta property=\"og:description\" content=\"Critical Plus ist ein beliebter Spitzenhanfsamen unter den Z\u00fcchtern. Mit einem THC-Gehalt von 20% und einer beeindruckenden Produktionskapazit\u00e4t von bis zu 1000-1500 g\/m\u00b2 ist der Erfolg garantiert.\" \/>\n<meta property=\"og:url\" content=\"https:\/\/www.trikomaseeds.com\/de\/samen\/critical-plus\/\" \/>\n<meta property=\"og:site_name\" content=\"Trikoma Seeds\" \/>\n<meta property=\"article:modified_time\" content=\"2024-06-21T09:36:37+00:00\" \/>\n<meta property=\"og:image\" content=\"https:\/\/www.trikomaseeds.com\/wp-content\/uploads\/2019\/09\/CriticalPlus_Trikoma_seeds_72-800x800.jpg\" \/>\n\t<meta property=\"og:image:width\" content=\"800\" \/>\n\t<meta property=\"og:image:height\" content=\"800\" \/>\n\t<meta property=\"og:image:type\" content=\"image\/jpeg\" \/>\n<meta name=\"twitter:card\" content=\"summary_large_image\" \/>\n<meta name=\"twitter:label1\" content=\"Gesch\u00e4tzte Lesezeit\" \/>\n\t<meta name=\"twitter:data1\" content=\"3\u00a0Minuten\" \/>\n<script type=\"application\/ld+json\" class=\"yoast-schema-graph\">{\"@context\":\"https:\/\/schema.org\",\"@graph\":[{\"@type\":\"WebPage\",\"@id\":\"https:\/\/www.trikomaseeds.com\/de\/samen\/critical-plus\/\",\"url\":\"https:\/\/www.trikomaseeds.com\/de\/samen\/critical-plus\/\",\"name\":\"Critical Plus \u3010 Trikoma Seeds \u3011Feminisiert \u2713\",\"isPartOf\":{\"@id\":\"https:\/\/www.trikomaseeds.com\/de\/#website\"},\"primaryImageOfPage\":{\"@id\":\"https:\/\/www.trikomaseeds.com\/de\/samen\/critical-plus\/#primaryimage\"},\"image\":{\"@id\":\"https:\/\/www.trikomaseeds.com\/de\/samen\/critical-plus\/#primaryimage\"},\"thumbnailUrl\":\"https:\/\/www.trikomaseeds.com\/wp-content\/uploads\/2019\/09\/CriticalPlus_Trikoma_seeds_72-800x800.jpg\",\"datePublished\":\"2019-09-24T12:18:12+00:00\",\"dateModified\":\"2024-06-21T09:36:37+00:00\",\"description\":\"Critical Plus ist ein beliebter Spitzenhanfsamen unter den Z\u00fcchtern. Mit einem THC-Gehalt von 20% und einer beeindruckenden Produktionskapazit\u00e4t von bis zu 1000-1500 g\/m\u00b2 ist der Erfolg garantiert.\",\"breadcrumb\":{\"@id\":\"https:\/\/www.trikomaseeds.com\/de\/samen\/critical-plus\/#breadcrumb\"},\"inLanguage\":\"de\",\"potentialAction\":[{\"@type\":\"ReadAction\",\"target\":[\"https:\/\/www.trikomaseeds.com\/de\/samen\/critical-plus\/\"]}]},{\"@type\":\"ImageObject\",\"inLanguage\":\"de\",\"@id\":\"https:\/\/www.trikomaseeds.com\/de\/samen\/critical-plus\/#primaryimage\",\"url\":\"https:\/\/www.trikomaseeds.com\/wp-content\/uploads\/2019\/09\/CriticalPlus_Trikoma_seeds_72-800x800.jpg\",\"contentUrl\":\"https:\/\/www.trikomaseeds.com\/wp-content\/uploads\/2019\/09\/CriticalPlus_Trikoma_seeds_72-800x800.jpg\",\"width\":800,\"height\":800},{\"@type\":\"BreadcrumbList\",\"@id\":\"https:\/\/www.trikomaseeds.com\/de\/samen\/critical-plus\/#breadcrumb\",\"itemListElement\":[{\"@type\":\"ListItem\",\"position\":1,\"name\":\"Portada\",\"item\":\"https:\/\/www.trikomaseeds.com\/de\/\"},{\"@type\":\"ListItem\",\"position\":2,\"name\":\"Shop\",\"item\":\"https:\/\/www.trikomaseeds.com\/de\/shop-3\/\"},{\"@type\":\"ListItem\",\"position\":3,\"name\":\"Critical Plus\"}]},{\"@type\":\"WebSite\",\"@id\":\"https:\/\/www.trikomaseeds.com\/de\/#website\",\"url\":\"https:\/\/www.trikomaseeds.com\/de\/\",\"name\":\"Trikoma Seeds\",\"description\":\"Semillas de Marihuana Auto, Feminizadas y medicinales\",\"potentialAction\":[{\"@type\":\"SearchAction\",\"target\":{\"@type\":\"EntryPoint\",\"urlTemplate\":\"https:\/\/www.trikomaseeds.com\/de\/?s={search_term_string}\"},\"query-input\":{\"@type\":\"PropertyValueSpecification\",\"valueRequired\":true,\"valueName\":\"search_term_string\"}}],\"inLanguage\":\"de\"}]}<\/script>\n<!-- \/ Yoast SEO plugin. -->","yoast_head_json":{"title":"Critical Plus \u3010 Trikoma Seeds \u3011Feminisiert \u2713","description":"Critical Plus ist ein beliebter Spitzenhanfsamen unter den Z\u00fcchtern. Mit einem THC-Gehalt von 20% und einer beeindruckenden Produktionskapazit\u00e4t von bis zu 1000-1500 g\/m\u00b2 ist der Erfolg garantiert.","robots":{"index":"index","follow":"follow","max-snippet":"max-snippet:-1","max-image-preview":"max-image-preview:large","max-video-preview":"max-video-preview:-1"},"canonical":"https:\/\/www.trikomaseeds.com\/de\/samen\/critical-plus\/","og_locale":"de_DE","og_type":"article","og_title":"Critical Plus \u3010 Trikoma Seeds \u3011Feminisiert \u2713","og_description":"Critical Plus ist ein beliebter Spitzenhanfsamen unter den Z\u00fcchtern. Mit einem THC-Gehalt von 20% und einer beeindruckenden Produktionskapazit\u00e4t von bis zu 1000-1500 g\/m\u00b2 ist der Erfolg garantiert.","og_url":"https:\/\/www.trikomaseeds.com\/de\/samen\/critical-plus\/","og_site_name":"Trikoma Seeds","article_modified_time":"2024-06-21T09:36:37+00:00","og_image":[{"width":800,"height":800,"url":"https:\/\/www.trikomaseeds.com\/wp-content\/uploads\/2019\/09\/CriticalPlus_Trikoma_seeds_72-800x800.jpg","type":"image\/jpeg"}],"twitter_card":"summary_large_image","twitter_misc":{"Gesch\u00e4tzte Lesezeit":"3\u00a0Minuten"},"schema":{"@context":"https:\/\/schema.org","@graph":[{"@type":"WebPage","@id":"https:\/\/www.trikomaseeds.com\/de\/samen\/critical-plus\/","url":"https:\/\/www.trikomaseeds.com\/de\/samen\/critical-plus\/","name":"Critical Plus \u3010 Trikoma Seeds \u3011Feminisiert \u2713","isPartOf":{"@id":"https:\/\/www.trikomaseeds.com\/de\/#website"},"primaryImageOfPage":{"@id":"https:\/\/www.trikomaseeds.com\/de\/samen\/critical-plus\/#primaryimage"},"image":{"@id":"https:\/\/www.trikomaseeds.com\/de\/samen\/critical-plus\/#primaryimage"},"thumbnailUrl":"https:\/\/www.trikomaseeds.com\/wp-content\/uploads\/2019\/09\/CriticalPlus_Trikoma_seeds_72-800x800.jpg","datePublished":"2019-09-24T12:18:12+00:00","dateModified":"2024-06-21T09:36:37+00:00","description":"Critical Plus ist ein beliebter Spitzenhanfsamen unter den Z\u00fcchtern. Mit einem THC-Gehalt von 20% und einer beeindruckenden Produktionskapazit\u00e4t von bis zu 1000-1500 g\/m\u00b2 ist der Erfolg garantiert.","breadcrumb":{"@id":"https:\/\/www.trikomaseeds.com\/de\/samen\/critical-plus\/#breadcrumb"},"inLanguage":"de","potentialAction":[{"@type":"ReadAction","target":["https:\/\/www.trikomaseeds.com\/de\/samen\/critical-plus\/"]}]},{"@type":"ImageObject","inLanguage":"de","@id":"https:\/\/www.trikomaseeds.com\/de\/samen\/critical-plus\/#primaryimage","url":"https:\/\/www.trikomaseeds.com\/wp-content\/uploads\/2019\/09\/CriticalPlus_Trikoma_seeds_72-800x800.jpg","contentUrl":"https:\/\/www.trikomaseeds.com\/wp-content\/uploads\/2019\/09\/CriticalPlus_Trikoma_seeds_72-800x800.jpg","width":800,"height":800},{"@type":"BreadcrumbList","@id":"https:\/\/www.trikomaseeds.com\/de\/samen\/critical-plus\/#breadcrumb","itemListElement":[{"@type":"ListItem","position":1,"name":"Portada","item":"https:\/\/www.trikomaseeds.com\/de\/"},{"@type":"ListItem","position":2,"name":"Shop","item":"https:\/\/www.trikomaseeds.com\/de\/shop-3\/"},{"@type":"ListItem","position":3,"name":"Critical Plus"}]},{"@type":"WebSite","@id":"https:\/\/www.trikomaseeds.com\/de\/#website","url":"https:\/\/www.trikomaseeds.com\/de\/","name":"Trikoma Seeds","description":"Semillas de Marihuana Auto, Feminizadas y medicinales","potentialAction":[{"@type":"SearchAction","target":{"@type":"EntryPoint","urlTemplate":"https:\/\/www.trikomaseeds.com\/de\/?s={search_term_string}"},"query-input":{"@type":"PropertyValueSpecification","valueRequired":true,"valueName":"search_term_string"}}],"inLanguage":"de"}]}},"_links":{"self":[{"href":"https:\/\/www.trikomaseeds.com\/de\/wp-json\/wp\/v2\/product\/1027","targetHints":{"allow":["GET"]}}],"collection":[{"href":"https:\/\/www.trikomaseeds.com\/de\/wp-json\/wp\/v2\/product"}],"about":[{"href":"https:\/\/www.trikomaseeds.com\/de\/wp-json\/wp\/v2\/types\/product"}],"replies":[{"embeddable":true,"href":"https:\/\/www.trikomaseeds.com\/de\/wp-json\/wp\/v2\/comments?post=1027"}],"wp:featuredmedia":[{"embeddable":true,"href":"https:\/\/www.trikomaseeds.com\/de\/wp-json\/wp\/v2\/media\/601"}],"wp:attachment":[{"href":"https:\/\/www.trikomaseeds.com\/de\/wp-json\/wp\/v2\/media?parent=1027"}],"wp:term":[{"taxonomy":"product_cat","embeddable":true,"href":"https:\/\/www.trikomaseeds.com\/de\/wp-json\/wp\/v2\/product_cat?post=1027"},{"taxonomy":"product_tag","embeddable":true,"href":"https:\/\/www.trikomaseeds.com\/de\/wp-json\/wp\/v2\/product_tag?post=1027"}],"curies":[{"name":"wp","href":"https:\/\/api.w.org\/{rel}","templated":true}]}}