{"id":1006,"date":"2019-09-24T14:16:02","date_gmt":"2019-09-24T12:16:02","guid":{"rendered":"http:\/\/www.trikomaseeds.com\/semillas\/boca-negra\/"},"modified":"2019-12-04T09:22:04","modified_gmt":"2019-12-04T08:22:04","slug":"boca-negra","status":"publish","type":"product","link":"https:\/\/www.trikomaseeds.com\/de\/samen\/boca-negra\/","title":{"rendered":"Boca Negra"},"content":{"rendered":"<h3 class=\"dotted_title uppercase\">EIGENSCHAFTEN<\/h3>\n<ul class=\"check\">\n<li>Genetisch: Yumbolt x Amnesia Haze<\/li>\n<li>Genotype: Sativa 75% -\/\/- Indica 25%<\/li>\n<li>Ertrag Indoor: 550 g\/m<sup>2<\/sup>\u00a0(Mit 600W Licht)<\/li>\n<li>Ertrag Outdoor: 1 &#8211; 1,5 Kg.\/Pflanze<\/li>\n<li>Bl\u00fctezeit Indoor: 85 tage<\/li>\n<li>Bl\u00fctezeit Outdoor: 4\/4 September<\/li>\n<li>Bl\u00fctezeit Lateinamerika: 4\/4 April<\/li>\n<\/ul>\n","protected":false},"excerpt":{"rendered":"<p align=\"justify\">Anfang 2000 schlug eine heute fast vergessene Sorte mit voller Kraft ein: Yumbolt. F\u00fcr viele eine Indica, ist sie f\u00fcr uns eine Sativa. Diese starke Pflanze w\u00e4chst schnell, hat eine Bl\u00fctezeit von 85 Tagen und einen zitronigen Geschmack. Sie erreicht eine beeindruckende Gr\u00f6\u00dfe und produziert feine, lange Buds. Diese Sorte bringt frischen Wind auf den aktuellen Markt.<\/p>\n<p><strong>THC:\u00a0<span class=\"destacado\">20%<\/span><\/strong><\/p>\n","protected":false},"featured_media":594,"comment_status":"open","ping_status":"closed","template":"","meta":[],"product_cat":[99],"product_tag":[362],"class_list":{"0":"post-1006","1":"product","2":"type-product","3":"status-publish","4":"has-post-thumbnail","6":"product_cat-feminisiert","7":"product_tag-feminisiert-de","9":"first","10":"instock","11":"shipping-taxable","12":"purchasable","13":"product-type-variable","14":"has-default-attributes"},"yoast_head":"<!-- This site is optimized with the Yoast SEO plugin v25.6 - https:\/\/yoast.com\/wordpress\/plugins\/seo\/ -->\n<title>Boca Negra: Trikoma Seeds Marihuana-Samen<\/title>\n<meta name=\"description\" content=\"Boca Negra: Trikoma Seeds Marihuana-Samen. Kultiviere feminisierte, Autoflowering- oder CBD-Pflanzen zum besten Preis. Diskreter und sicherer Versand in Ihr Land.\" \/>\n<meta name=\"robots\" content=\"index, follow, max-snippet:-1, max-image-preview:large, max-video-preview:-1\" \/>\n<link rel=\"canonical\" href=\"https:\/\/www.trikomaseeds.com\/de\/samen\/boca-negra\/\" \/>\n<meta property=\"og:locale\" content=\"de_DE\" \/>\n<meta property=\"og:type\" content=\"article\" \/>\n<meta property=\"og:title\" content=\"Boca Negra: Trikoma Seeds Marihuana-Samen\" \/>\n<meta property=\"og:description\" content=\"Boca Negra: Trikoma Seeds Marihuana-Samen. Kultiviere feminisierte, Autoflowering- oder CBD-Pflanzen zum besten Preis. Diskreter und sicherer Versand in Ihr Land.\" \/>\n<meta property=\"og:url\" content=\"https:\/\/www.trikomaseeds.com\/de\/samen\/boca-negra\/\" \/>\n<meta property=\"og:site_name\" content=\"Trikoma Seeds\" \/>\n<meta property=\"article:modified_time\" content=\"2019-12-04T08:22:04+00:00\" \/>\n<meta property=\"og:image\" content=\"https:\/\/www.trikomaseeds.com\/wp-content\/uploads\/2019\/09\/bocanegra_-800x800-1.jpg\" \/>\n\t<meta property=\"og:image:width\" content=\"800\" \/>\n\t<meta property=\"og:image:height\" content=\"800\" \/>\n\t<meta property=\"og:image:type\" content=\"image\/jpeg\" \/>\n<meta name=\"twitter:card\" content=\"summary_large_image\" \/>\n<script type=\"application\/ld+json\" class=\"yoast-schema-graph\">{\"@context\":\"https:\/\/schema.org\",\"@graph\":[{\"@type\":\"WebPage\",\"@id\":\"https:\/\/www.trikomaseeds.com\/de\/samen\/boca-negra\/\",\"url\":\"https:\/\/www.trikomaseeds.com\/de\/samen\/boca-negra\/\",\"name\":\"Boca Negra: Trikoma Seeds Marihuana-Samen\",\"isPartOf\":{\"@id\":\"https:\/\/www.trikomaseeds.com\/de\/#website\"},\"primaryImageOfPage\":{\"@id\":\"https:\/\/www.trikomaseeds.com\/de\/samen\/boca-negra\/#primaryimage\"},\"image\":{\"@id\":\"https:\/\/www.trikomaseeds.com\/de\/samen\/boca-negra\/#primaryimage\"},\"thumbnailUrl\":\"https:\/\/www.trikomaseeds.com\/wp-content\/uploads\/2019\/09\/bocanegra_-800x800-1.jpg\",\"datePublished\":\"2019-09-24T12:16:02+00:00\",\"dateModified\":\"2019-12-04T08:22:04+00:00\",\"description\":\"Boca Negra: Trikoma Seeds Marihuana-Samen. Kultiviere feminisierte, Autoflowering- oder CBD-Pflanzen zum besten Preis. Diskreter und sicherer Versand in Ihr Land.\",\"breadcrumb\":{\"@id\":\"https:\/\/www.trikomaseeds.com\/de\/samen\/boca-negra\/#breadcrumb\"},\"inLanguage\":\"de\",\"potentialAction\":[{\"@type\":\"ReadAction\",\"target\":[\"https:\/\/www.trikomaseeds.com\/de\/samen\/boca-negra\/\"]}]},{\"@type\":\"ImageObject\",\"inLanguage\":\"de\",\"@id\":\"https:\/\/www.trikomaseeds.com\/de\/samen\/boca-negra\/#primaryimage\",\"url\":\"https:\/\/www.trikomaseeds.com\/wp-content\/uploads\/2019\/09\/bocanegra_-800x800-1.jpg\",\"contentUrl\":\"https:\/\/www.trikomaseeds.com\/wp-content\/uploads\/2019\/09\/bocanegra_-800x800-1.jpg\",\"width\":800,\"height\":800},{\"@type\":\"BreadcrumbList\",\"@id\":\"https:\/\/www.trikomaseeds.com\/de\/samen\/boca-negra\/#breadcrumb\",\"itemListElement\":[{\"@type\":\"ListItem\",\"position\":1,\"name\":\"Portada\",\"item\":\"https:\/\/www.trikomaseeds.com\/de\/\"},{\"@type\":\"ListItem\",\"position\":2,\"name\":\"Shop\",\"item\":\"https:\/\/www.trikomaseeds.com\/de\/shop-3\/\"},{\"@type\":\"ListItem\",\"position\":3,\"name\":\"Boca Negra\"}]},{\"@type\":\"WebSite\",\"@id\":\"https:\/\/www.trikomaseeds.com\/de\/#website\",\"url\":\"https:\/\/www.trikomaseeds.com\/de\/\",\"name\":\"Trikoma Seeds\",\"description\":\"Semillas de Marihuana Auto, Feminizadas y medicinales\",\"potentialAction\":[{\"@type\":\"SearchAction\",\"target\":{\"@type\":\"EntryPoint\",\"urlTemplate\":\"https:\/\/www.trikomaseeds.com\/de\/?s={search_term_string}\"},\"query-input\":{\"@type\":\"PropertyValueSpecification\",\"valueRequired\":true,\"valueName\":\"search_term_string\"}}],\"inLanguage\":\"de\"}]}<\/script>\n<!-- \/ Yoast SEO plugin. -->","yoast_head_json":{"title":"Boca Negra: Trikoma Seeds Marihuana-Samen","description":"Boca Negra: Trikoma Seeds Marihuana-Samen. Kultiviere feminisierte, Autoflowering- oder CBD-Pflanzen zum besten Preis. Diskreter und sicherer Versand in Ihr Land.","robots":{"index":"index","follow":"follow","max-snippet":"max-snippet:-1","max-image-preview":"max-image-preview:large","max-video-preview":"max-video-preview:-1"},"canonical":"https:\/\/www.trikomaseeds.com\/de\/samen\/boca-negra\/","og_locale":"de_DE","og_type":"article","og_title":"Boca Negra: Trikoma Seeds Marihuana-Samen","og_description":"Boca Negra: Trikoma Seeds Marihuana-Samen. Kultiviere feminisierte, Autoflowering- oder CBD-Pflanzen zum besten Preis. Diskreter und sicherer Versand in Ihr Land.","og_url":"https:\/\/www.trikomaseeds.com\/de\/samen\/boca-negra\/","og_site_name":"Trikoma Seeds","article_modified_time":"2019-12-04T08:22:04+00:00","og_image":[{"width":800,"height":800,"url":"https:\/\/www.trikomaseeds.com\/wp-content\/uploads\/2019\/09\/bocanegra_-800x800-1.jpg","type":"image\/jpeg"}],"twitter_card":"summary_large_image","schema":{"@context":"https:\/\/schema.org","@graph":[{"@type":"WebPage","@id":"https:\/\/www.trikomaseeds.com\/de\/samen\/boca-negra\/","url":"https:\/\/www.trikomaseeds.com\/de\/samen\/boca-negra\/","name":"Boca Negra: Trikoma Seeds Marihuana-Samen","isPartOf":{"@id":"https:\/\/www.trikomaseeds.com\/de\/#website"},"primaryImageOfPage":{"@id":"https:\/\/www.trikomaseeds.com\/de\/samen\/boca-negra\/#primaryimage"},"image":{"@id":"https:\/\/www.trikomaseeds.com\/de\/samen\/boca-negra\/#primaryimage"},"thumbnailUrl":"https:\/\/www.trikomaseeds.com\/wp-content\/uploads\/2019\/09\/bocanegra_-800x800-1.jpg","datePublished":"2019-09-24T12:16:02+00:00","dateModified":"2019-12-04T08:22:04+00:00","description":"Boca Negra: Trikoma Seeds Marihuana-Samen. Kultiviere feminisierte, Autoflowering- oder CBD-Pflanzen zum besten Preis. Diskreter und sicherer Versand in Ihr Land.","breadcrumb":{"@id":"https:\/\/www.trikomaseeds.com\/de\/samen\/boca-negra\/#breadcrumb"},"inLanguage":"de","potentialAction":[{"@type":"ReadAction","target":["https:\/\/www.trikomaseeds.com\/de\/samen\/boca-negra\/"]}]},{"@type":"ImageObject","inLanguage":"de","@id":"https:\/\/www.trikomaseeds.com\/de\/samen\/boca-negra\/#primaryimage","url":"https:\/\/www.trikomaseeds.com\/wp-content\/uploads\/2019\/09\/bocanegra_-800x800-1.jpg","contentUrl":"https:\/\/www.trikomaseeds.com\/wp-content\/uploads\/2019\/09\/bocanegra_-800x800-1.jpg","width":800,"height":800},{"@type":"BreadcrumbList","@id":"https:\/\/www.trikomaseeds.com\/de\/samen\/boca-negra\/#breadcrumb","itemListElement":[{"@type":"ListItem","position":1,"name":"Portada","item":"https:\/\/www.trikomaseeds.com\/de\/"},{"@type":"ListItem","position":2,"name":"Shop","item":"https:\/\/www.trikomaseeds.com\/de\/shop-3\/"},{"@type":"ListItem","position":3,"name":"Boca Negra"}]},{"@type":"WebSite","@id":"https:\/\/www.trikomaseeds.com\/de\/#website","url":"https:\/\/www.trikomaseeds.com\/de\/","name":"Trikoma Seeds","description":"Semillas de Marihuana Auto, Feminizadas y medicinales","potentialAction":[{"@type":"SearchAction","target":{"@type":"EntryPoint","urlTemplate":"https:\/\/www.trikomaseeds.com\/de\/?s={search_term_string}"},"query-input":{"@type":"PropertyValueSpecification","valueRequired":true,"valueName":"search_term_string"}}],"inLanguage":"de"}]}},"_links":{"self":[{"href":"https:\/\/www.trikomaseeds.com\/de\/wp-json\/wp\/v2\/product\/1006","targetHints":{"allow":["GET"]}}],"collection":[{"href":"https:\/\/www.trikomaseeds.com\/de\/wp-json\/wp\/v2\/product"}],"about":[{"href":"https:\/\/www.trikomaseeds.com\/de\/wp-json\/wp\/v2\/types\/product"}],"replies":[{"embeddable":true,"href":"https:\/\/www.trikomaseeds.com\/de\/wp-json\/wp\/v2\/comments?post=1006"}],"wp:featuredmedia":[{"embeddable":true,"href":"https:\/\/www.trikomaseeds.com\/de\/wp-json\/wp\/v2\/media\/594"}],"wp:attachment":[{"href":"https:\/\/www.trikomaseeds.com\/de\/wp-json\/wp\/v2\/media?parent=1006"}],"wp:term":[{"taxonomy":"product_cat","embeddable":true,"href":"https:\/\/www.trikomaseeds.com\/de\/wp-json\/wp\/v2\/product_cat?post=1006"},{"taxonomy":"product_tag","embeddable":true,"href":"https:\/\/www.trikomaseeds.com\/de\/wp-json\/wp\/v2\/product_tag?post=1006"}],"curies":[{"name":"wp","href":"https:\/\/api.w.org\/{rel}","templated":true}]}}