{"id":1806,"date":"2019-09-24T15:38:04","date_gmt":"2019-09-24T13:38:04","guid":{"rendered":"http:\/\/www.trikomaseeds.com\/devolucion-de-productos\/"},"modified":"2020-01-07T13:32:09","modified_gmt":"2020-01-07T12:32:09","slug":"retouren","status":"publish","type":"page","link":"https:\/\/www.trikomaseeds.com\/de\/retouren\/","title":{"rendered":"Retouren"},"content":{"rendered":"<div class=\"fusion-fullwidth fullwidth-box fusion-builder-row-1 fusion-flex-container nonhundred-percent-fullwidth non-hundred-percent-height-scrolling\" style=\"--awb-border-radius-top-left:0px;--awb-border-radius-top-right:0px;--awb-border-radius-bottom-right:0px;--awb-border-radius-bottom-left:0px;--awb-flex-wrap:wrap;\" ><div class=\"fusion-builder-row fusion-row fusion-flex-align-items-flex-start fusion-flex-content-wrap\" style=\"max-width:calc( 1300px + 0px );margin-left: calc(-0px \/ 2 );margin-right: calc(-0px \/ 2 );\"><div class=\"fusion-layout-column fusion_builder_column fusion-builder-column-0 fusion_builder_column_1_1 1_1 fusion-flex-column\" style=\"--awb-bg-size:cover;--awb-width-large:100%;--awb-margin-top-large:0px;--awb-spacing-right-large:0px;--awb-margin-bottom-large:20px;--awb-spacing-left-large:0px;--awb-width-medium:100%;--awb-spacing-right-medium:0px;--awb-spacing-left-medium:0px;--awb-width-small:100%;--awb-spacing-right-small:0px;--awb-spacing-left-small:0px;\"><div class=\"fusion-column-wrapper fusion-column-has-shadow fusion-flex-justify-content-flex-start fusion-content-layout-column\"><div class=\"fusion-text fusion-text-1\"><p>Wenn Sie ein Problem mit einem Produkt haben, das nicht von unserem technischen Support oder Vertriebspersonal behoben wurde, k\u00f6nnen Sie das Produkt innerhalb der in unseren Allgemeinen Gesch\u00e4ftsbedingungen festgelegten Frist zur\u00fccksenden.<\/p>\n<p>Das erste, was Sie tun m\u00fcssen, ist, das Trikoma Seeds-Team \u00fcber die E-Mail info@trikomaseeds.com zu kontaktieren und das zur\u00fcckzusendende Produkt und die Gr\u00fcnde f\u00fcr die R\u00fccksendung anzugeben. Wir werden innerhalb von 3 Werktagen mit dem antworten Anweisungen zur Formalisierung der R\u00fccksendung.<\/p>\n<p>Die Produkte m\u00fcssen in der Originalverpackung oder einer gleichwertigen Verpackung zur\u00fcckgesandt werden. Anfragen f\u00fcr Produkte, die aufgrund unzureichender Verpackung besch\u00e4digt eintreffen, werden nicht beantwortet.<\/p>\n<\/div><\/div><\/div><\/div><\/div>\n","protected":false},"excerpt":{"rendered":"","protected":false},"author":1,"featured_media":0,"parent":0,"menu_order":0,"comment_status":"closed","ping_status":"closed","template":"","meta":{"footnotes":""},"class_list":["post-1806","page","type-page","status-publish","hentry"],"yoast_head":"<!-- This site is optimized with the Yoast SEO plugin v25.6 - https:\/\/yoast.com\/wordpress\/plugins\/seo\/ -->\n<title>Retouren - Trikoma Seeds<\/title>\n<meta name=\"description\" content=\"R\u00fcckgaberecht der Samenbank Trikoma Seeds. Alles, was Sie wissen m\u00fcssen, um Ihre R\u00fcckkehr zu erleichtern.\" \/>\n<meta name=\"robots\" content=\"noindex, follow\" \/>\n<meta property=\"og:locale\" content=\"de_DE\" \/>\n<meta property=\"og:type\" content=\"article\" \/>\n<meta property=\"og:title\" content=\"Retouren - Trikoma Seeds\" \/>\n<meta property=\"og:description\" content=\"R\u00fcckgaberecht der Samenbank Trikoma Seeds. Alles, was Sie wissen m\u00fcssen, um Ihre R\u00fcckkehr zu erleichtern.\" \/>\n<meta property=\"og:url\" content=\"https:\/\/www.trikomaseeds.com\/de\/retouren\/\" \/>\n<meta property=\"og:site_name\" content=\"Trikoma Seeds\" \/>\n<meta property=\"article:modified_time\" content=\"2020-01-07T12:32:09+00:00\" \/>\n<meta name=\"twitter:card\" content=\"summary_large_image\" \/>\n<meta name=\"twitter:label1\" content=\"Gesch\u00e4tzte Lesezeit\" \/>\n\t<meta name=\"twitter:data1\" content=\"2\u00a0Minuten\" \/>\n<script type=\"application\/ld+json\" class=\"yoast-schema-graph\">{\"@context\":\"https:\/\/schema.org\",\"@graph\":[{\"@type\":\"WebPage\",\"@id\":\"https:\/\/www.trikomaseeds.com\/de\/retouren\/\",\"url\":\"https:\/\/www.trikomaseeds.com\/de\/retouren\/\",\"name\":\"Retouren - Trikoma Seeds\",\"isPartOf\":{\"@id\":\"https:\/\/www.trikomaseeds.com\/de\/#website\"},\"datePublished\":\"2019-09-24T13:38:04+00:00\",\"dateModified\":\"2020-01-07T12:32:09+00:00\",\"description\":\"R\u00fcckgaberecht der Samenbank Trikoma Seeds. Alles, was Sie wissen m\u00fcssen, um Ihre R\u00fcckkehr zu erleichtern.\",\"breadcrumb\":{\"@id\":\"https:\/\/www.trikomaseeds.com\/de\/retouren\/#breadcrumb\"},\"inLanguage\":\"de\",\"potentialAction\":[{\"@type\":\"ReadAction\",\"target\":[\"https:\/\/www.trikomaseeds.com\/de\/retouren\/\"]}]},{\"@type\":\"BreadcrumbList\",\"@id\":\"https:\/\/www.trikomaseeds.com\/de\/retouren\/#breadcrumb\",\"itemListElement\":[{\"@type\":\"ListItem\",\"position\":1,\"name\":\"Portada\",\"item\":\"https:\/\/www.trikomaseeds.com\/de\/\"},{\"@type\":\"ListItem\",\"position\":2,\"name\":\"Retouren\"}]},{\"@type\":\"WebSite\",\"@id\":\"https:\/\/www.trikomaseeds.com\/de\/#website\",\"url\":\"https:\/\/www.trikomaseeds.com\/de\/\",\"name\":\"Trikoma Seeds\",\"description\":\"Semillas de Marihuana Auto, Feminizadas y medicinales\",\"potentialAction\":[{\"@type\":\"SearchAction\",\"target\":{\"@type\":\"EntryPoint\",\"urlTemplate\":\"https:\/\/www.trikomaseeds.com\/de\/?s={search_term_string}\"},\"query-input\":{\"@type\":\"PropertyValueSpecification\",\"valueRequired\":true,\"valueName\":\"search_term_string\"}}],\"inLanguage\":\"de\"}]}<\/script>\n<!-- \/ Yoast SEO plugin. -->","yoast_head_json":{"title":"Retouren - Trikoma Seeds","description":"R\u00fcckgaberecht der Samenbank Trikoma Seeds. Alles, was Sie wissen m\u00fcssen, um Ihre R\u00fcckkehr zu erleichtern.","robots":{"index":"noindex","follow":"follow"},"og_locale":"de_DE","og_type":"article","og_title":"Retouren - Trikoma Seeds","og_description":"R\u00fcckgaberecht der Samenbank Trikoma Seeds. Alles, was Sie wissen m\u00fcssen, um Ihre R\u00fcckkehr zu erleichtern.","og_url":"https:\/\/www.trikomaseeds.com\/de\/retouren\/","og_site_name":"Trikoma Seeds","article_modified_time":"2020-01-07T12:32:09+00:00","twitter_card":"summary_large_image","twitter_misc":{"Gesch\u00e4tzte Lesezeit":"2\u00a0Minuten"},"schema":{"@context":"https:\/\/schema.org","@graph":[{"@type":"WebPage","@id":"https:\/\/www.trikomaseeds.com\/de\/retouren\/","url":"https:\/\/www.trikomaseeds.com\/de\/retouren\/","name":"Retouren - Trikoma Seeds","isPartOf":{"@id":"https:\/\/www.trikomaseeds.com\/de\/#website"},"datePublished":"2019-09-24T13:38:04+00:00","dateModified":"2020-01-07T12:32:09+00:00","description":"R\u00fcckgaberecht der Samenbank Trikoma Seeds. Alles, was Sie wissen m\u00fcssen, um Ihre R\u00fcckkehr zu erleichtern.","breadcrumb":{"@id":"https:\/\/www.trikomaseeds.com\/de\/retouren\/#breadcrumb"},"inLanguage":"de","potentialAction":[{"@type":"ReadAction","target":["https:\/\/www.trikomaseeds.com\/de\/retouren\/"]}]},{"@type":"BreadcrumbList","@id":"https:\/\/www.trikomaseeds.com\/de\/retouren\/#breadcrumb","itemListElement":[{"@type":"ListItem","position":1,"name":"Portada","item":"https:\/\/www.trikomaseeds.com\/de\/"},{"@type":"ListItem","position":2,"name":"Retouren"}]},{"@type":"WebSite","@id":"https:\/\/www.trikomaseeds.com\/de\/#website","url":"https:\/\/www.trikomaseeds.com\/de\/","name":"Trikoma Seeds","description":"Semillas de Marihuana Auto, Feminizadas y medicinales","potentialAction":[{"@type":"SearchAction","target":{"@type":"EntryPoint","urlTemplate":"https:\/\/www.trikomaseeds.com\/de\/?s={search_term_string}"},"query-input":{"@type":"PropertyValueSpecification","valueRequired":true,"valueName":"search_term_string"}}],"inLanguage":"de"}]}},"_links":{"self":[{"href":"https:\/\/www.trikomaseeds.com\/de\/wp-json\/wp\/v2\/pages\/1806","targetHints":{"allow":["GET"]}}],"collection":[{"href":"https:\/\/www.trikomaseeds.com\/de\/wp-json\/wp\/v2\/pages"}],"about":[{"href":"https:\/\/www.trikomaseeds.com\/de\/wp-json\/wp\/v2\/types\/page"}],"author":[{"embeddable":true,"href":"https:\/\/www.trikomaseeds.com\/de\/wp-json\/wp\/v2\/users\/1"}],"replies":[{"embeddable":true,"href":"https:\/\/www.trikomaseeds.com\/de\/wp-json\/wp\/v2\/comments?post=1806"}],"version-history":[{"count":0,"href":"https:\/\/www.trikomaseeds.com\/de\/wp-json\/wp\/v2\/pages\/1806\/revisions"}],"wp:attachment":[{"href":"https:\/\/www.trikomaseeds.com\/de\/wp-json\/wp\/v2\/media?parent=1806"}],"curies":[{"name":"wp","href":"https:\/\/api.w.org\/{rel}","templated":true}]}}