{"id":1754,"date":"2019-10-29T13:29:43","date_gmt":"2019-10-29T12:29:43","guid":{"rendered":"http:\/\/www.trikomaseeds.com\/?page_id=1754"},"modified":"2020-01-24T15:12:04","modified_gmt":"2020-01-24T14:12:04","slug":"richtlinien-den-warenversand","status":"publish","type":"page","link":"https:\/\/www.trikomaseeds.com\/de\/richtlinien-den-warenversand\/","title":{"rendered":"Richtlinien f\u00fcr den Warenversand"},"content":{"rendered":"<div class=\"fusion-fullwidth fullwidth-box fusion-builder-row-1 fusion-flex-container nonhundred-percent-fullwidth non-hundred-percent-height-scrolling\" style=\"--awb-border-radius-top-left:0px;--awb-border-radius-top-right:0px;--awb-border-radius-bottom-right:0px;--awb-border-radius-bottom-left:0px;--awb-flex-wrap:wrap;\" ><div class=\"fusion-builder-row fusion-row fusion-flex-align-items-flex-start fusion-flex-content-wrap\" style=\"max-width:calc( 1300px + 0px );margin-left: calc(-0px \/ 2 );margin-right: calc(-0px \/ 2 );\"><div class=\"fusion-layout-column fusion_builder_column fusion-builder-column-0 fusion_builder_column_1_1 1_1 fusion-flex-column\" style=\"--awb-bg-size:cover;--awb-width-large:100%;--awb-margin-top-large:0px;--awb-spacing-right-large:0px;--awb-margin-bottom-large:20px;--awb-spacing-left-large:0px;--awb-width-medium:100%;--awb-spacing-right-medium:0px;--awb-spacing-left-medium:0px;--awb-width-small:100%;--awb-spacing-right-small:0px;--awb-spacing-left-small:0px;\"><div class=\"fusion-column-wrapper fusion-column-has-shadow fusion-flex-justify-content-flex-start fusion-content-layout-column\"><div class=\"fusion-text fusion-text-1\"><h3>Maximale Diskretion<\/h3>\n<p>Bei TRIKOMA SEEDS sind wir um den Schutz Ihrer Privatsph\u00e4re besorgt. So garantieren wir h\u00f6chste Diskretion bei unseren Paketen und Sendungen. In keinem Fall zeigen unsere Verpackungen den Charakter ihres Inhalts.<\/p>\n<p>Wir versenden nicht nach Argentinien, T\u00fcrkei und USA.<\/p>\n<p><strong>Versandart:<\/strong> Der Versand erfolgt \u00fcber die offizielle Post als Einschreiben. Bestellungen werden am n\u00e4chsten Werktag, an dem die Bestellung aufgegeben wird, bearbeitet und versandt. Der Einschreibenbrief kann nur an die Person mit dem in den Empfangsdaten der Sendung angegebenen Namen und der entsprechenden Identifikation zugestellt werden.<br \/>\nAus rechtlichen Gr\u00fcnden in verschiedenen L\u00e4ndern, die nicht Mitglied der Europ\u00e4ischen Union sind, k\u00f6nnen wir nur die offizielle Post nutzen. Die Pakete k\u00f6nnen auch auf der Website der offiziellen Post\u00e4mter in den einzelnen L\u00e4ndern verfolgt werden.<br \/>\n<strong>Der Versand innerhalb Spaniens kann 3 bis 5 Tage dauern, in L\u00e4ndern der Europ\u00e4ischen Union 2 bis 3 Wochen oder mehr und in Nicht-EU-L\u00e4nder mehr als 3 Wochen.<\/strong><br \/>\n(Wir k\u00f6nnen keine Lieferzeiten garantieren, da sie von Post\u00e4mtern abh\u00e4ngig sind).<br \/>\nF\u00fcr Lateinamerika betr\u00e4gt die Lieferzeit 3 bis 5 Wochen oder mehr.<br \/>\nDas Produkt wird in einem braunen Umschlag mit Blase versandt, aus Gr\u00fcnden der Sicherheit, des Schutzes und der Diskretion.<\/p>\n<p><strong>Achten Sie darauf, dass Sie uns die vollst\u00e4ndige, klare und korrekte Lieferadresse mitteilen, damit wir die Ankunft der Sendung garantieren k\u00f6nnen. Wir \u00fcbernehmen keine Verantwortung f\u00fcr verlorene Bestellungen aufgrund falscher Daten.<\/strong><\/p>\n<p>Sobald Sie Ihre Bestellung aufgegeben haben, erhalten Sie in Ihrer Mail jeden Status Ihrer Bestellung w\u00e4hrend des Versandprozesses, also geben Sie uns Ihre Kontaktdaten, Versandinformationen und Ihre E-Mail-Adresse. Die erste Post, die Sie nach Zahlungseingang erhalten, wird &#8222;Abgeschlossen&#8220; sein, dann, wenn Ihre Bestellung f\u00fcr den Versand vorbereitet wird, erhalten Sie eine weitere Post mit dem Status &#8222;Verarbeitung&#8220; und schlie\u00dflich, wenn Ihre Bestellung gesendet wird, erhalten Sie eine E-Mail mit dem Status &#8222;Gesendet&#8220; und in dieser E-Mail erhalten Sie die Trackingnummer sowie einen Link zur Post in Spanien, um die Sendung zu verfolgen, sowohl bei Bestellungen aus Spanien als auch aus anderen L\u00e4ndern.<\/p>\n<p>VERSANDKOSTEN<\/p>\n<p>Wenn der Betrag der verarbeiteten Bestellung 100\u20ac \u00fcbersteigt und ihr Gewicht 3kg nicht \u00fcbersteigt, profitiert der Kunde vom Angebot &#8222;FREI VERSAND&#8220;, wobei die Versandkosten von TRIKOMA SEEDS \u00fcbernommen werden. Bei Bestellungen unter 100\u20ac betragen die Versandkosten je nach Land zwischen 5\u20ac und 10\u20ac.<\/p>\n<p>Nur f\u00fcr die L\u00e4nder der Europ\u00e4ischen Union haben wir die M\u00f6glichkeit von Expresssendungen, die maximal 3 Werktage dauern k\u00f6nnen. Die Preise sind wie folgt:<br \/>\nBulgarien, Polen, Slowakische Republik, Rum\u00e4nien: 50\u20ac.<br \/>\nWeitere L\u00e4nder der Europ\u00e4ischen Union: 30 \u20ac.<\/p>\n<p>F\u00fcr L\u00e4nder au\u00dferhalb Europas verwenden wir nur offizielle Post aus Spanien.<\/p>\n<div id=\"gtx-trans\" style=\"position: absolute; left: 632px; top: 471.438px;\">\n<div class=\"gtx-trans-icon\"><\/div>\n<\/div>\n<\/div><\/div><\/div><\/div><\/div>\n","protected":false},"excerpt":{"rendered":"","protected":false},"author":1,"featured_media":0,"parent":0,"menu_order":0,"comment_status":"closed","ping_status":"closed","template":"","meta":{"footnotes":""},"class_list":["post-1754","page","type-page","status-publish","hentry"],"yoast_head":"<!-- This site is optimized with the Yoast SEO plugin v25.6 - https:\/\/yoast.com\/wordpress\/plugins\/seo\/ -->\n<title>Richtlinien f\u00fcr den Warenversand - Trikoma Seeds<\/title>\n<meta name=\"robots\" content=\"noindex, follow\" \/>\n<meta property=\"og:locale\" content=\"de_DE\" \/>\n<meta property=\"og:type\" content=\"article\" \/>\n<meta property=\"og:title\" content=\"Richtlinien f\u00fcr den Warenversand - Trikoma Seeds\" \/>\n<meta property=\"og:url\" content=\"https:\/\/www.trikomaseeds.com\/de\/richtlinien-den-warenversand\/\" \/>\n<meta property=\"og:site_name\" content=\"Trikoma Seeds\" \/>\n<meta property=\"article:modified_time\" content=\"2020-01-24T14:12:04+00:00\" \/>\n<meta name=\"twitter:card\" content=\"summary_large_image\" \/>\n<meta name=\"twitter:label1\" content=\"Gesch\u00e4tzte Lesezeit\" \/>\n\t<meta name=\"twitter:data1\" content=\"4\u00a0Minuten\" \/>\n<script type=\"application\/ld+json\" class=\"yoast-schema-graph\">{\"@context\":\"https:\/\/schema.org\",\"@graph\":[{\"@type\":\"WebPage\",\"@id\":\"https:\/\/www.trikomaseeds.com\/de\/richtlinien-den-warenversand\/\",\"url\":\"https:\/\/www.trikomaseeds.com\/de\/richtlinien-den-warenversand\/\",\"name\":\"Richtlinien f\u00fcr den Warenversand - Trikoma Seeds\",\"isPartOf\":{\"@id\":\"https:\/\/www.trikomaseeds.com\/de\/#website\"},\"datePublished\":\"2019-10-29T12:29:43+00:00\",\"dateModified\":\"2020-01-24T14:12:04+00:00\",\"breadcrumb\":{\"@id\":\"https:\/\/www.trikomaseeds.com\/de\/richtlinien-den-warenversand\/#breadcrumb\"},\"inLanguage\":\"de\",\"potentialAction\":[{\"@type\":\"ReadAction\",\"target\":[\"https:\/\/www.trikomaseeds.com\/de\/richtlinien-den-warenversand\/\"]}]},{\"@type\":\"BreadcrumbList\",\"@id\":\"https:\/\/www.trikomaseeds.com\/de\/richtlinien-den-warenversand\/#breadcrumb\",\"itemListElement\":[{\"@type\":\"ListItem\",\"position\":1,\"name\":\"Portada\",\"item\":\"https:\/\/www.trikomaseeds.com\/de\/\"},{\"@type\":\"ListItem\",\"position\":2,\"name\":\"Richtlinien f\u00fcr den Warenversand\"}]},{\"@type\":\"WebSite\",\"@id\":\"https:\/\/www.trikomaseeds.com\/de\/#website\",\"url\":\"https:\/\/www.trikomaseeds.com\/de\/\",\"name\":\"Trikoma Seeds\",\"description\":\"Semillas de Marihuana Auto, Feminizadas y medicinales\",\"potentialAction\":[{\"@type\":\"SearchAction\",\"target\":{\"@type\":\"EntryPoint\",\"urlTemplate\":\"https:\/\/www.trikomaseeds.com\/de\/?s={search_term_string}\"},\"query-input\":{\"@type\":\"PropertyValueSpecification\",\"valueRequired\":true,\"valueName\":\"search_term_string\"}}],\"inLanguage\":\"de\"}]}<\/script>\n<!-- \/ Yoast SEO plugin. -->","yoast_head_json":{"title":"Richtlinien f\u00fcr den Warenversand - Trikoma Seeds","robots":{"index":"noindex","follow":"follow"},"og_locale":"de_DE","og_type":"article","og_title":"Richtlinien f\u00fcr den Warenversand - Trikoma Seeds","og_url":"https:\/\/www.trikomaseeds.com\/de\/richtlinien-den-warenversand\/","og_site_name":"Trikoma Seeds","article_modified_time":"2020-01-24T14:12:04+00:00","twitter_card":"summary_large_image","twitter_misc":{"Gesch\u00e4tzte Lesezeit":"4\u00a0Minuten"},"schema":{"@context":"https:\/\/schema.org","@graph":[{"@type":"WebPage","@id":"https:\/\/www.trikomaseeds.com\/de\/richtlinien-den-warenversand\/","url":"https:\/\/www.trikomaseeds.com\/de\/richtlinien-den-warenversand\/","name":"Richtlinien f\u00fcr den Warenversand - Trikoma Seeds","isPartOf":{"@id":"https:\/\/www.trikomaseeds.com\/de\/#website"},"datePublished":"2019-10-29T12:29:43+00:00","dateModified":"2020-01-24T14:12:04+00:00","breadcrumb":{"@id":"https:\/\/www.trikomaseeds.com\/de\/richtlinien-den-warenversand\/#breadcrumb"},"inLanguage":"de","potentialAction":[{"@type":"ReadAction","target":["https:\/\/www.trikomaseeds.com\/de\/richtlinien-den-warenversand\/"]}]},{"@type":"BreadcrumbList","@id":"https:\/\/www.trikomaseeds.com\/de\/richtlinien-den-warenversand\/#breadcrumb","itemListElement":[{"@type":"ListItem","position":1,"name":"Portada","item":"https:\/\/www.trikomaseeds.com\/de\/"},{"@type":"ListItem","position":2,"name":"Richtlinien f\u00fcr den Warenversand"}]},{"@type":"WebSite","@id":"https:\/\/www.trikomaseeds.com\/de\/#website","url":"https:\/\/www.trikomaseeds.com\/de\/","name":"Trikoma Seeds","description":"Semillas de Marihuana Auto, Feminizadas y medicinales","potentialAction":[{"@type":"SearchAction","target":{"@type":"EntryPoint","urlTemplate":"https:\/\/www.trikomaseeds.com\/de\/?s={search_term_string}"},"query-input":{"@type":"PropertyValueSpecification","valueRequired":true,"valueName":"search_term_string"}}],"inLanguage":"de"}]}},"_links":{"self":[{"href":"https:\/\/www.trikomaseeds.com\/de\/wp-json\/wp\/v2\/pages\/1754","targetHints":{"allow":["GET"]}}],"collection":[{"href":"https:\/\/www.trikomaseeds.com\/de\/wp-json\/wp\/v2\/pages"}],"about":[{"href":"https:\/\/www.trikomaseeds.com\/de\/wp-json\/wp\/v2\/types\/page"}],"author":[{"embeddable":true,"href":"https:\/\/www.trikomaseeds.com\/de\/wp-json\/wp\/v2\/users\/1"}],"replies":[{"embeddable":true,"href":"https:\/\/www.trikomaseeds.com\/de\/wp-json\/wp\/v2\/comments?post=1754"}],"version-history":[{"count":0,"href":"https:\/\/www.trikomaseeds.com\/de\/wp-json\/wp\/v2\/pages\/1754\/revisions"}],"wp:attachment":[{"href":"https:\/\/www.trikomaseeds.com\/de\/wp-json\/wp\/v2\/media?parent=1754"}],"curies":[{"name":"wp","href":"https:\/\/api.w.org\/{rel}","templated":true}]}}